{"id":91,"date":"2026-02-20T11:33:32","date_gmt":"2026-02-20T03:33:32","guid":{"rendered":"https:\/\/emeraldhoianriverside.ms2.decms.asia\/facilities-services\/"},"modified":"2026-04-19T21:35:04","modified_gmt":"2026-04-19T13:35:04","slug":"facilities-services","status":"publish","type":"page","link":"https:\/\/emeraldhoianriverside.com\/vi\/facilities-services\/","title":{"rendered":"Ti\u1ec7n \u00edch v\u00e0 D\u1ecbch v\u1ee5"},"content":{"rendered":"<section class=\"text-token-text-primary w-full focus:outline-none [--shadow-height:45px] has-data-writing-block:pointer-events-none has-data-writing-block:-mt-(--shadow-height) has-data-writing-block:pt-(--shadow-height) [&amp;:has([data-writing-block])&gt;*]:pointer-events-auto scroll-mt-(--header-height)\" dir=\"auto\" data-turn-id=\"5017c339-ba08-4586-a6cf-e81e0115f379\" data-testid=\"conversation-turn-145\" data-scroll-anchor=\"false\" data-turn=\"user\"><\/section>\n<section class=\"text-token-text-primary w-full focus:outline-none [--shadow-height:45px] has-data-writing-block:pointer-events-none has-data-writing-block:-mt-(--shadow-height) has-data-writing-block:pt-(--shadow-height) [&amp;:has([data-writing-block])&gt;*]:pointer-events-auto scroll-mt-[calc(var(--header-height)+min(200px,max(70px,20svh)))]\" dir=\"auto\" data-turn-id=\"request-WEB:0489a850-c6bb-4385-9183-36f7ed40239c-72\" data-testid=\"conversation-turn-146\" data-scroll-anchor=\"true\" data-turn=\"assistant\">\n<div class=\"text-base my-auto mx-auto pb-10 [--thread-content-margin:var(--thread-content-margin-xs,calc(var(--spacing)*4))] @w-sm\/main:[--thread-content-margin:var(--thread-content-margin-sm,calc(var(--spacing)*6))] @w-lg\/main:[--thread-content-margin:var(--thread-content-margin-lg,calc(var(--spacing)*16))] px-(--thread-content-margin)\">\n<div class=\"[--thread-content-max-width:40rem] @w-lg\/main:[--thread-content-max-width:48rem] mx-auto max-w-(--thread-content-max-width) flex-1 group\/turn-messages focus-visible:outline-hidden relative flex w-full min-w-0 flex-col agent-turn\">\n<div class=\"flex max-w-full flex-col gap-4 grow\">\n<div class=\"min-h-8 text-message relative flex w-full flex-col items-end gap-2 text-start break-words whitespace-normal outline-none keyboard-focused:focus-ring [.text-message+&amp;]:mt-1\" dir=\"auto\" data-message-author-role=\"assistant\" data-message-id=\"27428aaf-5da2-4472-a2d1-4edb18e8b273\" data-message-model-slug=\"gpt-5-3\" data-turn-start-message=\"true\">\n<div class=\"flex w-full flex-col gap-1 empty:hidden\">\n<div class=\"markdown prose dark:prose-invert w-full wrap-break-word light markdown-new-styling\">\n<p data-start=\"0\" data-end=\"429\" data-is-last-node=\"\" data-is-only-node=\"\">T\u1ea1i Emerald Hoi An Riverside Resort, c\u00e1c ti\u1ec7n \u00edch v\u00e0 d\u1ecbch v\u1ee5 \u0111\u01b0\u1ee3c ch\u0103m ch\u00fat \u0111\u1ec3 mang \u0111\u1ebfn m\u1ed9t k\u1ef3 ngh\u1ec9 tr\u1ecdn v\u1eb9n v\u00e0 c\u00e2n b\u1eb1ng. H\u1ed3 b\u01a1i ngo\u00e0i tr\u1eddi gi\u1eefa kh\u00f4ng gian xanh m\u00e1t l\u00e0 n\u01a1i l\u00fd t\u01b0\u1edfng \u0111\u1ec3 th\u01b0 gi\u00e3n, trong khi xe \u0111\u1ea1p mi\u1ec5n ph\u00ed, ph\u00f2ng gym v\u00e0 l\u1edbp h\u1ecdc n\u1ea5u \u0103n mang \u0111\u1ebfn nh\u1eefng tr\u1ea3i nghi\u1ec7m n\u0103ng \u0111\u1ed9ng v\u00e0 g\u1ea7n g\u0169i v\u1edbi nh\u1ecbp s\u1ed1ng \u0111\u1ecba ph\u01b0\u01a1ng. B\u00ean c\u1ea1nh \u0111\u00f3, d\u1ecbch v\u1ee5 di chuy\u1ec3n linh ho\u1ea1t gi\u00fap h\u00e0nh tr\u00ecnh kh\u00e1m ph\u00e1 H\u1ed9i An tr\u1edf n\u00ean d\u1ec5 d\u00e0ng v\u00e0 tho\u1ea3i m\u00e1i h\u01a1n.<\/p>\n<\/div>\n<\/div>\n<\/div>\n<\/div>\n<\/div>\n<\/div>\n<\/section>\n","protected":false},"excerpt":{"rendered":"<p>T\u1ea1i Emerald Hoi An Riverside Resort, c\u00e1c ti\u1ec7n \u00edch v\u00e0 d\u1ecbch v\u1ee5 \u0111\u01b0\u1ee3c ch\u0103m ch\u00fat \u0111\u1ec3 mang \u0111\u1ebfn m\u1ed9t k\u1ef3 ngh\u1ec9 tr\u1ecdn v\u1eb9n v\u00e0 c\u00e2n b\u1eb1ng. H\u1ed3 b\u01a1i ngo\u00e0i tr\u1eddi gi\u1eefa kh\u00f4ng gian xanh m\u00e1t l\u00e0 n\u01a1i l\u00fd t\u01b0\u1edfng \u0111\u1ec3 th\u01b0 gi\u00e3n, trong khi xe \u0111\u1ea1p mi\u1ec5n ph\u00ed, ph\u00f2ng gym v\u00e0 l\u1edbp h\u1ecdc n\u1ea5u \u0103n [&hellip;]<\/p>\n","protected":false},"author":90,"featured_media":0,"parent":0,"menu_order":0,"comment_status":"closed","ping_status":"closed","template":"template-services.php","meta":{"footnotes":""},"yoast_head":"<!-- This site is optimized with the Yoast SEO plugin v22.3 - https:\/\/yoast.com\/wordpress\/plugins\/seo\/ -->\n<title>Ti\u1ec7n \u00edch v\u00e0 D\u1ecbch v\u1ee5 - Emerald Hoi An Riverside Resort<\/title>\n<meta name=\"robots\" content=\"index, follow, max-snippet:-1, max-image-preview:large, max-video-preview:-1\" \/>\n<link rel=\"canonical\" href=\"https:\/\/emeraldhoianriverside.com\/vi\/facilities-services\/\" \/>\n<meta property=\"og:locale\" content=\"vi_VN\" \/>\n<meta property=\"og:type\" content=\"article\" \/>\n<meta property=\"og:title\" content=\"Ti\u1ec7n \u00edch v\u00e0 D\u1ecbch v\u1ee5 - Emerald Hoi An Riverside Resort\" \/>\n<meta property=\"og:description\" content=\"T\u1ea1i Emerald Hoi An Riverside Resort, c\u00e1c ti\u1ec7n \u00edch v\u00e0 d\u1ecbch v\u1ee5 \u0111\u01b0\u1ee3c ch\u0103m ch\u00fat \u0111\u1ec3 mang \u0111\u1ebfn m\u1ed9t k\u1ef3 ngh\u1ec9 tr\u1ecdn v\u1eb9n v\u00e0 c\u00e2n b\u1eb1ng. H\u1ed3 b\u01a1i ngo\u00e0i tr\u1eddi gi\u1eefa kh\u00f4ng gian xanh m\u00e1t l\u00e0 n\u01a1i l\u00fd t\u01b0\u1edfng \u0111\u1ec3 th\u01b0 gi\u00e3n, trong khi xe \u0111\u1ea1p mi\u1ec5n ph\u00ed, ph\u00f2ng gym v\u00e0 l\u1edbp h\u1ecdc n\u1ea5u \u0103n [&hellip;]\" \/>\n<meta property=\"og:url\" content=\"https:\/\/emeraldhoianriverside.com\/vi\/facilities-services\/\" \/>\n<meta property=\"og:site_name\" content=\"Emerald Hoi An Riverside Resort\" \/>\n<meta property=\"article:modified_time\" content=\"2026-04-19T13:35:04+00:00\" \/>\n<meta name=\"twitter:card\" content=\"summary_large_image\" \/>\n<meta name=\"twitter:label1\" content=\"Est. reading time\" \/>\n\t<meta name=\"twitter:data1\" content=\"1 minute\" \/>\n<script type=\"application\/ld+json\" class=\"yoast-schema-graph\">{\"@context\":\"https:\/\/schema.org\",\"@graph\":[{\"@type\":\"WebPage\",\"@id\":\"https:\/\/emeraldhoianriverside.com\/vi\/facilities-services\/\",\"url\":\"https:\/\/emeraldhoianriverside.com\/vi\/facilities-services\/\",\"name\":\"Ti\u1ec7n \u00edch v\u00e0 D\u1ecbch v\u1ee5 - Emerald Hoi An Riverside Resort\",\"isPartOf\":{\"@id\":\"https:\/\/emeraldhoianriverside.com\/vi\/#website\"},\"datePublished\":\"2026-02-20T03:33:32+00:00\",\"dateModified\":\"2026-04-19T13:35:04+00:00\",\"breadcrumb\":{\"@id\":\"https:\/\/emeraldhoianriverside.com\/vi\/facilities-services\/#breadcrumb\"},\"inLanguage\":\"vi-VN\",\"potentialAction\":[{\"@type\":\"ReadAction\",\"target\":[\"https:\/\/emeraldhoianriverside.com\/vi\/facilities-services\/\"]}]},{\"@type\":\"BreadcrumbList\",\"@id\":\"https:\/\/emeraldhoianriverside.com\/vi\/facilities-services\/#breadcrumb\",\"itemListElement\":[{\"@type\":\"ListItem\",\"position\":1,\"name\":\"Home\",\"item\":\"https:\/\/emeraldhoianriverside.com\/vi\/\"},{\"@type\":\"ListItem\",\"position\":2,\"name\":\"Ti\u1ec7n \u00edch v\u00e0 D\u1ecbch v\u1ee5\"}]},{\"@type\":\"WebSite\",\"@id\":\"https:\/\/emeraldhoianriverside.com\/vi\/#website\",\"url\":\"https:\/\/emeraldhoianriverside.com\/vi\/\",\"name\":\"Emerald Hoi An Riverside Resort\",\"description\":\"\",\"potentialAction\":[{\"@type\":\"SearchAction\",\"target\":{\"@type\":\"EntryPoint\",\"urlTemplate\":\"https:\/\/emeraldhoianriverside.com\/vi\/?s={search_term_string}\"},\"query-input\":\"required name=search_term_string\"}],\"inLanguage\":\"vi-VN\"}]}<\/script>\n<!-- \/ Yoast SEO plugin. -->","yoast_head_json":{"title":"Ti\u1ec7n \u00edch v\u00e0 D\u1ecbch v\u1ee5 - Emerald Hoi An Riverside Resort","robots":{"index":"index","follow":"follow","max-snippet":"max-snippet:-1","max-image-preview":"max-image-preview:large","max-video-preview":"max-video-preview:-1"},"canonical":"https:\/\/emeraldhoianriverside.com\/vi\/facilities-services\/","og_locale":"vi_VN","og_type":"article","og_title":"Ti\u1ec7n \u00edch v\u00e0 D\u1ecbch v\u1ee5 - Emerald Hoi An Riverside Resort","og_description":"T\u1ea1i Emerald Hoi An Riverside Resort, c\u00e1c ti\u1ec7n \u00edch v\u00e0 d\u1ecbch v\u1ee5 \u0111\u01b0\u1ee3c ch\u0103m ch\u00fat \u0111\u1ec3 mang \u0111\u1ebfn m\u1ed9t k\u1ef3 ngh\u1ec9 tr\u1ecdn v\u1eb9n v\u00e0 c\u00e2n b\u1eb1ng. H\u1ed3 b\u01a1i ngo\u00e0i tr\u1eddi gi\u1eefa kh\u00f4ng gian xanh m\u00e1t l\u00e0 n\u01a1i l\u00fd t\u01b0\u1edfng \u0111\u1ec3 th\u01b0 gi\u00e3n, trong khi xe \u0111\u1ea1p mi\u1ec5n ph\u00ed, ph\u00f2ng gym v\u00e0 l\u1edbp h\u1ecdc n\u1ea5u \u0103n [&hellip;]","og_url":"https:\/\/emeraldhoianriverside.com\/vi\/facilities-services\/","og_site_name":"Emerald Hoi An Riverside Resort","article_modified_time":"2026-04-19T13:35:04+00:00","twitter_card":"summary_large_image","twitter_misc":{"Est. reading time":"1 minute"},"schema":{"@context":"https:\/\/schema.org","@graph":[{"@type":"WebPage","@id":"https:\/\/emeraldhoianriverside.com\/vi\/facilities-services\/","url":"https:\/\/emeraldhoianriverside.com\/vi\/facilities-services\/","name":"Ti\u1ec7n \u00edch v\u00e0 D\u1ecbch v\u1ee5 - Emerald Hoi An Riverside Resort","isPartOf":{"@id":"https:\/\/emeraldhoianriverside.com\/vi\/#website"},"datePublished":"2026-02-20T03:33:32+00:00","dateModified":"2026-04-19T13:35:04+00:00","breadcrumb":{"@id":"https:\/\/emeraldhoianriverside.com\/vi\/facilities-services\/#breadcrumb"},"inLanguage":"vi-VN","potentialAction":[{"@type":"ReadAction","target":["https:\/\/emeraldhoianriverside.com\/vi\/facilities-services\/"]}]},{"@type":"BreadcrumbList","@id":"https:\/\/emeraldhoianriverside.com\/vi\/facilities-services\/#breadcrumb","itemListElement":[{"@type":"ListItem","position":1,"name":"Home","item":"https:\/\/emeraldhoianriverside.com\/vi\/"},{"@type":"ListItem","position":2,"name":"Ti\u1ec7n \u00edch v\u00e0 D\u1ecbch v\u1ee5"}]},{"@type":"WebSite","@id":"https:\/\/emeraldhoianriverside.com\/vi\/#website","url":"https:\/\/emeraldhoianriverside.com\/vi\/","name":"Emerald Hoi An Riverside Resort","description":"","potentialAction":[{"@type":"SearchAction","target":{"@type":"EntryPoint","urlTemplate":"https:\/\/emeraldhoianriverside.com\/vi\/?s={search_term_string}"},"query-input":"required name=search_term_string"}],"inLanguage":"vi-VN"}]}},"acf":[],"_links":{"self":[{"href":"https:\/\/emeraldhoianriverside.com\/vi\/wp-json\/wp\/v2\/pages\/91"}],"collection":[{"href":"https:\/\/emeraldhoianriverside.com\/vi\/wp-json\/wp\/v2\/pages"}],"about":[{"href":"https:\/\/emeraldhoianriverside.com\/vi\/wp-json\/wp\/v2\/types\/page"}],"author":[{"embeddable":true,"href":"https:\/\/emeraldhoianriverside.com\/vi\/wp-json\/wp\/v2\/users\/90"}],"replies":[{"embeddable":true,"href":"https:\/\/emeraldhoianriverside.com\/vi\/wp-json\/wp\/v2\/comments?post=91"}],"version-history":[{"count":0,"href":"https:\/\/emeraldhoianriverside.com\/vi\/wp-json\/wp\/v2\/pages\/91\/revisions"}],"wp:attachment":[{"href":"https:\/\/emeraldhoianriverside.com\/vi\/wp-json\/wp\/v2\/media?parent=91"}],"curies":[{"name":"wp","href":"https:\/\/api.w.org\/{rel}","templated":true}]}}