{"id":89,"date":"2026-02-20T11:31:53","date_gmt":"2026-02-20T03:31:53","guid":{"rendered":"https:\/\/emeraldhoianriverside.ms2.decms.asia\/?page_id=89"},"modified":"2026-04-11T11:04:10","modified_gmt":"2026-04-11T03:04:10","slug":"romantic-dinner","status":"publish","type":"page","link":"https:\/\/emeraldhoianriverside.com\/vi\/enjoy-our-newest-perks-and-offers\/romantic-dinner\/","title":{"rendered":"B\u1eeeA T\u1ed0I L\u00c3NG M\u1ea0N"},"content":{"rendered":"<p><strong>\u01afu \u0111\u00e3i bao g\u1ed3m:<\/strong><br \/>\nSet menu 04 m\u00f3n<br \/>\nB\u00e0n \u0103n ri\u00eang t\u01b0, \u1ea5m c\u00fang \u0111\u01b0\u1ee3c trang tr\u00ed v\u1edbi n\u1ebfn v\u00e0 hoa<\/p>\n<p><strong>\u0110i\u1ec1u kho\u1ea3n &amp; \u0111i\u1ec1u ki\u1ec7n:<\/strong><br \/>\nTh\u1eddi gian \u00e1p d\u1ee5ng: \u0110\u1ebfn h\u1ebft 20\/12\/2026<br \/>\n\u00c1p d\u1ee5ng khi \u0111\u1eb7t b\u00e0n t\u1ed1i thi\u1ec3u 2 ng\u01b0\u1eddi<br \/>\nM\u1ee9c gi\u00e1 \u0111\u00e3 bao g\u1ed3m VAT v\u00e0 ph\u00ed d\u1ecbch v\u1ee5<\/p>\n","protected":false},"excerpt":{"rendered":"<p>\u01afu \u0111\u00e3i bao g\u1ed3m: Set menu 04 m\u00f3n B\u00e0n \u0103n ri\u00eang t\u01b0, \u1ea5m c\u00fang \u0111\u01b0\u1ee3c trang tr\u00ed v\u1edbi n\u1ebfn v\u00e0 hoa \u0110i\u1ec1u kho\u1ea3n &amp; \u0111i\u1ec1u ki\u1ec7n: Th\u1eddi gian \u00e1p d\u1ee5ng: \u0110\u1ebfn h\u1ebft 20\/12\/2026 \u00c1p d\u1ee5ng khi \u0111\u1eb7t b\u00e0n t\u1ed1i thi\u1ec3u 2 ng\u01b0\u1eddi M\u1ee9c gi\u00e1 \u0111\u00e3 bao g\u1ed3m VAT v\u00e0 ph\u00ed d\u1ecbch v\u1ee5<\/p>\n","protected":false},"author":90,"featured_media":289,"parent":85,"menu_order":1,"comment_status":"closed","ping_status":"closed","template":"template-single-offer.php","meta":{"footnotes":""},"yoast_head":"<!-- This site is optimized with the Yoast SEO plugin v22.3 - https:\/\/yoast.com\/wordpress\/plugins\/seo\/ -->\n<title>B\u1eeeA T\u1ed0I L\u00c3NG M\u1ea0N - Emerald Hoi An Riverside Resort<\/title>\n<meta name=\"robots\" content=\"index, follow, max-snippet:-1, max-image-preview:large, max-video-preview:-1\" \/>\n<link rel=\"canonical\" href=\"https:\/\/emeraldhoianriverside.com\/vi\/enjoy-our-newest-perks-and-offers\/romantic-dinner\/\" \/>\n<meta property=\"og:locale\" content=\"vi_VN\" \/>\n<meta property=\"og:type\" content=\"article\" \/>\n<meta property=\"og:title\" content=\"B\u1eeeA T\u1ed0I L\u00c3NG M\u1ea0N - Emerald Hoi An Riverside Resort\" \/>\n<meta property=\"og:description\" content=\"\u01afu \u0111\u00e3i bao g\u1ed3m: Set menu 04 m\u00f3n B\u00e0n \u0103n ri\u00eang t\u01b0, \u1ea5m c\u00fang \u0111\u01b0\u1ee3c trang tr\u00ed v\u1edbi n\u1ebfn v\u00e0 hoa \u0110i\u1ec1u kho\u1ea3n &amp; \u0111i\u1ec1u ki\u1ec7n: Th\u1eddi gian \u00e1p d\u1ee5ng: \u0110\u1ebfn h\u1ebft 20\/12\/2026 \u00c1p d\u1ee5ng khi \u0111\u1eb7t b\u00e0n t\u1ed1i thi\u1ec3u 2 ng\u01b0\u1eddi M\u1ee9c gi\u00e1 \u0111\u00e3 bao g\u1ed3m VAT v\u00e0 ph\u00ed d\u1ecbch v\u1ee5\" \/>\n<meta property=\"og:url\" content=\"https:\/\/emeraldhoianriverside.com\/vi\/enjoy-our-newest-perks-and-offers\/romantic-dinner\/\" \/>\n<meta property=\"og:site_name\" content=\"Emerald Hoi An Riverside Resort\" \/>\n<meta property=\"article:modified_time\" content=\"2026-04-11T03:04:10+00:00\" \/>\n<meta property=\"og:image\" content=\"https:\/\/emeraldhoianriverside.com\/wp-content\/uploads\/sites\/161\/2026\/04\/DHP9506.jpg\" \/>\n\t<meta property=\"og:image:width\" content=\"2200\" \/>\n\t<meta property=\"og:image:height\" content=\"1467\" \/>\n\t<meta property=\"og:image:type\" content=\"image\/jpeg\" \/>\n<meta name=\"twitter:card\" content=\"summary_large_image\" \/>\n<meta name=\"twitter:label1\" content=\"Est. reading time\" \/>\n\t<meta name=\"twitter:data1\" content=\"1 minute\" \/>\n<script type=\"application\/ld+json\" class=\"yoast-schema-graph\">{\"@context\":\"https:\/\/schema.org\",\"@graph\":[{\"@type\":\"WebPage\",\"@id\":\"https:\/\/emeraldhoianriverside.com\/vi\/enjoy-our-newest-perks-and-offers\/romantic-dinner\/\",\"url\":\"https:\/\/emeraldhoianriverside.com\/vi\/enjoy-our-newest-perks-and-offers\/romantic-dinner\/\",\"name\":\"B\u1eeeA T\u1ed0I L\u00c3NG M\u1ea0N - Emerald Hoi An Riverside Resort\",\"isPartOf\":{\"@id\":\"https:\/\/emeraldhoianriverside.com\/vi\/#website\"},\"primaryImageOfPage\":{\"@id\":\"https:\/\/emeraldhoianriverside.com\/vi\/enjoy-our-newest-perks-and-offers\/romantic-dinner\/#primaryimage\"},\"image\":{\"@id\":\"https:\/\/emeraldhoianriverside.com\/vi\/enjoy-our-newest-perks-and-offers\/romantic-dinner\/#primaryimage\"},\"thumbnailUrl\":\"https:\/\/emeraldhoianriverside.com\/wp-content\/uploads\/sites\/161\/2026\/04\/DHP9506.jpg\",\"datePublished\":\"2026-02-20T03:31:53+00:00\",\"dateModified\":\"2026-04-11T03:04:10+00:00\",\"breadcrumb\":{\"@id\":\"https:\/\/emeraldhoianriverside.com\/vi\/enjoy-our-newest-perks-and-offers\/romantic-dinner\/#breadcrumb\"},\"inLanguage\":\"vi-VN\",\"potentialAction\":[{\"@type\":\"ReadAction\",\"target\":[\"https:\/\/emeraldhoianriverside.com\/vi\/enjoy-our-newest-perks-and-offers\/romantic-dinner\/\"]}]},{\"@type\":\"ImageObject\",\"inLanguage\":\"vi-VN\",\"@id\":\"https:\/\/emeraldhoianriverside.com\/vi\/enjoy-our-newest-perks-and-offers\/romantic-dinner\/#primaryimage\",\"url\":\"https:\/\/emeraldhoianriverside.com\/wp-content\/uploads\/sites\/161\/2026\/04\/DHP9506.jpg\",\"contentUrl\":\"https:\/\/emeraldhoianriverside.com\/wp-content\/uploads\/sites\/161\/2026\/04\/DHP9506.jpg\",\"width\":2200,\"height\":1467},{\"@type\":\"BreadcrumbList\",\"@id\":\"https:\/\/emeraldhoianriverside.com\/vi\/enjoy-our-newest-perks-and-offers\/romantic-dinner\/#breadcrumb\",\"itemListElement\":[{\"@type\":\"ListItem\",\"position\":1,\"name\":\"Home\",\"item\":\"https:\/\/emeraldhoianriverside.com\/vi\/\"},{\"@type\":\"ListItem\",\"position\":2,\"name\":\"\u0110\u00f3n nh\u1eadn c\u00e1c \u01b0u \u0111\u00e3i m\u1edbi nh\u1ea5t d\u00e0nh cho b\u1ea1n\",\"item\":\"https:\/\/emeraldhoianriverside.com\/vi\/enjoy-our-newest-perks-and-offers\/\"},{\"@type\":\"ListItem\",\"position\":3,\"name\":\"B\u1eeeA T\u1ed0I L\u00c3NG M\u1ea0N\"}]},{\"@type\":\"WebSite\",\"@id\":\"https:\/\/emeraldhoianriverside.com\/vi\/#website\",\"url\":\"https:\/\/emeraldhoianriverside.com\/vi\/\",\"name\":\"Emerald Hoi An Riverside Resort\",\"description\":\"\",\"potentialAction\":[{\"@type\":\"SearchAction\",\"target\":{\"@type\":\"EntryPoint\",\"urlTemplate\":\"https:\/\/emeraldhoianriverside.com\/vi\/?s={search_term_string}\"},\"query-input\":\"required name=search_term_string\"}],\"inLanguage\":\"vi-VN\"}]}<\/script>\n<!-- \/ Yoast SEO plugin. -->","yoast_head_json":{"title":"B\u1eeeA T\u1ed0I L\u00c3NG M\u1ea0N - Emerald Hoi An Riverside Resort","robots":{"index":"index","follow":"follow","max-snippet":"max-snippet:-1","max-image-preview":"max-image-preview:large","max-video-preview":"max-video-preview:-1"},"canonical":"https:\/\/emeraldhoianriverside.com\/vi\/enjoy-our-newest-perks-and-offers\/romantic-dinner\/","og_locale":"vi_VN","og_type":"article","og_title":"B\u1eeeA T\u1ed0I L\u00c3NG M\u1ea0N - Emerald Hoi An Riverside Resort","og_description":"\u01afu \u0111\u00e3i bao g\u1ed3m: Set menu 04 m\u00f3n B\u00e0n \u0103n ri\u00eang t\u01b0, \u1ea5m c\u00fang \u0111\u01b0\u1ee3c trang tr\u00ed v\u1edbi n\u1ebfn v\u00e0 hoa \u0110i\u1ec1u kho\u1ea3n &amp; \u0111i\u1ec1u ki\u1ec7n: Th\u1eddi gian \u00e1p d\u1ee5ng: \u0110\u1ebfn h\u1ebft 20\/12\/2026 \u00c1p d\u1ee5ng khi \u0111\u1eb7t b\u00e0n t\u1ed1i thi\u1ec3u 2 ng\u01b0\u1eddi M\u1ee9c gi\u00e1 \u0111\u00e3 bao g\u1ed3m VAT v\u00e0 ph\u00ed d\u1ecbch v\u1ee5","og_url":"https:\/\/emeraldhoianriverside.com\/vi\/enjoy-our-newest-perks-and-offers\/romantic-dinner\/","og_site_name":"Emerald Hoi An Riverside Resort","article_modified_time":"2026-04-11T03:04:10+00:00","og_image":[{"width":2200,"height":1467,"url":"https:\/\/emeraldhoianriverside.com\/wp-content\/uploads\/sites\/161\/2026\/04\/DHP9506.jpg","type":"image\/jpeg"}],"twitter_card":"summary_large_image","twitter_misc":{"Est. reading time":"1 minute"},"schema":{"@context":"https:\/\/schema.org","@graph":[{"@type":"WebPage","@id":"https:\/\/emeraldhoianriverside.com\/vi\/enjoy-our-newest-perks-and-offers\/romantic-dinner\/","url":"https:\/\/emeraldhoianriverside.com\/vi\/enjoy-our-newest-perks-and-offers\/romantic-dinner\/","name":"B\u1eeeA T\u1ed0I L\u00c3NG M\u1ea0N - Emerald Hoi An Riverside Resort","isPartOf":{"@id":"https:\/\/emeraldhoianriverside.com\/vi\/#website"},"primaryImageOfPage":{"@id":"https:\/\/emeraldhoianriverside.com\/vi\/enjoy-our-newest-perks-and-offers\/romantic-dinner\/#primaryimage"},"image":{"@id":"https:\/\/emeraldhoianriverside.com\/vi\/enjoy-our-newest-perks-and-offers\/romantic-dinner\/#primaryimage"},"thumbnailUrl":"https:\/\/emeraldhoianriverside.com\/wp-content\/uploads\/sites\/161\/2026\/04\/DHP9506.jpg","datePublished":"2026-02-20T03:31:53+00:00","dateModified":"2026-04-11T03:04:10+00:00","breadcrumb":{"@id":"https:\/\/emeraldhoianriverside.com\/vi\/enjoy-our-newest-perks-and-offers\/romantic-dinner\/#breadcrumb"},"inLanguage":"vi-VN","potentialAction":[{"@type":"ReadAction","target":["https:\/\/emeraldhoianriverside.com\/vi\/enjoy-our-newest-perks-and-offers\/romantic-dinner\/"]}]},{"@type":"ImageObject","inLanguage":"vi-VN","@id":"https:\/\/emeraldhoianriverside.com\/vi\/enjoy-our-newest-perks-and-offers\/romantic-dinner\/#primaryimage","url":"https:\/\/emeraldhoianriverside.com\/wp-content\/uploads\/sites\/161\/2026\/04\/DHP9506.jpg","contentUrl":"https:\/\/emeraldhoianriverside.com\/wp-content\/uploads\/sites\/161\/2026\/04\/DHP9506.jpg","width":2200,"height":1467},{"@type":"BreadcrumbList","@id":"https:\/\/emeraldhoianriverside.com\/vi\/enjoy-our-newest-perks-and-offers\/romantic-dinner\/#breadcrumb","itemListElement":[{"@type":"ListItem","position":1,"name":"Home","item":"https:\/\/emeraldhoianriverside.com\/vi\/"},{"@type":"ListItem","position":2,"name":"\u0110\u00f3n nh\u1eadn c\u00e1c \u01b0u \u0111\u00e3i m\u1edbi nh\u1ea5t d\u00e0nh cho b\u1ea1n","item":"https:\/\/emeraldhoianriverside.com\/vi\/enjoy-our-newest-perks-and-offers\/"},{"@type":"ListItem","position":3,"name":"B\u1eeeA T\u1ed0I L\u00c3NG M\u1ea0N"}]},{"@type":"WebSite","@id":"https:\/\/emeraldhoianriverside.com\/vi\/#website","url":"https:\/\/emeraldhoianriverside.com\/vi\/","name":"Emerald Hoi An Riverside Resort","description":"","potentialAction":[{"@type":"SearchAction","target":{"@type":"EntryPoint","urlTemplate":"https:\/\/emeraldhoianriverside.com\/vi\/?s={search_term_string}"},"query-input":"required name=search_term_string"}],"inLanguage":"vi-VN"}]}},"acf":[],"_links":{"self":[{"href":"https:\/\/emeraldhoianriverside.com\/vi\/wp-json\/wp\/v2\/pages\/89"}],"collection":[{"href":"https:\/\/emeraldhoianriverside.com\/vi\/wp-json\/wp\/v2\/pages"}],"about":[{"href":"https:\/\/emeraldhoianriverside.com\/vi\/wp-json\/wp\/v2\/types\/page"}],"author":[{"embeddable":true,"href":"https:\/\/emeraldhoianriverside.com\/vi\/wp-json\/wp\/v2\/users\/90"}],"replies":[{"embeddable":true,"href":"https:\/\/emeraldhoianriverside.com\/vi\/wp-json\/wp\/v2\/comments?post=89"}],"version-history":[{"count":0,"href":"https:\/\/emeraldhoianriverside.com\/vi\/wp-json\/wp\/v2\/pages\/89\/revisions"}],"up":[{"embeddable":true,"href":"https:\/\/emeraldhoianriverside.com\/vi\/wp-json\/wp\/v2\/pages\/85"}],"wp:featuredmedia":[{"embeddable":true,"href":"https:\/\/emeraldhoianriverside.com\/vi\/wp-json\/wp\/v2\/media\/289"}],"wp:attachment":[{"href":"https:\/\/emeraldhoianriverside.com\/vi\/wp-json\/wp\/v2\/media?parent=89"}],"curies":[{"name":"wp","href":"https:\/\/api.w.org\/{rel}","templated":true}]}}