{"id":87,"date":"2026-02-20T11:29:35","date_gmt":"2026-02-20T03:29:35","guid":{"rendered":"https:\/\/emeraldhoianriverside.ms2.decms.asia\/enjoy-our-newest-perks-and-offers\/stylish-vacation\/"},"modified":"2026-04-14T17:16:58","modified_gmt":"2026-04-14T09:16:58","slug":"stylish-vacation","status":"publish","type":"page","link":"https:\/\/emeraldhoianriverside.com\/vi\/enjoy-our-newest-perks-and-offers\/stylish-vacation\/","title":{"rendered":"K\u1ef2 NGH\u1ec8 PHONG C\u00c1CH"},"content":{"rendered":"<p><strong>\u01afu \u0111\u00e3i bao g\u1ed3m:<\/strong><br \/>\n01 \u0111\u00eam ngh\u0129 d\u01b0\u1ee1ng t\u1ea1i ph\u00f2ng Deluxe Garden<br \/>\n01 set tr\u00e0 chi\u1ec1u phong c\u00e1ch d\u00e0nh cho 02 kh\u00e1ch<\/p>\n<p><strong>\u0110i\u1ec1u ki\u1ec7n &amp; \u0110i\u1ec1u kho\u1ea3n:<\/strong><br \/>\nTh\u1eddi gian \u00e1p d\u1ee5ng: \u0110\u1ebfn h\u1ebft ng\u00e0y 20\/12\/2026<br \/>\n\u00c1p d\u1ee5ng t\u1eeb 02 kh\u00e1ch tr\u1edf l\u00ean<br \/>\nPh\u1ee5 thu 10% v\u00e0o nh\u1eefng ng\u00e0y l\u1ec5<\/p>\n","protected":false},"excerpt":{"rendered":"<p>\u01afu \u0111\u00e3i bao g\u1ed3m: 01 \u0111\u00eam ngh\u0129 d\u01b0\u1ee1ng t\u1ea1i ph\u00f2ng Deluxe Garden 01 set tr\u00e0 chi\u1ec1u phong c\u00e1ch d\u00e0nh cho 02 kh\u00e1ch \u0110i\u1ec1u ki\u1ec7n &amp; \u0110i\u1ec1u kho\u1ea3n: Th\u1eddi gian \u00e1p d\u1ee5ng: \u0110\u1ebfn h\u1ebft ng\u00e0y 20\/12\/2026 \u00c1p d\u1ee5ng t\u1eeb 02 kh\u00e1ch tr\u1edf l\u00ean Ph\u1ee5 thu 10% v\u00e0o nh\u1eefng ng\u00e0y l\u1ec5<\/p>\n","protected":false},"author":90,"featured_media":0,"parent":85,"menu_order":0,"comment_status":"closed","ping_status":"closed","template":"template-single-offer.php","meta":{"footnotes":""},"yoast_head":"<!-- This site is optimized with the Yoast SEO plugin v22.3 - https:\/\/yoast.com\/wordpress\/plugins\/seo\/ -->\n<title>K\u1ef2 NGH\u1ec8 PHONG C\u00c1CH - Emerald Hoi An Riverside Resort<\/title>\n<meta name=\"robots\" content=\"index, follow, max-snippet:-1, max-image-preview:large, max-video-preview:-1\" \/>\n<link rel=\"canonical\" href=\"https:\/\/emeraldhoianriverside.com\/vi\/enjoy-our-newest-perks-and-offers\/stylish-vacation\/\" \/>\n<meta property=\"og:locale\" content=\"vi_VN\" \/>\n<meta property=\"og:type\" content=\"article\" \/>\n<meta property=\"og:title\" content=\"K\u1ef2 NGH\u1ec8 PHONG C\u00c1CH - Emerald Hoi An Riverside Resort\" \/>\n<meta property=\"og:description\" content=\"\u01afu \u0111\u00e3i bao g\u1ed3m: 01 \u0111\u00eam ngh\u0129 d\u01b0\u1ee1ng t\u1ea1i ph\u00f2ng Deluxe Garden 01 set tr\u00e0 chi\u1ec1u phong c\u00e1ch d\u00e0nh cho 02 kh\u00e1ch \u0110i\u1ec1u ki\u1ec7n &amp; \u0110i\u1ec1u kho\u1ea3n: Th\u1eddi gian \u00e1p d\u1ee5ng: \u0110\u1ebfn h\u1ebft ng\u00e0y 20\/12\/2026 \u00c1p d\u1ee5ng t\u1eeb 02 kh\u00e1ch tr\u1edf l\u00ean Ph\u1ee5 thu 10% v\u00e0o nh\u1eefng ng\u00e0y l\u1ec5\" \/>\n<meta property=\"og:url\" content=\"https:\/\/emeraldhoianriverside.com\/vi\/enjoy-our-newest-perks-and-offers\/stylish-vacation\/\" \/>\n<meta property=\"og:site_name\" content=\"Emerald Hoi An Riverside Resort\" \/>\n<meta property=\"article:modified_time\" content=\"2026-04-14T09:16:58+00:00\" \/>\n<meta name=\"twitter:card\" content=\"summary_large_image\" \/>\n<meta name=\"twitter:label1\" content=\"Est. reading time\" \/>\n\t<meta name=\"twitter:data1\" content=\"1 minute\" \/>\n<script type=\"application\/ld+json\" class=\"yoast-schema-graph\">{\"@context\":\"https:\/\/schema.org\",\"@graph\":[{\"@type\":\"WebPage\",\"@id\":\"https:\/\/emeraldhoianriverside.com\/vi\/enjoy-our-newest-perks-and-offers\/stylish-vacation\/\",\"url\":\"https:\/\/emeraldhoianriverside.com\/vi\/enjoy-our-newest-perks-and-offers\/stylish-vacation\/\",\"name\":\"K\u1ef2 NGH\u1ec8 PHONG C\u00c1CH - Emerald Hoi An Riverside Resort\",\"isPartOf\":{\"@id\":\"https:\/\/emeraldhoianriverside.com\/vi\/#website\"},\"datePublished\":\"2026-02-20T03:29:35+00:00\",\"dateModified\":\"2026-04-14T09:16:58+00:00\",\"breadcrumb\":{\"@id\":\"https:\/\/emeraldhoianriverside.com\/vi\/enjoy-our-newest-perks-and-offers\/stylish-vacation\/#breadcrumb\"},\"inLanguage\":\"vi-VN\",\"potentialAction\":[{\"@type\":\"ReadAction\",\"target\":[\"https:\/\/emeraldhoianriverside.com\/vi\/enjoy-our-newest-perks-and-offers\/stylish-vacation\/\"]}]},{\"@type\":\"BreadcrumbList\",\"@id\":\"https:\/\/emeraldhoianriverside.com\/vi\/enjoy-our-newest-perks-and-offers\/stylish-vacation\/#breadcrumb\",\"itemListElement\":[{\"@type\":\"ListItem\",\"position\":1,\"name\":\"Home\",\"item\":\"https:\/\/emeraldhoianriverside.com\/vi\/\"},{\"@type\":\"ListItem\",\"position\":2,\"name\":\"\u0110\u00f3n nh\u1eadn c\u00e1c \u01b0u \u0111\u00e3i m\u1edbi nh\u1ea5t d\u00e0nh cho b\u1ea1n\",\"item\":\"https:\/\/emeraldhoianriverside.com\/vi\/enjoy-our-newest-perks-and-offers\/\"},{\"@type\":\"ListItem\",\"position\":3,\"name\":\"K\u1ef2 NGH\u1ec8 PHONG C\u00c1CH\"}]},{\"@type\":\"WebSite\",\"@id\":\"https:\/\/emeraldhoianriverside.com\/vi\/#website\",\"url\":\"https:\/\/emeraldhoianriverside.com\/vi\/\",\"name\":\"Emerald Hoi An Riverside Resort\",\"description\":\"\",\"potentialAction\":[{\"@type\":\"SearchAction\",\"target\":{\"@type\":\"EntryPoint\",\"urlTemplate\":\"https:\/\/emeraldhoianriverside.com\/vi\/?s={search_term_string}\"},\"query-input\":\"required name=search_term_string\"}],\"inLanguage\":\"vi-VN\"}]}<\/script>\n<!-- \/ Yoast SEO plugin. -->","yoast_head_json":{"title":"K\u1ef2 NGH\u1ec8 PHONG C\u00c1CH - Emerald Hoi An Riverside Resort","robots":{"index":"index","follow":"follow","max-snippet":"max-snippet:-1","max-image-preview":"max-image-preview:large","max-video-preview":"max-video-preview:-1"},"canonical":"https:\/\/emeraldhoianriverside.com\/vi\/enjoy-our-newest-perks-and-offers\/stylish-vacation\/","og_locale":"vi_VN","og_type":"article","og_title":"K\u1ef2 NGH\u1ec8 PHONG C\u00c1CH - Emerald Hoi An Riverside Resort","og_description":"\u01afu \u0111\u00e3i bao g\u1ed3m: 01 \u0111\u00eam ngh\u0129 d\u01b0\u1ee1ng t\u1ea1i ph\u00f2ng Deluxe Garden 01 set tr\u00e0 chi\u1ec1u phong c\u00e1ch d\u00e0nh cho 02 kh\u00e1ch \u0110i\u1ec1u ki\u1ec7n &amp; \u0110i\u1ec1u kho\u1ea3n: Th\u1eddi gian \u00e1p d\u1ee5ng: \u0110\u1ebfn h\u1ebft ng\u00e0y 20\/12\/2026 \u00c1p d\u1ee5ng t\u1eeb 02 kh\u00e1ch tr\u1edf l\u00ean Ph\u1ee5 thu 10% v\u00e0o nh\u1eefng ng\u00e0y l\u1ec5","og_url":"https:\/\/emeraldhoianriverside.com\/vi\/enjoy-our-newest-perks-and-offers\/stylish-vacation\/","og_site_name":"Emerald Hoi An Riverside Resort","article_modified_time":"2026-04-14T09:16:58+00:00","twitter_card":"summary_large_image","twitter_misc":{"Est. reading time":"1 minute"},"schema":{"@context":"https:\/\/schema.org","@graph":[{"@type":"WebPage","@id":"https:\/\/emeraldhoianriverside.com\/vi\/enjoy-our-newest-perks-and-offers\/stylish-vacation\/","url":"https:\/\/emeraldhoianriverside.com\/vi\/enjoy-our-newest-perks-and-offers\/stylish-vacation\/","name":"K\u1ef2 NGH\u1ec8 PHONG C\u00c1CH - Emerald Hoi An Riverside Resort","isPartOf":{"@id":"https:\/\/emeraldhoianriverside.com\/vi\/#website"},"datePublished":"2026-02-20T03:29:35+00:00","dateModified":"2026-04-14T09:16:58+00:00","breadcrumb":{"@id":"https:\/\/emeraldhoianriverside.com\/vi\/enjoy-our-newest-perks-and-offers\/stylish-vacation\/#breadcrumb"},"inLanguage":"vi-VN","potentialAction":[{"@type":"ReadAction","target":["https:\/\/emeraldhoianriverside.com\/vi\/enjoy-our-newest-perks-and-offers\/stylish-vacation\/"]}]},{"@type":"BreadcrumbList","@id":"https:\/\/emeraldhoianriverside.com\/vi\/enjoy-our-newest-perks-and-offers\/stylish-vacation\/#breadcrumb","itemListElement":[{"@type":"ListItem","position":1,"name":"Home","item":"https:\/\/emeraldhoianriverside.com\/vi\/"},{"@type":"ListItem","position":2,"name":"\u0110\u00f3n nh\u1eadn c\u00e1c \u01b0u \u0111\u00e3i m\u1edbi nh\u1ea5t d\u00e0nh cho b\u1ea1n","item":"https:\/\/emeraldhoianriverside.com\/vi\/enjoy-our-newest-perks-and-offers\/"},{"@type":"ListItem","position":3,"name":"K\u1ef2 NGH\u1ec8 PHONG C\u00c1CH"}]},{"@type":"WebSite","@id":"https:\/\/emeraldhoianriverside.com\/vi\/#website","url":"https:\/\/emeraldhoianriverside.com\/vi\/","name":"Emerald Hoi An Riverside Resort","description":"","potentialAction":[{"@type":"SearchAction","target":{"@type":"EntryPoint","urlTemplate":"https:\/\/emeraldhoianriverside.com\/vi\/?s={search_term_string}"},"query-input":"required name=search_term_string"}],"inLanguage":"vi-VN"}]}},"acf":[],"_links":{"self":[{"href":"https:\/\/emeraldhoianriverside.com\/vi\/wp-json\/wp\/v2\/pages\/87"}],"collection":[{"href":"https:\/\/emeraldhoianriverside.com\/vi\/wp-json\/wp\/v2\/pages"}],"about":[{"href":"https:\/\/emeraldhoianriverside.com\/vi\/wp-json\/wp\/v2\/types\/page"}],"author":[{"embeddable":true,"href":"https:\/\/emeraldhoianriverside.com\/vi\/wp-json\/wp\/v2\/users\/90"}],"replies":[{"embeddable":true,"href":"https:\/\/emeraldhoianriverside.com\/vi\/wp-json\/wp\/v2\/comments?post=87"}],"version-history":[{"count":0,"href":"https:\/\/emeraldhoianriverside.com\/vi\/wp-json\/wp\/v2\/pages\/87\/revisions"}],"up":[{"embeddable":true,"href":"https:\/\/emeraldhoianriverside.com\/vi\/wp-json\/wp\/v2\/pages\/85"}],"wp:attachment":[{"href":"https:\/\/emeraldhoianriverside.com\/vi\/wp-json\/wp\/v2\/media?parent=87"}],"curies":[{"name":"wp","href":"https:\/\/api.w.org\/{rel}","templated":true}]}}