{"id":85,"date":"2026-02-20T11:27:34","date_gmt":"2026-02-20T03:27:34","guid":{"rendered":"https:\/\/emeraldhoianriverside.ms2.decms.asia\/enjoy-our-newest-perks-and-offers\/"},"modified":"2026-04-19T18:00:33","modified_gmt":"2026-04-19T10:00:33","slug":"enjoy-our-newest-perks-and-offers","status":"publish","type":"page","link":"https:\/\/emeraldhoianriverside.com\/vi\/enjoy-our-newest-perks-and-offers\/","title":{"rendered":"\u01afu \u0111\u00e3i"},"content":{"rendered":"<p>T\u1ea1i Emerald Hoi An Riverside Resort, kh\u00f4ng gian ngh\u1ec9 d\u01b0\u1ee1ng xanh m\u00e1t m\u1edf ra v\u1edbi nh\u1eefng c\u0103n ph\u00f2ng h\u01b0\u1edbng s\u00f4ng, v\u01b0\u1eddn v\u00e0 h\u1ed3 b\u01a1i, k\u1ebft h\u1ee3p c\u00f9ng tr\u1ea3i nghi\u1ec7m \u1ea9m th\u1ef1c \u0111\u1ea7y l\u00e3ng m\u1ea1n. Kh\u00e1m ph\u00e1 c\u00e1c \u01b0u \u0111\u00e3i \u0111\u01b0\u1ee3c thi\u1ebft k\u1ebf tinh t\u1ebf, mang \u0111\u1ebfn cho b\u1ea1n m\u1ed9t k\u1ef3 ngh\u1ec9 nh\u1eb9 nh\u00e0ng v\u00e0 tr\u1ecdn v\u1eb9n h\u01a1n.<\/p>\n","protected":false},"excerpt":{"rendered":"<p>T\u1ea1i Emerald Hoi An Riverside Resort, kh\u00f4ng gian ngh\u1ec9 d\u01b0\u1ee1ng xanh m\u00e1t m\u1edf ra v\u1edbi nh\u1eefng c\u0103n ph\u00f2ng h\u01b0\u1edbng s\u00f4ng, v\u01b0\u1eddn v\u00e0 h\u1ed3 b\u01a1i, k\u1ebft h\u1ee3p c\u00f9ng tr\u1ea3i nghi\u1ec7m \u1ea9m th\u1ef1c \u0111\u1ea7y l\u00e3ng m\u1ea1n. Kh\u00e1m ph\u00e1 c\u00e1c \u01b0u \u0111\u00e3i \u0111\u01b0\u1ee3c thi\u1ebft k\u1ebf tinh t\u1ebf, mang \u0111\u1ebfn cho b\u1ea1n m\u1ed9t k\u1ef3 ngh\u1ec9 nh\u1eb9 nh\u00e0ng v\u00e0 tr\u1ecdn [&hellip;]<\/p>\n","protected":false},"author":90,"featured_media":0,"parent":0,"menu_order":0,"comment_status":"closed","ping_status":"closed","template":"template-offers.php","meta":{"footnotes":""},"yoast_head":"<!-- This site is optimized with the Yoast SEO plugin v22.3 - https:\/\/yoast.com\/wordpress\/plugins\/seo\/ -->\n<title>\u01afu \u0111\u00e3i - Emerald Hoi An Riverside Resort<\/title>\n<meta name=\"robots\" content=\"index, follow, max-snippet:-1, max-image-preview:large, max-video-preview:-1\" \/>\n<link rel=\"canonical\" href=\"https:\/\/emeraldhoianriverside.com\/vi\/enjoy-our-newest-perks-and-offers\/\" \/>\n<meta property=\"og:locale\" content=\"vi_VN\" \/>\n<meta property=\"og:type\" content=\"article\" \/>\n<meta property=\"og:title\" content=\"\u01afu \u0111\u00e3i - Emerald Hoi An Riverside Resort\" \/>\n<meta property=\"og:description\" content=\"T\u1ea1i Emerald Hoi An Riverside Resort, kh\u00f4ng gian ngh\u1ec9 d\u01b0\u1ee1ng xanh m\u00e1t m\u1edf ra v\u1edbi nh\u1eefng c\u0103n ph\u00f2ng h\u01b0\u1edbng s\u00f4ng, v\u01b0\u1eddn v\u00e0 h\u1ed3 b\u01a1i, k\u1ebft h\u1ee3p c\u00f9ng tr\u1ea3i nghi\u1ec7m \u1ea9m th\u1ef1c \u0111\u1ea7y l\u00e3ng m\u1ea1n. Kh\u00e1m ph\u00e1 c\u00e1c \u01b0u \u0111\u00e3i \u0111\u01b0\u1ee3c thi\u1ebft k\u1ebf tinh t\u1ebf, mang \u0111\u1ebfn cho b\u1ea1n m\u1ed9t k\u1ef3 ngh\u1ec9 nh\u1eb9 nh\u00e0ng v\u00e0 tr\u1ecdn [&hellip;]\" \/>\n<meta property=\"og:url\" content=\"https:\/\/emeraldhoianriverside.com\/vi\/enjoy-our-newest-perks-and-offers\/\" \/>\n<meta property=\"og:site_name\" content=\"Emerald Hoi An Riverside Resort\" \/>\n<meta property=\"article:modified_time\" content=\"2026-04-19T10:00:33+00:00\" \/>\n<meta name=\"twitter:card\" content=\"summary_large_image\" \/>\n<script type=\"application\/ld+json\" class=\"yoast-schema-graph\">{\"@context\":\"https:\/\/schema.org\",\"@graph\":[{\"@type\":\"WebPage\",\"@id\":\"https:\/\/emeraldhoianriverside.com\/vi\/enjoy-our-newest-perks-and-offers\/\",\"url\":\"https:\/\/emeraldhoianriverside.com\/vi\/enjoy-our-newest-perks-and-offers\/\",\"name\":\"\u01afu \u0111\u00e3i - Emerald Hoi An Riverside Resort\",\"isPartOf\":{\"@id\":\"https:\/\/emeraldhoianriverside.com\/vi\/#website\"},\"datePublished\":\"2026-02-20T03:27:34+00:00\",\"dateModified\":\"2026-04-19T10:00:33+00:00\",\"breadcrumb\":{\"@id\":\"https:\/\/emeraldhoianriverside.com\/vi\/enjoy-our-newest-perks-and-offers\/#breadcrumb\"},\"inLanguage\":\"vi-VN\",\"potentialAction\":[{\"@type\":\"ReadAction\",\"target\":[\"https:\/\/emeraldhoianriverside.com\/vi\/enjoy-our-newest-perks-and-offers\/\"]}]},{\"@type\":\"BreadcrumbList\",\"@id\":\"https:\/\/emeraldhoianriverside.com\/vi\/enjoy-our-newest-perks-and-offers\/#breadcrumb\",\"itemListElement\":[{\"@type\":\"ListItem\",\"position\":1,\"name\":\"Home\",\"item\":\"https:\/\/emeraldhoianriverside.com\/vi\/\"},{\"@type\":\"ListItem\",\"position\":2,\"name\":\"\u01afu \u0111\u00e3i\"}]},{\"@type\":\"WebSite\",\"@id\":\"https:\/\/emeraldhoianriverside.com\/vi\/#website\",\"url\":\"https:\/\/emeraldhoianriverside.com\/vi\/\",\"name\":\"Emerald Hoi An Riverside Resort\",\"description\":\"\",\"potentialAction\":[{\"@type\":\"SearchAction\",\"target\":{\"@type\":\"EntryPoint\",\"urlTemplate\":\"https:\/\/emeraldhoianriverside.com\/vi\/?s={search_term_string}\"},\"query-input\":\"required name=search_term_string\"}],\"inLanguage\":\"vi-VN\"}]}<\/script>\n<!-- \/ Yoast SEO plugin. -->","yoast_head_json":{"title":"\u01afu \u0111\u00e3i - Emerald Hoi An Riverside Resort","robots":{"index":"index","follow":"follow","max-snippet":"max-snippet:-1","max-image-preview":"max-image-preview:large","max-video-preview":"max-video-preview:-1"},"canonical":"https:\/\/emeraldhoianriverside.com\/vi\/enjoy-our-newest-perks-and-offers\/","og_locale":"vi_VN","og_type":"article","og_title":"\u01afu \u0111\u00e3i - Emerald Hoi An Riverside Resort","og_description":"T\u1ea1i Emerald Hoi An Riverside Resort, kh\u00f4ng gian ngh\u1ec9 d\u01b0\u1ee1ng xanh m\u00e1t m\u1edf ra v\u1edbi nh\u1eefng c\u0103n ph\u00f2ng h\u01b0\u1edbng s\u00f4ng, v\u01b0\u1eddn v\u00e0 h\u1ed3 b\u01a1i, k\u1ebft h\u1ee3p c\u00f9ng tr\u1ea3i nghi\u1ec7m \u1ea9m th\u1ef1c \u0111\u1ea7y l\u00e3ng m\u1ea1n. Kh\u00e1m ph\u00e1 c\u00e1c \u01b0u \u0111\u00e3i \u0111\u01b0\u1ee3c thi\u1ebft k\u1ebf tinh t\u1ebf, mang \u0111\u1ebfn cho b\u1ea1n m\u1ed9t k\u1ef3 ngh\u1ec9 nh\u1eb9 nh\u00e0ng v\u00e0 tr\u1ecdn [&hellip;]","og_url":"https:\/\/emeraldhoianriverside.com\/vi\/enjoy-our-newest-perks-and-offers\/","og_site_name":"Emerald Hoi An Riverside Resort","article_modified_time":"2026-04-19T10:00:33+00:00","twitter_card":"summary_large_image","schema":{"@context":"https:\/\/schema.org","@graph":[{"@type":"WebPage","@id":"https:\/\/emeraldhoianriverside.com\/vi\/enjoy-our-newest-perks-and-offers\/","url":"https:\/\/emeraldhoianriverside.com\/vi\/enjoy-our-newest-perks-and-offers\/","name":"\u01afu \u0111\u00e3i - Emerald Hoi An Riverside Resort","isPartOf":{"@id":"https:\/\/emeraldhoianriverside.com\/vi\/#website"},"datePublished":"2026-02-20T03:27:34+00:00","dateModified":"2026-04-19T10:00:33+00:00","breadcrumb":{"@id":"https:\/\/emeraldhoianriverside.com\/vi\/enjoy-our-newest-perks-and-offers\/#breadcrumb"},"inLanguage":"vi-VN","potentialAction":[{"@type":"ReadAction","target":["https:\/\/emeraldhoianriverside.com\/vi\/enjoy-our-newest-perks-and-offers\/"]}]},{"@type":"BreadcrumbList","@id":"https:\/\/emeraldhoianriverside.com\/vi\/enjoy-our-newest-perks-and-offers\/#breadcrumb","itemListElement":[{"@type":"ListItem","position":1,"name":"Home","item":"https:\/\/emeraldhoianriverside.com\/vi\/"},{"@type":"ListItem","position":2,"name":"\u01afu \u0111\u00e3i"}]},{"@type":"WebSite","@id":"https:\/\/emeraldhoianriverside.com\/vi\/#website","url":"https:\/\/emeraldhoianriverside.com\/vi\/","name":"Emerald Hoi An Riverside Resort","description":"","potentialAction":[{"@type":"SearchAction","target":{"@type":"EntryPoint","urlTemplate":"https:\/\/emeraldhoianriverside.com\/vi\/?s={search_term_string}"},"query-input":"required name=search_term_string"}],"inLanguage":"vi-VN"}]}},"acf":[],"_links":{"self":[{"href":"https:\/\/emeraldhoianriverside.com\/vi\/wp-json\/wp\/v2\/pages\/85"}],"collection":[{"href":"https:\/\/emeraldhoianriverside.com\/vi\/wp-json\/wp\/v2\/pages"}],"about":[{"href":"https:\/\/emeraldhoianriverside.com\/vi\/wp-json\/wp\/v2\/types\/page"}],"author":[{"embeddable":true,"href":"https:\/\/emeraldhoianriverside.com\/vi\/wp-json\/wp\/v2\/users\/90"}],"replies":[{"embeddable":true,"href":"https:\/\/emeraldhoianriverside.com\/vi\/wp-json\/wp\/v2\/comments?post=85"}],"version-history":[{"count":0,"href":"https:\/\/emeraldhoianriverside.com\/vi\/wp-json\/wp\/v2\/pages\/85\/revisions"}],"wp:attachment":[{"href":"https:\/\/emeraldhoianriverside.com\/vi\/wp-json\/wp\/v2\/media?parent=85"}],"curies":[{"name":"wp","href":"https:\/\/api.w.org\/{rel}","templated":true}]}}