{"id":75,"date":"2026-02-20T11:20:35","date_gmt":"2026-02-20T03:20:35","guid":{"rendered":"https:\/\/emeraldhoianriverside.ms2.decms.asia\/?page_id=75"},"modified":"2026-04-06T16:08:48","modified_gmt":"2026-04-06T08:08:48","slug":"emerald-spa","status":"publish","type":"page","link":"https:\/\/emeraldhoianriverside.com\/vi\/emerald-spa\/","title":{"rendered":"Emerald Spa"},"content":{"rendered":"<p>\u1ea8n n\u00e1u trong \u1ed1c \u0111\u1ea3o xanh v\u00e0 ch\u0103m s\u00f3c cho b\u1ea3n th\u00e2n v\u1edbi c\u00e1c b\u00e0i tr\u1ecb li\u1ec7u th\u01b0 gi\u00e3n. T\u00e1i t\u1ea1o n\u0103ng l\u01b0\u1ee3ng m\u1edbi t\u1eeb \u0111\u1ea7u \u0111\u1ebfn ch\u00e2n v\u1edbi \u0111\u1ed9i ng\u0169 t\u1eadn t\u00e2m v\u00e0 tinh th\u1ea7n hi\u1ec1u kh\u00e1ch H\u1ed9i An t\u1ea1i Emerald Spa.<\/p>\n<p><strong>Li\u00ean h\u1ec7 L\u1ec5 T\u00e2n \u0111\u1ec3 \u0111\u01b0\u1ee3c h\u1ed7 tr\u1ee3<\/strong><\/p>\n","protected":false},"excerpt":{"rendered":"<p>\u1ea8n n\u00e1u trong \u1ed1c \u0111\u1ea3o xanh v\u00e0 ch\u0103m s\u00f3c cho b\u1ea3n th\u00e2n v\u1edbi c\u00e1c b\u00e0i tr\u1ecb li\u1ec7u th\u01b0 gi\u00e3n. T\u00e1i t\u1ea1o n\u0103ng l\u01b0\u1ee3ng m\u1edbi t\u1eeb \u0111\u1ea7u \u0111\u1ebfn ch\u00e2n v\u1edbi \u0111\u1ed9i ng\u0169 t\u1eadn t\u00e2m v\u00e0 tinh th\u1ea7n hi\u1ec1u kh\u00e1ch H\u1ed9i An t\u1ea1i Emerald Spa. Li\u00ean h\u1ec7 L\u1ec5 T\u00e2n \u0111\u1ec3 \u0111\u01b0\u1ee3c h\u1ed7 tr\u1ee3<\/p>\n","protected":false},"author":90,"featured_media":76,"parent":0,"menu_order":0,"comment_status":"closed","ping_status":"closed","template":"template-spa.php","meta":{"footnotes":""},"yoast_head":"<!-- This site is optimized with the Yoast SEO plugin v22.3 - https:\/\/yoast.com\/wordpress\/plugins\/seo\/ -->\n<title>Emerald Spa - Emerald Hoi An Riverside Resort<\/title>\n<meta name=\"robots\" content=\"index, follow, max-snippet:-1, max-image-preview:large, max-video-preview:-1\" \/>\n<link rel=\"canonical\" href=\"https:\/\/emeraldhoianriverside.com\/vi\/emerald-spa\/\" \/>\n<meta property=\"og:locale\" content=\"vi_VN\" \/>\n<meta property=\"og:type\" content=\"article\" \/>\n<meta property=\"og:title\" content=\"Emerald Spa - Emerald Hoi An Riverside Resort\" \/>\n<meta property=\"og:description\" content=\"\u1ea8n n\u00e1u trong \u1ed1c \u0111\u1ea3o xanh v\u00e0 ch\u0103m s\u00f3c cho b\u1ea3n th\u00e2n v\u1edbi c\u00e1c b\u00e0i tr\u1ecb li\u1ec7u th\u01b0 gi\u00e3n. T\u00e1i t\u1ea1o n\u0103ng l\u01b0\u1ee3ng m\u1edbi t\u1eeb \u0111\u1ea7u \u0111\u1ebfn ch\u00e2n v\u1edbi \u0111\u1ed9i ng\u0169 t\u1eadn t\u00e2m v\u00e0 tinh th\u1ea7n hi\u1ec1u kh\u00e1ch H\u1ed9i An t\u1ea1i Emerald Spa. Li\u00ean h\u1ec7 L\u1ec5 T\u00e2n \u0111\u1ec3 \u0111\u01b0\u1ee3c h\u1ed7 tr\u1ee3\" \/>\n<meta property=\"og:url\" content=\"https:\/\/emeraldhoianriverside.com\/vi\/emerald-spa\/\" \/>\n<meta property=\"og:site_name\" content=\"Emerald Hoi An Riverside Resort\" \/>\n<meta property=\"article:modified_time\" content=\"2026-04-06T08:08:48+00:00\" \/>\n<meta property=\"og:image\" content=\"https:\/\/emeraldhoianriverside.com\/wp-content\/uploads\/sites\/161\/2026\/02\/Emerald-Spa-1.jpg\" \/>\n\t<meta property=\"og:image:width\" content=\"2200\" \/>\n\t<meta property=\"og:image:height\" content=\"1467\" \/>\n\t<meta property=\"og:image:type\" content=\"image\/jpeg\" \/>\n<meta name=\"twitter:card\" content=\"summary_large_image\" \/>\n<meta name=\"twitter:label1\" content=\"Est. reading time\" \/>\n\t<meta name=\"twitter:data1\" content=\"1 minute\" \/>\n<script type=\"application\/ld+json\" class=\"yoast-schema-graph\">{\"@context\":\"https:\/\/schema.org\",\"@graph\":[{\"@type\":\"WebPage\",\"@id\":\"https:\/\/emeraldhoianriverside.com\/vi\/emerald-spa\/\",\"url\":\"https:\/\/emeraldhoianriverside.com\/vi\/emerald-spa\/\",\"name\":\"Emerald Spa - Emerald Hoi An Riverside Resort\",\"isPartOf\":{\"@id\":\"https:\/\/emeraldhoianriverside.com\/vi\/#website\"},\"primaryImageOfPage\":{\"@id\":\"https:\/\/emeraldhoianriverside.com\/vi\/emerald-spa\/#primaryimage\"},\"image\":{\"@id\":\"https:\/\/emeraldhoianriverside.com\/vi\/emerald-spa\/#primaryimage\"},\"thumbnailUrl\":\"https:\/\/emeraldhoianriverside.com\/wp-content\/uploads\/sites\/161\/2026\/02\/Emerald-Spa-1.jpg\",\"datePublished\":\"2026-02-20T03:20:35+00:00\",\"dateModified\":\"2026-04-06T08:08:48+00:00\",\"breadcrumb\":{\"@id\":\"https:\/\/emeraldhoianriverside.com\/vi\/emerald-spa\/#breadcrumb\"},\"inLanguage\":\"vi-VN\",\"potentialAction\":[{\"@type\":\"ReadAction\",\"target\":[\"https:\/\/emeraldhoianriverside.com\/vi\/emerald-spa\/\"]}]},{\"@type\":\"ImageObject\",\"inLanguage\":\"vi-VN\",\"@id\":\"https:\/\/emeraldhoianriverside.com\/vi\/emerald-spa\/#primaryimage\",\"url\":\"https:\/\/emeraldhoianriverside.com\/wp-content\/uploads\/sites\/161\/2026\/02\/Emerald-Spa-1.jpg\",\"contentUrl\":\"https:\/\/emeraldhoianriverside.com\/wp-content\/uploads\/sites\/161\/2026\/02\/Emerald-Spa-1.jpg\",\"width\":2200,\"height\":1467},{\"@type\":\"BreadcrumbList\",\"@id\":\"https:\/\/emeraldhoianriverside.com\/vi\/emerald-spa\/#breadcrumb\",\"itemListElement\":[{\"@type\":\"ListItem\",\"position\":1,\"name\":\"Home\",\"item\":\"https:\/\/emeraldhoianriverside.com\/vi\/\"},{\"@type\":\"ListItem\",\"position\":2,\"name\":\"Emerald Spa\"}]},{\"@type\":\"WebSite\",\"@id\":\"https:\/\/emeraldhoianriverside.com\/vi\/#website\",\"url\":\"https:\/\/emeraldhoianriverside.com\/vi\/\",\"name\":\"Emerald Hoi An Riverside Resort\",\"description\":\"\",\"potentialAction\":[{\"@type\":\"SearchAction\",\"target\":{\"@type\":\"EntryPoint\",\"urlTemplate\":\"https:\/\/emeraldhoianriverside.com\/vi\/?s={search_term_string}\"},\"query-input\":\"required name=search_term_string\"}],\"inLanguage\":\"vi-VN\"}]}<\/script>\n<!-- \/ Yoast SEO plugin. -->","yoast_head_json":{"title":"Emerald Spa - Emerald Hoi An Riverside Resort","robots":{"index":"index","follow":"follow","max-snippet":"max-snippet:-1","max-image-preview":"max-image-preview:large","max-video-preview":"max-video-preview:-1"},"canonical":"https:\/\/emeraldhoianriverside.com\/vi\/emerald-spa\/","og_locale":"vi_VN","og_type":"article","og_title":"Emerald Spa - Emerald Hoi An Riverside Resort","og_description":"\u1ea8n n\u00e1u trong \u1ed1c \u0111\u1ea3o xanh v\u00e0 ch\u0103m s\u00f3c cho b\u1ea3n th\u00e2n v\u1edbi c\u00e1c b\u00e0i tr\u1ecb li\u1ec7u th\u01b0 gi\u00e3n. T\u00e1i t\u1ea1o n\u0103ng l\u01b0\u1ee3ng m\u1edbi t\u1eeb \u0111\u1ea7u \u0111\u1ebfn ch\u00e2n v\u1edbi \u0111\u1ed9i ng\u0169 t\u1eadn t\u00e2m v\u00e0 tinh th\u1ea7n hi\u1ec1u kh\u00e1ch H\u1ed9i An t\u1ea1i Emerald Spa. Li\u00ean h\u1ec7 L\u1ec5 T\u00e2n \u0111\u1ec3 \u0111\u01b0\u1ee3c h\u1ed7 tr\u1ee3","og_url":"https:\/\/emeraldhoianriverside.com\/vi\/emerald-spa\/","og_site_name":"Emerald Hoi An Riverside Resort","article_modified_time":"2026-04-06T08:08:48+00:00","og_image":[{"width":2200,"height":1467,"url":"https:\/\/emeraldhoianriverside.com\/wp-content\/uploads\/sites\/161\/2026\/02\/Emerald-Spa-1.jpg","type":"image\/jpeg"}],"twitter_card":"summary_large_image","twitter_misc":{"Est. reading time":"1 minute"},"schema":{"@context":"https:\/\/schema.org","@graph":[{"@type":"WebPage","@id":"https:\/\/emeraldhoianriverside.com\/vi\/emerald-spa\/","url":"https:\/\/emeraldhoianriverside.com\/vi\/emerald-spa\/","name":"Emerald Spa - Emerald Hoi An Riverside Resort","isPartOf":{"@id":"https:\/\/emeraldhoianriverside.com\/vi\/#website"},"primaryImageOfPage":{"@id":"https:\/\/emeraldhoianriverside.com\/vi\/emerald-spa\/#primaryimage"},"image":{"@id":"https:\/\/emeraldhoianriverside.com\/vi\/emerald-spa\/#primaryimage"},"thumbnailUrl":"https:\/\/emeraldhoianriverside.com\/wp-content\/uploads\/sites\/161\/2026\/02\/Emerald-Spa-1.jpg","datePublished":"2026-02-20T03:20:35+00:00","dateModified":"2026-04-06T08:08:48+00:00","breadcrumb":{"@id":"https:\/\/emeraldhoianriverside.com\/vi\/emerald-spa\/#breadcrumb"},"inLanguage":"vi-VN","potentialAction":[{"@type":"ReadAction","target":["https:\/\/emeraldhoianriverside.com\/vi\/emerald-spa\/"]}]},{"@type":"ImageObject","inLanguage":"vi-VN","@id":"https:\/\/emeraldhoianriverside.com\/vi\/emerald-spa\/#primaryimage","url":"https:\/\/emeraldhoianriverside.com\/wp-content\/uploads\/sites\/161\/2026\/02\/Emerald-Spa-1.jpg","contentUrl":"https:\/\/emeraldhoianriverside.com\/wp-content\/uploads\/sites\/161\/2026\/02\/Emerald-Spa-1.jpg","width":2200,"height":1467},{"@type":"BreadcrumbList","@id":"https:\/\/emeraldhoianriverside.com\/vi\/emerald-spa\/#breadcrumb","itemListElement":[{"@type":"ListItem","position":1,"name":"Home","item":"https:\/\/emeraldhoianriverside.com\/vi\/"},{"@type":"ListItem","position":2,"name":"Emerald Spa"}]},{"@type":"WebSite","@id":"https:\/\/emeraldhoianriverside.com\/vi\/#website","url":"https:\/\/emeraldhoianriverside.com\/vi\/","name":"Emerald Hoi An Riverside Resort","description":"","potentialAction":[{"@type":"SearchAction","target":{"@type":"EntryPoint","urlTemplate":"https:\/\/emeraldhoianriverside.com\/vi\/?s={search_term_string}"},"query-input":"required name=search_term_string"}],"inLanguage":"vi-VN"}]}},"acf":[],"_links":{"self":[{"href":"https:\/\/emeraldhoianriverside.com\/vi\/wp-json\/wp\/v2\/pages\/75"}],"collection":[{"href":"https:\/\/emeraldhoianriverside.com\/vi\/wp-json\/wp\/v2\/pages"}],"about":[{"href":"https:\/\/emeraldhoianriverside.com\/vi\/wp-json\/wp\/v2\/types\/page"}],"author":[{"embeddable":true,"href":"https:\/\/emeraldhoianriverside.com\/vi\/wp-json\/wp\/v2\/users\/90"}],"replies":[{"embeddable":true,"href":"https:\/\/emeraldhoianriverside.com\/vi\/wp-json\/wp\/v2\/comments?post=75"}],"version-history":[{"count":0,"href":"https:\/\/emeraldhoianriverside.com\/vi\/wp-json\/wp\/v2\/pages\/75\/revisions"}],"wp:featuredmedia":[{"embeddable":true,"href":"https:\/\/emeraldhoianriverside.com\/vi\/wp-json\/wp\/v2\/media\/76"}],"wp:attachment":[{"href":"https:\/\/emeraldhoianriverside.com\/vi\/wp-json\/wp\/v2\/media?parent=75"}],"curies":[{"name":"wp","href":"https:\/\/api.w.org\/{rel}","templated":true}]}}