{"id":71,"date":"2026-02-20T11:17:50","date_gmt":"2026-02-20T03:17:50","guid":{"rendered":"https:\/\/emeraldhoianriverside.ms2.decms.asia\/?page_id=71"},"modified":"2026-04-20T14:08:09","modified_gmt":"2026-04-20T06:08:09","slug":"garden-pool-bar","status":"publish","type":"page","link":"https:\/\/emeraldhoianriverside.com\/vi\/restaurant-bar\/garden-pool-bar\/","title":{"rendered":"Garden Pool Bar"},"content":{"rendered":"<p>Garden Pool Bar s\u1edf h\u1eefu t\u1ea7m nh\u00ecn bao qu\u00e1t khu v\u01b0\u1eddn xanh m\u00e1t \u0111\u01b0\u1ee3c ch\u0103m ch\u00fat t\u1ec9 m\u1ec9, tr\u1ea3i d\u00e0i \u0111\u1ebfn b\u1edd s\u00f4ng Thu B\u1ed3n th\u01a1 m\u1ed9ng. Th\u1ef1c \u0111\u01a1n \u0111a d\u1ea1ng t\u1eeb cocktail tr\u00e1i c\u00e2y nhi\u1ec7t \u0111\u1edbi, n\u01b0\u1edbc \u00e9p m\u00e1t l\u1ea1nh \u0111\u1ebfn r\u01b0\u1ee3u vang v\u00e0 c\u00e1c lo\u1ea1i \u0111\u1ed3 u\u1ed1ng c\u00f3 c\u1ed3n, mang \u0111\u1ebfn l\u1ef1a ch\u1ecdn ph\u00f9 h\u1ee3p cho m\u1ecdi kho\u1ea3nh kh\u1eafc. \u0110\u00e2y l\u00e0 \u0111i\u1ec3m d\u1eebng ch\u00e2n l\u00fd t\u01b0\u1edfng \u0111\u1ec3 th\u01b0 gi\u00e3n v\u00e0 t\u1eadn h\u01b0\u1edfng kh\u00f4ng gian y\u00ean b\u00ecnh t\u1ea1i Emerald Hoi An Riverside Resort.<\/p>\n","protected":false},"excerpt":{"rendered":"<p>Garden Pool Bar s\u1edf h\u1eefu t\u1ea7m nh\u00ecn bao qu\u00e1t khu v\u01b0\u1eddn xanh m\u00e1t \u0111\u01b0\u1ee3c ch\u0103m ch\u00fat t\u1ec9 m\u1ec9, tr\u1ea3i d\u00e0i \u0111\u1ebfn b\u1edd s\u00f4ng Thu B\u1ed3n th\u01a1 m\u1ed9ng. Th\u1ef1c \u0111\u01a1n \u0111a d\u1ea1ng t\u1eeb cocktail tr\u00e1i c\u00e2y nhi\u1ec7t \u0111\u1edbi, n\u01b0\u1edbc \u00e9p m\u00e1t l\u1ea1nh \u0111\u1ebfn r\u01b0\u1ee3u vang v\u00e0 c\u00e1c lo\u1ea1i \u0111\u1ed3 u\u1ed1ng c\u00f3 c\u1ed3n, mang \u0111\u1ebfn l\u1ef1a ch\u1ecdn [&hellip;]<\/p>\n","protected":false},"author":90,"featured_media":0,"parent":58,"menu_order":1,"comment_status":"closed","ping_status":"closed","template":"template-single-restaurant.php","meta":{"footnotes":""},"yoast_head":"<!-- This site is optimized with the Yoast SEO plugin v22.3 - https:\/\/yoast.com\/wordpress\/plugins\/seo\/ -->\n<title>Garden Pool Bar - Emerald Hoi An Riverside Resort<\/title>\n<meta name=\"robots\" content=\"index, follow, max-snippet:-1, max-image-preview:large, max-video-preview:-1\" \/>\n<link rel=\"canonical\" href=\"https:\/\/emeraldhoianriverside.com\/vi\/restaurant-bar\/garden-pool-bar\/\" \/>\n<meta property=\"og:locale\" content=\"vi_VN\" \/>\n<meta property=\"og:type\" content=\"article\" \/>\n<meta property=\"og:title\" content=\"Garden Pool Bar - Emerald Hoi An Riverside Resort\" \/>\n<meta property=\"og:description\" content=\"Garden Pool Bar s\u1edf h\u1eefu t\u1ea7m nh\u00ecn bao qu\u00e1t khu v\u01b0\u1eddn xanh m\u00e1t \u0111\u01b0\u1ee3c ch\u0103m ch\u00fat t\u1ec9 m\u1ec9, tr\u1ea3i d\u00e0i \u0111\u1ebfn b\u1edd s\u00f4ng Thu B\u1ed3n th\u01a1 m\u1ed9ng. Th\u1ef1c \u0111\u01a1n \u0111a d\u1ea1ng t\u1eeb cocktail tr\u00e1i c\u00e2y nhi\u1ec7t \u0111\u1edbi, n\u01b0\u1edbc \u00e9p m\u00e1t l\u1ea1nh \u0111\u1ebfn r\u01b0\u1ee3u vang v\u00e0 c\u00e1c lo\u1ea1i \u0111\u1ed3 u\u1ed1ng c\u00f3 c\u1ed3n, mang \u0111\u1ebfn l\u1ef1a ch\u1ecdn [&hellip;]\" \/>\n<meta property=\"og:url\" content=\"https:\/\/emeraldhoianriverside.com\/vi\/restaurant-bar\/garden-pool-bar\/\" \/>\n<meta property=\"og:site_name\" content=\"Emerald Hoi An Riverside Resort\" \/>\n<meta property=\"article:modified_time\" content=\"2026-04-20T06:08:09+00:00\" \/>\n<meta name=\"twitter:card\" content=\"summary_large_image\" \/>\n<meta name=\"twitter:label1\" content=\"Est. reading time\" \/>\n\t<meta name=\"twitter:data1\" content=\"1 minute\" \/>\n<script type=\"application\/ld+json\" class=\"yoast-schema-graph\">{\"@context\":\"https:\/\/schema.org\",\"@graph\":[{\"@type\":\"WebPage\",\"@id\":\"https:\/\/emeraldhoianriverside.com\/vi\/restaurant-bar\/garden-pool-bar\/\",\"url\":\"https:\/\/emeraldhoianriverside.com\/vi\/restaurant-bar\/garden-pool-bar\/\",\"name\":\"Garden Pool Bar - Emerald Hoi An Riverside Resort\",\"isPartOf\":{\"@id\":\"https:\/\/emeraldhoianriverside.com\/vi\/#website\"},\"datePublished\":\"2026-02-20T03:17:50+00:00\",\"dateModified\":\"2026-04-20T06:08:09+00:00\",\"breadcrumb\":{\"@id\":\"https:\/\/emeraldhoianriverside.com\/vi\/restaurant-bar\/garden-pool-bar\/#breadcrumb\"},\"inLanguage\":\"vi-VN\",\"potentialAction\":[{\"@type\":\"ReadAction\",\"target\":[\"https:\/\/emeraldhoianriverside.com\/vi\/restaurant-bar\/garden-pool-bar\/\"]}]},{\"@type\":\"BreadcrumbList\",\"@id\":\"https:\/\/emeraldhoianriverside.com\/vi\/restaurant-bar\/garden-pool-bar\/#breadcrumb\",\"itemListElement\":[{\"@type\":\"ListItem\",\"position\":1,\"name\":\"Home\",\"item\":\"https:\/\/emeraldhoianriverside.com\/vi\/\"},{\"@type\":\"ListItem\",\"position\":2,\"name\":\"\u1ea8m th\u1ef1c\",\"item\":\"https:\/\/emeraldhoianriverside.com\/vi\/restaurant-bar\/\"},{\"@type\":\"ListItem\",\"position\":3,\"name\":\"Garden Pool Bar\"}]},{\"@type\":\"WebSite\",\"@id\":\"https:\/\/emeraldhoianriverside.com\/vi\/#website\",\"url\":\"https:\/\/emeraldhoianriverside.com\/vi\/\",\"name\":\"Emerald Hoi An Riverside Resort\",\"description\":\"\",\"potentialAction\":[{\"@type\":\"SearchAction\",\"target\":{\"@type\":\"EntryPoint\",\"urlTemplate\":\"https:\/\/emeraldhoianriverside.com\/vi\/?s={search_term_string}\"},\"query-input\":\"required name=search_term_string\"}],\"inLanguage\":\"vi-VN\"}]}<\/script>\n<!-- \/ Yoast SEO plugin. -->","yoast_head_json":{"title":"Garden Pool Bar - Emerald Hoi An Riverside Resort","robots":{"index":"index","follow":"follow","max-snippet":"max-snippet:-1","max-image-preview":"max-image-preview:large","max-video-preview":"max-video-preview:-1"},"canonical":"https:\/\/emeraldhoianriverside.com\/vi\/restaurant-bar\/garden-pool-bar\/","og_locale":"vi_VN","og_type":"article","og_title":"Garden Pool Bar - Emerald Hoi An Riverside Resort","og_description":"Garden Pool Bar s\u1edf h\u1eefu t\u1ea7m nh\u00ecn bao qu\u00e1t khu v\u01b0\u1eddn xanh m\u00e1t \u0111\u01b0\u1ee3c ch\u0103m ch\u00fat t\u1ec9 m\u1ec9, tr\u1ea3i d\u00e0i \u0111\u1ebfn b\u1edd s\u00f4ng Thu B\u1ed3n th\u01a1 m\u1ed9ng. Th\u1ef1c \u0111\u01a1n \u0111a d\u1ea1ng t\u1eeb cocktail tr\u00e1i c\u00e2y nhi\u1ec7t \u0111\u1edbi, n\u01b0\u1edbc \u00e9p m\u00e1t l\u1ea1nh \u0111\u1ebfn r\u01b0\u1ee3u vang v\u00e0 c\u00e1c lo\u1ea1i \u0111\u1ed3 u\u1ed1ng c\u00f3 c\u1ed3n, mang \u0111\u1ebfn l\u1ef1a ch\u1ecdn [&hellip;]","og_url":"https:\/\/emeraldhoianriverside.com\/vi\/restaurant-bar\/garden-pool-bar\/","og_site_name":"Emerald Hoi An Riverside Resort","article_modified_time":"2026-04-20T06:08:09+00:00","twitter_card":"summary_large_image","twitter_misc":{"Est. reading time":"1 minute"},"schema":{"@context":"https:\/\/schema.org","@graph":[{"@type":"WebPage","@id":"https:\/\/emeraldhoianriverside.com\/vi\/restaurant-bar\/garden-pool-bar\/","url":"https:\/\/emeraldhoianriverside.com\/vi\/restaurant-bar\/garden-pool-bar\/","name":"Garden Pool Bar - Emerald Hoi An Riverside Resort","isPartOf":{"@id":"https:\/\/emeraldhoianriverside.com\/vi\/#website"},"datePublished":"2026-02-20T03:17:50+00:00","dateModified":"2026-04-20T06:08:09+00:00","breadcrumb":{"@id":"https:\/\/emeraldhoianriverside.com\/vi\/restaurant-bar\/garden-pool-bar\/#breadcrumb"},"inLanguage":"vi-VN","potentialAction":[{"@type":"ReadAction","target":["https:\/\/emeraldhoianriverside.com\/vi\/restaurant-bar\/garden-pool-bar\/"]}]},{"@type":"BreadcrumbList","@id":"https:\/\/emeraldhoianriverside.com\/vi\/restaurant-bar\/garden-pool-bar\/#breadcrumb","itemListElement":[{"@type":"ListItem","position":1,"name":"Home","item":"https:\/\/emeraldhoianriverside.com\/vi\/"},{"@type":"ListItem","position":2,"name":"\u1ea8m th\u1ef1c","item":"https:\/\/emeraldhoianriverside.com\/vi\/restaurant-bar\/"},{"@type":"ListItem","position":3,"name":"Garden Pool Bar"}]},{"@type":"WebSite","@id":"https:\/\/emeraldhoianriverside.com\/vi\/#website","url":"https:\/\/emeraldhoianriverside.com\/vi\/","name":"Emerald Hoi An Riverside Resort","description":"","potentialAction":[{"@type":"SearchAction","target":{"@type":"EntryPoint","urlTemplate":"https:\/\/emeraldhoianriverside.com\/vi\/?s={search_term_string}"},"query-input":"required name=search_term_string"}],"inLanguage":"vi-VN"}]}},"acf":[],"_links":{"self":[{"href":"https:\/\/emeraldhoianriverside.com\/vi\/wp-json\/wp\/v2\/pages\/71"}],"collection":[{"href":"https:\/\/emeraldhoianriverside.com\/vi\/wp-json\/wp\/v2\/pages"}],"about":[{"href":"https:\/\/emeraldhoianriverside.com\/vi\/wp-json\/wp\/v2\/types\/page"}],"author":[{"embeddable":true,"href":"https:\/\/emeraldhoianriverside.com\/vi\/wp-json\/wp\/v2\/users\/90"}],"replies":[{"embeddable":true,"href":"https:\/\/emeraldhoianriverside.com\/vi\/wp-json\/wp\/v2\/comments?post=71"}],"version-history":[{"count":0,"href":"https:\/\/emeraldhoianriverside.com\/vi\/wp-json\/wp\/v2\/pages\/71\/revisions"}],"up":[{"embeddable":true,"href":"https:\/\/emeraldhoianriverside.com\/vi\/wp-json\/wp\/v2\/pages\/58"}],"wp:attachment":[{"href":"https:\/\/emeraldhoianriverside.com\/vi\/wp-json\/wp\/v2\/media?parent=71"}],"curies":[{"name":"wp","href":"https:\/\/api.w.org\/{rel}","templated":true}]}}