{"id":69,"date":"2026-02-20T11:15:50","date_gmt":"2026-02-20T03:15:50","guid":{"rendered":"https:\/\/emeraldhoianriverside.ms2.decms.asia\/restaurant-bar\/emerald-restaurant\/"},"modified":"2026-02-20T11:16:38","modified_gmt":"2026-02-20T03:16:38","slug":"emerald-restaurant","status":"publish","type":"page","link":"https:\/\/emeraldhoianriverside.com\/vi\/restaurant-bar\/emerald-restaurant\/","title":{"rendered":"Nh\u00e0 h\u00e0ng Emerald"},"content":{"rendered":"<p>Nh\u00e0 h\u00e0ng Emerald n\u1ea5p m\u00ecnh sau t\u00e1n c\u00e2y xanh nh\u01b0 che ch\u1eafn kh\u1ecfi s\u1ef1 v\u1ed9i v\u00e3 th\u01b0\u1eddng ng\u00e0y v\u1eeba ph\u1ea3i cho m\u1ed9t k\u00ec ngh\u1ec9 d\u01b0\u1ee1ng v\u1edbi b\u1eefa s\u00e1ng t\u1ef1 ch\u1ecdn th\u1ef1c \u0111\u01a1n ch\u00e2u \u00c1 v\u00e0 \u1ea9m th\u1ef1c b\u1eaft m\u1eaft ph\u1ee5c v\u1ee5 c\u1ea3 ng\u00e0y b\u00ean \u00e1nh n\u1eafng soi r\u1ecdi l\u00e0n n\u01b0\u1edbc m\u00e1t b\u1ec3 b\u01a1i.<\/p>\n","protected":false},"excerpt":{"rendered":"<p>Nh\u00e0 h\u00e0ng Emerald n\u1ea5p m\u00ecnh sau t\u00e1n c\u00e2y xanh nh\u01b0 che ch\u1eafn kh\u1ecfi s\u1ef1 v\u1ed9i v\u00e3 th\u01b0\u1eddng ng\u00e0y v\u1eeba ph\u1ea3i cho m\u1ed9t k\u00ec ngh\u1ec9 d\u01b0\u1ee1ng v\u1edbi b\u1eefa s\u00e1ng t\u1ef1 ch\u1ecdn th\u1ef1c \u0111\u01a1n ch\u00e2u \u00c1 v\u00e0 \u1ea9m th\u1ef1c b\u1eaft m\u1eaft ph\u1ee5c v\u1ee5 c\u1ea3 ng\u00e0y b\u00ean \u00e1nh n\u1eafng soi r\u1ecdi l\u00e0n n\u01b0\u1edbc m\u00e1t b\u1ec3 b\u01a1i.<\/p>\n","protected":false},"author":90,"featured_media":0,"parent":58,"menu_order":0,"comment_status":"closed","ping_status":"closed","template":"template-single-restaurant.php","meta":{"footnotes":""},"yoast_head":"<!-- This site is optimized with the Yoast SEO plugin v22.3 - https:\/\/yoast.com\/wordpress\/plugins\/seo\/ -->\n<title>Nh\u00e0 h\u00e0ng Emerald - Emerald Hoi An Riverside Resort<\/title>\n<meta name=\"robots\" content=\"index, follow, max-snippet:-1, max-image-preview:large, max-video-preview:-1\" \/>\n<link rel=\"canonical\" href=\"https:\/\/emeraldhoianriverside.com\/vi\/restaurant-bar\/emerald-restaurant\/\" \/>\n<meta property=\"og:locale\" content=\"vi_VN\" \/>\n<meta property=\"og:type\" content=\"article\" \/>\n<meta property=\"og:title\" content=\"Nh\u00e0 h\u00e0ng Emerald - Emerald Hoi An Riverside Resort\" \/>\n<meta property=\"og:description\" content=\"Nh\u00e0 h\u00e0ng Emerald n\u1ea5p m\u00ecnh sau t\u00e1n c\u00e2y xanh nh\u01b0 che ch\u1eafn kh\u1ecfi s\u1ef1 v\u1ed9i v\u00e3 th\u01b0\u1eddng ng\u00e0y v\u1eeba ph\u1ea3i cho m\u1ed9t k\u00ec ngh\u1ec9 d\u01b0\u1ee1ng v\u1edbi b\u1eefa s\u00e1ng t\u1ef1 ch\u1ecdn th\u1ef1c \u0111\u01a1n ch\u00e2u \u00c1 v\u00e0 \u1ea9m th\u1ef1c b\u1eaft m\u1eaft ph\u1ee5c v\u1ee5 c\u1ea3 ng\u00e0y b\u00ean \u00e1nh n\u1eafng soi r\u1ecdi l\u00e0n n\u01b0\u1edbc m\u00e1t b\u1ec3 b\u01a1i.\" \/>\n<meta property=\"og:url\" content=\"https:\/\/emeraldhoianriverside.com\/vi\/restaurant-bar\/emerald-restaurant\/\" \/>\n<meta property=\"og:site_name\" content=\"Emerald Hoi An Riverside Resort\" \/>\n<meta property=\"article:modified_time\" content=\"2026-02-20T03:16:38+00:00\" \/>\n<meta name=\"twitter:card\" content=\"summary_large_image\" \/>\n<meta name=\"twitter:label1\" content=\"Est. reading time\" \/>\n\t<meta name=\"twitter:data1\" content=\"1 minute\" \/>\n<script type=\"application\/ld+json\" class=\"yoast-schema-graph\">{\"@context\":\"https:\/\/schema.org\",\"@graph\":[{\"@type\":\"WebPage\",\"@id\":\"https:\/\/emeraldhoianriverside.com\/vi\/restaurant-bar\/emerald-restaurant\/\",\"url\":\"https:\/\/emeraldhoianriverside.com\/vi\/restaurant-bar\/emerald-restaurant\/\",\"name\":\"Nh\u00e0 h\u00e0ng Emerald - Emerald Hoi An Riverside Resort\",\"isPartOf\":{\"@id\":\"https:\/\/emeraldhoianriverside.com\/vi\/#website\"},\"datePublished\":\"2026-02-20T03:15:50+00:00\",\"dateModified\":\"2026-02-20T03:16:38+00:00\",\"breadcrumb\":{\"@id\":\"https:\/\/emeraldhoianriverside.com\/vi\/restaurant-bar\/emerald-restaurant\/#breadcrumb\"},\"inLanguage\":\"vi-VN\",\"potentialAction\":[{\"@type\":\"ReadAction\",\"target\":[\"https:\/\/emeraldhoianriverside.com\/vi\/restaurant-bar\/emerald-restaurant\/\"]}]},{\"@type\":\"BreadcrumbList\",\"@id\":\"https:\/\/emeraldhoianriverside.com\/vi\/restaurant-bar\/emerald-restaurant\/#breadcrumb\",\"itemListElement\":[{\"@type\":\"ListItem\",\"position\":1,\"name\":\"Home\",\"item\":\"https:\/\/emeraldhoianriverside.com\/vi\/\"},{\"@type\":\"ListItem\",\"position\":2,\"name\":\"Nh\u00e0 h\u00e0ng &#038; Bar\",\"item\":\"https:\/\/emeraldhoianriverside.com\/vi\/restaurant-bar\/\"},{\"@type\":\"ListItem\",\"position\":3,\"name\":\"Nh\u00e0 h\u00e0ng Emerald\"}]},{\"@type\":\"WebSite\",\"@id\":\"https:\/\/emeraldhoianriverside.com\/vi\/#website\",\"url\":\"https:\/\/emeraldhoianriverside.com\/vi\/\",\"name\":\"Emerald Hoi An Riverside Resort\",\"description\":\"\",\"potentialAction\":[{\"@type\":\"SearchAction\",\"target\":{\"@type\":\"EntryPoint\",\"urlTemplate\":\"https:\/\/emeraldhoianriverside.com\/vi\/?s={search_term_string}\"},\"query-input\":\"required name=search_term_string\"}],\"inLanguage\":\"vi-VN\"}]}<\/script>\n<!-- \/ Yoast SEO plugin. -->","yoast_head_json":{"title":"Nh\u00e0 h\u00e0ng Emerald - Emerald Hoi An Riverside Resort","robots":{"index":"index","follow":"follow","max-snippet":"max-snippet:-1","max-image-preview":"max-image-preview:large","max-video-preview":"max-video-preview:-1"},"canonical":"https:\/\/emeraldhoianriverside.com\/vi\/restaurant-bar\/emerald-restaurant\/","og_locale":"vi_VN","og_type":"article","og_title":"Nh\u00e0 h\u00e0ng Emerald - Emerald Hoi An Riverside Resort","og_description":"Nh\u00e0 h\u00e0ng Emerald n\u1ea5p m\u00ecnh sau t\u00e1n c\u00e2y xanh nh\u01b0 che ch\u1eafn kh\u1ecfi s\u1ef1 v\u1ed9i v\u00e3 th\u01b0\u1eddng ng\u00e0y v\u1eeba ph\u1ea3i cho m\u1ed9t k\u00ec ngh\u1ec9 d\u01b0\u1ee1ng v\u1edbi b\u1eefa s\u00e1ng t\u1ef1 ch\u1ecdn th\u1ef1c \u0111\u01a1n ch\u00e2u \u00c1 v\u00e0 \u1ea9m th\u1ef1c b\u1eaft m\u1eaft ph\u1ee5c v\u1ee5 c\u1ea3 ng\u00e0y b\u00ean \u00e1nh n\u1eafng soi r\u1ecdi l\u00e0n n\u01b0\u1edbc m\u00e1t b\u1ec3 b\u01a1i.","og_url":"https:\/\/emeraldhoianriverside.com\/vi\/restaurant-bar\/emerald-restaurant\/","og_site_name":"Emerald Hoi An Riverside Resort","article_modified_time":"2026-02-20T03:16:38+00:00","twitter_card":"summary_large_image","twitter_misc":{"Est. reading time":"1 minute"},"schema":{"@context":"https:\/\/schema.org","@graph":[{"@type":"WebPage","@id":"https:\/\/emeraldhoianriverside.com\/vi\/restaurant-bar\/emerald-restaurant\/","url":"https:\/\/emeraldhoianriverside.com\/vi\/restaurant-bar\/emerald-restaurant\/","name":"Nh\u00e0 h\u00e0ng Emerald - Emerald Hoi An Riverside Resort","isPartOf":{"@id":"https:\/\/emeraldhoianriverside.com\/vi\/#website"},"datePublished":"2026-02-20T03:15:50+00:00","dateModified":"2026-02-20T03:16:38+00:00","breadcrumb":{"@id":"https:\/\/emeraldhoianriverside.com\/vi\/restaurant-bar\/emerald-restaurant\/#breadcrumb"},"inLanguage":"vi-VN","potentialAction":[{"@type":"ReadAction","target":["https:\/\/emeraldhoianriverside.com\/vi\/restaurant-bar\/emerald-restaurant\/"]}]},{"@type":"BreadcrumbList","@id":"https:\/\/emeraldhoianriverside.com\/vi\/restaurant-bar\/emerald-restaurant\/#breadcrumb","itemListElement":[{"@type":"ListItem","position":1,"name":"Home","item":"https:\/\/emeraldhoianriverside.com\/vi\/"},{"@type":"ListItem","position":2,"name":"Nh\u00e0 h\u00e0ng &#038; Bar","item":"https:\/\/emeraldhoianriverside.com\/vi\/restaurant-bar\/"},{"@type":"ListItem","position":3,"name":"Nh\u00e0 h\u00e0ng Emerald"}]},{"@type":"WebSite","@id":"https:\/\/emeraldhoianriverside.com\/vi\/#website","url":"https:\/\/emeraldhoianriverside.com\/vi\/","name":"Emerald Hoi An Riverside Resort","description":"","potentialAction":[{"@type":"SearchAction","target":{"@type":"EntryPoint","urlTemplate":"https:\/\/emeraldhoianriverside.com\/vi\/?s={search_term_string}"},"query-input":"required name=search_term_string"}],"inLanguage":"vi-VN"}]}},"acf":[],"_links":{"self":[{"href":"https:\/\/emeraldhoianriverside.com\/vi\/wp-json\/wp\/v2\/pages\/69"}],"collection":[{"href":"https:\/\/emeraldhoianriverside.com\/vi\/wp-json\/wp\/v2\/pages"}],"about":[{"href":"https:\/\/emeraldhoianriverside.com\/vi\/wp-json\/wp\/v2\/types\/page"}],"author":[{"embeddable":true,"href":"https:\/\/emeraldhoianriverside.com\/vi\/wp-json\/wp\/v2\/users\/90"}],"replies":[{"embeddable":true,"href":"https:\/\/emeraldhoianriverside.com\/vi\/wp-json\/wp\/v2\/comments?post=69"}],"version-history":[{"count":0,"href":"https:\/\/emeraldhoianriverside.com\/vi\/wp-json\/wp\/v2\/pages\/69\/revisions"}],"up":[{"embeddable":true,"href":"https:\/\/emeraldhoianriverside.com\/vi\/wp-json\/wp\/v2\/pages\/58"}],"wp:attachment":[{"href":"https:\/\/emeraldhoianriverside.com\/vi\/wp-json\/wp\/v2\/media?parent=69"}],"curies":[{"name":"wp","href":"https:\/\/api.w.org\/{rel}","templated":true}]}}