{"id":60,"date":"2026-02-19T15:25:30","date_gmt":"2026-02-19T07:25:30","guid":{"rendered":"https:\/\/emeraldhoianriverside.ms2.decms.asia\/rooms-suite\/"},"modified":"2026-04-19T20:34:16","modified_gmt":"2026-04-19T12:34:16","slug":"rooms-suite","status":"publish","type":"page","link":"https:\/\/emeraldhoianriverside.com\/vi\/rooms-suite\/","title":{"rendered":"Ph\u00f2ng"},"content":{"rendered":"<p>Kh\u00f4ng gian ngh\u1ec9 d\u01b0\u1ee1ng t\u1ea1i Emerald Hoi An Riverside Resort g\u1ed3m 4 h\u1ea1ng ph\u00f2ng \u0111\u01b0\u1ee3c thi\u1ebft k\u1ebf tinh t\u1ebf, m\u1edf ra t\u1ea7m nh\u00ecn h\u01b0\u1edbng v\u01b0\u1eddn xanh m\u00e1t, h\u1ed3 b\u01a1i trong tr\u1ebbo v\u00e0 d\u00f2ng s\u00f4ng Thu B\u1ed3n \u00eam \u0111\u1ec1m. T\u1eebng c\u0103n ph\u00f2ng \u0111\u01b0\u1ee3c ch\u0103m ch\u00fat nh\u1eb9 nh\u00e0ng, h\u00e0i h\u00f2a v\u1edbi thi\u00ean nhi\u00ean, mang \u0111\u1ebfn c\u1ea3m gi\u00e1c th\u01b0 th\u00e1i v\u00e0 ri\u00eang t\u01b0 trong su\u1ed1t k\u1ef3 ngh\u1ec9.<\/p>\n","protected":false},"excerpt":{"rendered":"<p>Kh\u00f4ng gian ngh\u1ec9 d\u01b0\u1ee1ng t\u1ea1i Emerald Hoi An Riverside Resort g\u1ed3m 4 h\u1ea1ng ph\u00f2ng \u0111\u01b0\u1ee3c thi\u1ebft k\u1ebf tinh t\u1ebf, m\u1edf ra t\u1ea7m nh\u00ecn h\u01b0\u1edbng v\u01b0\u1eddn xanh m\u00e1t, h\u1ed3 b\u01a1i trong tr\u1ebbo v\u00e0 d\u00f2ng s\u00f4ng Thu B\u1ed3n \u00eam \u0111\u1ec1m. T\u1eebng c\u0103n ph\u00f2ng \u0111\u01b0\u1ee3c ch\u0103m ch\u00fat nh\u1eb9 nh\u00e0ng, h\u00e0i h\u00f2a v\u1edbi thi\u00ean nhi\u00ean, mang \u0111\u1ebfn c\u1ea3m gi\u00e1c [&hellip;]<\/p>\n","protected":false},"author":90,"featured_media":0,"parent":0,"menu_order":0,"comment_status":"closed","ping_status":"closed","template":"template-rooms.php","meta":{"footnotes":""},"yoast_head":"<!-- This site is optimized with the Yoast SEO plugin v22.3 - https:\/\/yoast.com\/wordpress\/plugins\/seo\/ -->\n<title>Ph\u00f2ng - Emerald Hoi An Riverside Resort<\/title>\n<meta name=\"robots\" content=\"index, follow, max-snippet:-1, max-image-preview:large, max-video-preview:-1\" \/>\n<link rel=\"canonical\" href=\"https:\/\/emeraldhoianriverside.com\/vi\/rooms-suite\/\" \/>\n<meta property=\"og:locale\" content=\"vi_VN\" \/>\n<meta property=\"og:type\" content=\"article\" \/>\n<meta property=\"og:title\" content=\"Ph\u00f2ng - Emerald Hoi An Riverside Resort\" \/>\n<meta property=\"og:description\" content=\"Kh\u00f4ng gian ngh\u1ec9 d\u01b0\u1ee1ng t\u1ea1i Emerald Hoi An Riverside Resort g\u1ed3m 4 h\u1ea1ng ph\u00f2ng \u0111\u01b0\u1ee3c thi\u1ebft k\u1ebf tinh t\u1ebf, m\u1edf ra t\u1ea7m nh\u00ecn h\u01b0\u1edbng v\u01b0\u1eddn xanh m\u00e1t, h\u1ed3 b\u01a1i trong tr\u1ebbo v\u00e0 d\u00f2ng s\u00f4ng Thu B\u1ed3n \u00eam \u0111\u1ec1m. T\u1eebng c\u0103n ph\u00f2ng \u0111\u01b0\u1ee3c ch\u0103m ch\u00fat nh\u1eb9 nh\u00e0ng, h\u00e0i h\u00f2a v\u1edbi thi\u00ean nhi\u00ean, mang \u0111\u1ebfn c\u1ea3m gi\u00e1c [&hellip;]\" \/>\n<meta property=\"og:url\" content=\"https:\/\/emeraldhoianriverside.com\/vi\/rooms-suite\/\" \/>\n<meta property=\"og:site_name\" content=\"Emerald Hoi An Riverside Resort\" \/>\n<meta property=\"article:modified_time\" content=\"2026-04-19T12:34:16+00:00\" \/>\n<meta name=\"twitter:card\" content=\"summary_large_image\" \/>\n<meta name=\"twitter:label1\" content=\"Est. reading time\" \/>\n\t<meta name=\"twitter:data1\" content=\"1 minute\" \/>\n<script type=\"application\/ld+json\" class=\"yoast-schema-graph\">{\"@context\":\"https:\/\/schema.org\",\"@graph\":[{\"@type\":\"WebPage\",\"@id\":\"https:\/\/emeraldhoianriverside.com\/vi\/rooms-suite\/\",\"url\":\"https:\/\/emeraldhoianriverside.com\/vi\/rooms-suite\/\",\"name\":\"Ph\u00f2ng - Emerald Hoi An Riverside Resort\",\"isPartOf\":{\"@id\":\"https:\/\/emeraldhoianriverside.com\/vi\/#website\"},\"datePublished\":\"2026-02-19T07:25:30+00:00\",\"dateModified\":\"2026-04-19T12:34:16+00:00\",\"breadcrumb\":{\"@id\":\"https:\/\/emeraldhoianriverside.com\/vi\/rooms-suite\/#breadcrumb\"},\"inLanguage\":\"vi-VN\",\"potentialAction\":[{\"@type\":\"ReadAction\",\"target\":[\"https:\/\/emeraldhoianriverside.com\/vi\/rooms-suite\/\"]}]},{\"@type\":\"BreadcrumbList\",\"@id\":\"https:\/\/emeraldhoianriverside.com\/vi\/rooms-suite\/#breadcrumb\",\"itemListElement\":[{\"@type\":\"ListItem\",\"position\":1,\"name\":\"Home\",\"item\":\"https:\/\/emeraldhoianriverside.com\/vi\/\"},{\"@type\":\"ListItem\",\"position\":2,\"name\":\"Ph\u00f2ng\"}]},{\"@type\":\"WebSite\",\"@id\":\"https:\/\/emeraldhoianriverside.com\/vi\/#website\",\"url\":\"https:\/\/emeraldhoianriverside.com\/vi\/\",\"name\":\"Emerald Hoi An Riverside Resort\",\"description\":\"\",\"potentialAction\":[{\"@type\":\"SearchAction\",\"target\":{\"@type\":\"EntryPoint\",\"urlTemplate\":\"https:\/\/emeraldhoianriverside.com\/vi\/?s={search_term_string}\"},\"query-input\":\"required name=search_term_string\"}],\"inLanguage\":\"vi-VN\"}]}<\/script>\n<!-- \/ Yoast SEO plugin. -->","yoast_head_json":{"title":"Ph\u00f2ng - Emerald Hoi An Riverside Resort","robots":{"index":"index","follow":"follow","max-snippet":"max-snippet:-1","max-image-preview":"max-image-preview:large","max-video-preview":"max-video-preview:-1"},"canonical":"https:\/\/emeraldhoianriverside.com\/vi\/rooms-suite\/","og_locale":"vi_VN","og_type":"article","og_title":"Ph\u00f2ng - Emerald Hoi An Riverside Resort","og_description":"Kh\u00f4ng gian ngh\u1ec9 d\u01b0\u1ee1ng t\u1ea1i Emerald Hoi An Riverside Resort g\u1ed3m 4 h\u1ea1ng ph\u00f2ng \u0111\u01b0\u1ee3c thi\u1ebft k\u1ebf tinh t\u1ebf, m\u1edf ra t\u1ea7m nh\u00ecn h\u01b0\u1edbng v\u01b0\u1eddn xanh m\u00e1t, h\u1ed3 b\u01a1i trong tr\u1ebbo v\u00e0 d\u00f2ng s\u00f4ng Thu B\u1ed3n \u00eam \u0111\u1ec1m. T\u1eebng c\u0103n ph\u00f2ng \u0111\u01b0\u1ee3c ch\u0103m ch\u00fat nh\u1eb9 nh\u00e0ng, h\u00e0i h\u00f2a v\u1edbi thi\u00ean nhi\u00ean, mang \u0111\u1ebfn c\u1ea3m gi\u00e1c [&hellip;]","og_url":"https:\/\/emeraldhoianriverside.com\/vi\/rooms-suite\/","og_site_name":"Emerald Hoi An Riverside Resort","article_modified_time":"2026-04-19T12:34:16+00:00","twitter_card":"summary_large_image","twitter_misc":{"Est. reading time":"1 minute"},"schema":{"@context":"https:\/\/schema.org","@graph":[{"@type":"WebPage","@id":"https:\/\/emeraldhoianriverside.com\/vi\/rooms-suite\/","url":"https:\/\/emeraldhoianriverside.com\/vi\/rooms-suite\/","name":"Ph\u00f2ng - Emerald Hoi An Riverside Resort","isPartOf":{"@id":"https:\/\/emeraldhoianriverside.com\/vi\/#website"},"datePublished":"2026-02-19T07:25:30+00:00","dateModified":"2026-04-19T12:34:16+00:00","breadcrumb":{"@id":"https:\/\/emeraldhoianriverside.com\/vi\/rooms-suite\/#breadcrumb"},"inLanguage":"vi-VN","potentialAction":[{"@type":"ReadAction","target":["https:\/\/emeraldhoianriverside.com\/vi\/rooms-suite\/"]}]},{"@type":"BreadcrumbList","@id":"https:\/\/emeraldhoianriverside.com\/vi\/rooms-suite\/#breadcrumb","itemListElement":[{"@type":"ListItem","position":1,"name":"Home","item":"https:\/\/emeraldhoianriverside.com\/vi\/"},{"@type":"ListItem","position":2,"name":"Ph\u00f2ng"}]},{"@type":"WebSite","@id":"https:\/\/emeraldhoianriverside.com\/vi\/#website","url":"https:\/\/emeraldhoianriverside.com\/vi\/","name":"Emerald Hoi An Riverside Resort","description":"","potentialAction":[{"@type":"SearchAction","target":{"@type":"EntryPoint","urlTemplate":"https:\/\/emeraldhoianriverside.com\/vi\/?s={search_term_string}"},"query-input":"required name=search_term_string"}],"inLanguage":"vi-VN"}]}},"acf":[],"_links":{"self":[{"href":"https:\/\/emeraldhoianriverside.com\/vi\/wp-json\/wp\/v2\/pages\/60"}],"collection":[{"href":"https:\/\/emeraldhoianriverside.com\/vi\/wp-json\/wp\/v2\/pages"}],"about":[{"href":"https:\/\/emeraldhoianriverside.com\/vi\/wp-json\/wp\/v2\/types\/page"}],"author":[{"embeddable":true,"href":"https:\/\/emeraldhoianriverside.com\/vi\/wp-json\/wp\/v2\/users\/90"}],"replies":[{"embeddable":true,"href":"https:\/\/emeraldhoianriverside.com\/vi\/wp-json\/wp\/v2\/comments?post=60"}],"version-history":[{"count":0,"href":"https:\/\/emeraldhoianriverside.com\/vi\/wp-json\/wp\/v2\/pages\/60\/revisions"}],"wp:attachment":[{"href":"https:\/\/emeraldhoianriverside.com\/vi\/wp-json\/wp\/v2\/media?parent=60"}],"curies":[{"name":"wp","href":"https:\/\/api.w.org\/{rel}","templated":true}]}}