{"id":58,"date":"2026-02-19T18:43:11","date_gmt":"2026-02-19T10:43:11","guid":{"rendered":"https:\/\/emeraldhoianriverside.ms2.decms.asia\/restaurant-bar\/"},"modified":"2026-04-19T16:43:19","modified_gmt":"2026-04-19T08:43:19","slug":"restaurant-bar","status":"publish","type":"page","link":"https:\/\/emeraldhoianriverside.com\/vi\/restaurant-bar\/","title":{"rendered":"\u1ea8m th\u1ef1c"},"content":{"rendered":"<p>\u1ea8m th\u1ef1c t\u1ea1i Emerald Hoi An Riverside Resort mang \u0111\u1ebfn nh\u1eefng tr\u1ea3i nghi\u1ec7m nh\u1eb9 nh\u00e0ng v\u00e0 tinh t\u1ebf, g\u1eafn li\u1ec1n v\u1edbi khung c\u1ea3nh s\u00f4ng n\u01b0\u1edbc y\u00ean b\u00ecnh. T\u1eeb b\u1eefa t\u1ed1i l\u00e3ng m\u1ea1n b\u00ean d\u00f2ng Thu B\u1ed3n, kh\u00f4ng gian nh\u00e0 h\u00e0ng \u1ea5m c\u00fang v\u1edbi th\u1ef1c \u0111\u01a1n \u00c1 \u2013 \u00c2u, \u0111\u1ebfn pool bar h\u01b0\u1edbng s\u00f4ng tho\u00e1ng \u0111\u00e3ng, t\u1ea5t c\u1ea3 t\u1ea1o n\u00ean nh\u1eefng kho\u1ea3nh kh\u1eafc th\u01b0 gi\u00e3n tr\u1ecdn v\u1eb9n trong su\u1ed1t k\u1ef3 ngh\u1ec9.<\/p>\n","protected":false},"excerpt":{"rendered":"<p>\u1ea8m th\u1ef1c t\u1ea1i Emerald Hoi An Riverside Resort mang \u0111\u1ebfn nh\u1eefng tr\u1ea3i nghi\u1ec7m nh\u1eb9 nh\u00e0ng v\u00e0 tinh t\u1ebf, g\u1eafn li\u1ec1n v\u1edbi khung c\u1ea3nh s\u00f4ng n\u01b0\u1edbc y\u00ean b\u00ecnh. T\u1eeb b\u1eefa t\u1ed1i l\u00e3ng m\u1ea1n b\u00ean d\u00f2ng Thu B\u1ed3n, kh\u00f4ng gian nh\u00e0 h\u00e0ng \u1ea5m c\u00fang v\u1edbi th\u1ef1c \u0111\u01a1n \u00c1 \u2013 \u00c2u, \u0111\u1ebfn pool bar h\u01b0\u1edbng s\u00f4ng tho\u00e1ng \u0111\u00e3ng, [&hellip;]<\/p>\n","protected":false},"author":90,"featured_media":0,"parent":0,"menu_order":0,"comment_status":"closed","ping_status":"closed","template":"template-restaurants.php","meta":{"footnotes":""},"yoast_head":"<!-- This site is optimized with the Yoast SEO plugin v22.3 - https:\/\/yoast.com\/wordpress\/plugins\/seo\/ -->\n<title>\u1ea8m th\u1ef1c - Emerald Hoi An Riverside Resort<\/title>\n<meta name=\"robots\" content=\"index, follow, max-snippet:-1, max-image-preview:large, max-video-preview:-1\" \/>\n<link rel=\"canonical\" href=\"https:\/\/emeraldhoianriverside.com\/vi\/restaurant-bar\/\" \/>\n<meta property=\"og:locale\" content=\"vi_VN\" \/>\n<meta property=\"og:type\" content=\"article\" \/>\n<meta property=\"og:title\" content=\"\u1ea8m th\u1ef1c - Emerald Hoi An Riverside Resort\" \/>\n<meta property=\"og:description\" content=\"\u1ea8m th\u1ef1c t\u1ea1i Emerald Hoi An Riverside Resort mang \u0111\u1ebfn nh\u1eefng tr\u1ea3i nghi\u1ec7m nh\u1eb9 nh\u00e0ng v\u00e0 tinh t\u1ebf, g\u1eafn li\u1ec1n v\u1edbi khung c\u1ea3nh s\u00f4ng n\u01b0\u1edbc y\u00ean b\u00ecnh. T\u1eeb b\u1eefa t\u1ed1i l\u00e3ng m\u1ea1n b\u00ean d\u00f2ng Thu B\u1ed3n, kh\u00f4ng gian nh\u00e0 h\u00e0ng \u1ea5m c\u00fang v\u1edbi th\u1ef1c \u0111\u01a1n \u00c1 \u2013 \u00c2u, \u0111\u1ebfn pool bar h\u01b0\u1edbng s\u00f4ng tho\u00e1ng \u0111\u00e3ng, [&hellip;]\" \/>\n<meta property=\"og:url\" content=\"https:\/\/emeraldhoianriverside.com\/vi\/restaurant-bar\/\" \/>\n<meta property=\"og:site_name\" content=\"Emerald Hoi An Riverside Resort\" \/>\n<meta property=\"article:modified_time\" content=\"2026-04-19T08:43:19+00:00\" \/>\n<meta name=\"twitter:card\" content=\"summary_large_image\" \/>\n<meta name=\"twitter:label1\" content=\"Est. reading time\" \/>\n\t<meta name=\"twitter:data1\" content=\"1 minute\" \/>\n<script type=\"application\/ld+json\" class=\"yoast-schema-graph\">{\"@context\":\"https:\/\/schema.org\",\"@graph\":[{\"@type\":\"WebPage\",\"@id\":\"https:\/\/emeraldhoianriverside.com\/vi\/restaurant-bar\/\",\"url\":\"https:\/\/emeraldhoianriverside.com\/vi\/restaurant-bar\/\",\"name\":\"\u1ea8m th\u1ef1c - Emerald Hoi An Riverside Resort\",\"isPartOf\":{\"@id\":\"https:\/\/emeraldhoianriverside.com\/vi\/#website\"},\"datePublished\":\"2026-02-19T10:43:11+00:00\",\"dateModified\":\"2026-04-19T08:43:19+00:00\",\"breadcrumb\":{\"@id\":\"https:\/\/emeraldhoianriverside.com\/vi\/restaurant-bar\/#breadcrumb\"},\"inLanguage\":\"vi-VN\",\"potentialAction\":[{\"@type\":\"ReadAction\",\"target\":[\"https:\/\/emeraldhoianriverside.com\/vi\/restaurant-bar\/\"]}]},{\"@type\":\"BreadcrumbList\",\"@id\":\"https:\/\/emeraldhoianriverside.com\/vi\/restaurant-bar\/#breadcrumb\",\"itemListElement\":[{\"@type\":\"ListItem\",\"position\":1,\"name\":\"Home\",\"item\":\"https:\/\/emeraldhoianriverside.com\/vi\/\"},{\"@type\":\"ListItem\",\"position\":2,\"name\":\"\u1ea8m th\u1ef1c\"}]},{\"@type\":\"WebSite\",\"@id\":\"https:\/\/emeraldhoianriverside.com\/vi\/#website\",\"url\":\"https:\/\/emeraldhoianriverside.com\/vi\/\",\"name\":\"Emerald Hoi An Riverside Resort\",\"description\":\"\",\"potentialAction\":[{\"@type\":\"SearchAction\",\"target\":{\"@type\":\"EntryPoint\",\"urlTemplate\":\"https:\/\/emeraldhoianriverside.com\/vi\/?s={search_term_string}\"},\"query-input\":\"required name=search_term_string\"}],\"inLanguage\":\"vi-VN\"}]}<\/script>\n<!-- \/ Yoast SEO plugin. -->","yoast_head_json":{"title":"\u1ea8m th\u1ef1c - Emerald Hoi An Riverside Resort","robots":{"index":"index","follow":"follow","max-snippet":"max-snippet:-1","max-image-preview":"max-image-preview:large","max-video-preview":"max-video-preview:-1"},"canonical":"https:\/\/emeraldhoianriverside.com\/vi\/restaurant-bar\/","og_locale":"vi_VN","og_type":"article","og_title":"\u1ea8m th\u1ef1c - Emerald Hoi An Riverside Resort","og_description":"\u1ea8m th\u1ef1c t\u1ea1i Emerald Hoi An Riverside Resort mang \u0111\u1ebfn nh\u1eefng tr\u1ea3i nghi\u1ec7m nh\u1eb9 nh\u00e0ng v\u00e0 tinh t\u1ebf, g\u1eafn li\u1ec1n v\u1edbi khung c\u1ea3nh s\u00f4ng n\u01b0\u1edbc y\u00ean b\u00ecnh. T\u1eeb b\u1eefa t\u1ed1i l\u00e3ng m\u1ea1n b\u00ean d\u00f2ng Thu B\u1ed3n, kh\u00f4ng gian nh\u00e0 h\u00e0ng \u1ea5m c\u00fang v\u1edbi th\u1ef1c \u0111\u01a1n \u00c1 \u2013 \u00c2u, \u0111\u1ebfn pool bar h\u01b0\u1edbng s\u00f4ng tho\u00e1ng \u0111\u00e3ng, [&hellip;]","og_url":"https:\/\/emeraldhoianriverside.com\/vi\/restaurant-bar\/","og_site_name":"Emerald Hoi An Riverside Resort","article_modified_time":"2026-04-19T08:43:19+00:00","twitter_card":"summary_large_image","twitter_misc":{"Est. reading time":"1 minute"},"schema":{"@context":"https:\/\/schema.org","@graph":[{"@type":"WebPage","@id":"https:\/\/emeraldhoianriverside.com\/vi\/restaurant-bar\/","url":"https:\/\/emeraldhoianriverside.com\/vi\/restaurant-bar\/","name":"\u1ea8m th\u1ef1c - Emerald Hoi An Riverside Resort","isPartOf":{"@id":"https:\/\/emeraldhoianriverside.com\/vi\/#website"},"datePublished":"2026-02-19T10:43:11+00:00","dateModified":"2026-04-19T08:43:19+00:00","breadcrumb":{"@id":"https:\/\/emeraldhoianriverside.com\/vi\/restaurant-bar\/#breadcrumb"},"inLanguage":"vi-VN","potentialAction":[{"@type":"ReadAction","target":["https:\/\/emeraldhoianriverside.com\/vi\/restaurant-bar\/"]}]},{"@type":"BreadcrumbList","@id":"https:\/\/emeraldhoianriverside.com\/vi\/restaurant-bar\/#breadcrumb","itemListElement":[{"@type":"ListItem","position":1,"name":"Home","item":"https:\/\/emeraldhoianriverside.com\/vi\/"},{"@type":"ListItem","position":2,"name":"\u1ea8m th\u1ef1c"}]},{"@type":"WebSite","@id":"https:\/\/emeraldhoianriverside.com\/vi\/#website","url":"https:\/\/emeraldhoianriverside.com\/vi\/","name":"Emerald Hoi An Riverside Resort","description":"","potentialAction":[{"@type":"SearchAction","target":{"@type":"EntryPoint","urlTemplate":"https:\/\/emeraldhoianriverside.com\/vi\/?s={search_term_string}"},"query-input":"required name=search_term_string"}],"inLanguage":"vi-VN"}]}},"acf":[],"_links":{"self":[{"href":"https:\/\/emeraldhoianriverside.com\/vi\/wp-json\/wp\/v2\/pages\/58"}],"collection":[{"href":"https:\/\/emeraldhoianriverside.com\/vi\/wp-json\/wp\/v2\/pages"}],"about":[{"href":"https:\/\/emeraldhoianriverside.com\/vi\/wp-json\/wp\/v2\/types\/page"}],"author":[{"embeddable":true,"href":"https:\/\/emeraldhoianriverside.com\/vi\/wp-json\/wp\/v2\/users\/90"}],"replies":[{"embeddable":true,"href":"https:\/\/emeraldhoianriverside.com\/vi\/wp-json\/wp\/v2\/comments?post=58"}],"version-history":[{"count":0,"href":"https:\/\/emeraldhoianriverside.com\/vi\/wp-json\/wp\/v2\/pages\/58\/revisions"}],"wp:attachment":[{"href":"https:\/\/emeraldhoianriverside.com\/vi\/wp-json\/wp\/v2\/media?parent=58"}],"curies":[{"name":"wp","href":"https:\/\/api.w.org\/{rel}","templated":true}]}}