{"id":351,"date":"2026-05-09T13:06:05","date_gmt":"2026-05-09T05:06:05","guid":{"rendered":"https:\/\/emeraldhoianriverside.com\/?page_id=351"},"modified":"2026-05-09T13:06:15","modified_gmt":"2026-05-09T05:06:15","slug":"luu-tru-tron-vi","status":"publish","type":"page","link":"https:\/\/emeraldhoianriverside.com\/vi\/enjoy-our-newest-perks-and-offers\/luu-tru-tron-vi\/","title":{"rendered":"L\u01b0u Tr\u00fa Tr\u1ecdn V\u1ecb"},"content":{"rendered":"<p>T\u1eadn h\u01b0\u1edfng k\u1ef3 ngh\u1ec9 gi\u1eefa kh\u00f4ng gian xanh m\u00e1t, v\u1edbi m\u1ed9t \u0111\u00eam t\u1ea1i ph\u00f2ng h\u01b0\u1edbng v\u01b0\u1eddn xanh m\u00e1t v\u00e0 bu\u1ed5i tr\u00e0 chi\u1ec1u b\u00ean s\u00f4ng Thu B\u1ed3n trong l\u00e0n gi\u00f3 nh\u1eb9.<\/p>\n<p><strong>G\u00f3i ph\u00f2ng ch\u1ec9 t\u1eeb 725.000 VN\u0110\/kh\u00e1ch, <\/strong>bao g\u1ed3m:<\/p>\n<ul>\n<li>01 \u0111\u00eam ngh\u1ec9 d\u01b0\u1ee1ng t\u1ea1i ph\u00f2ng Deluxe Garden<\/li>\n<li>01 set tr\u00e0 chi\u1ec1u phong c\u00e1ch d\u00e0nh cho 02 kh\u00e1ch<\/li>\n<\/ul>\n<p><strong>\u0110i\u1ec1u ki\u1ec7n &amp; \u0110i\u1ec1u kho\u1ea3n:<\/strong><\/p>\n<ul>\n<li>Th\u1eddi gian \u00e1p d\u1ee5ng: \u0110\u1ebfn h\u1ebft ng\u00e0y 30\/06\/2026<\/li>\n<li>\u00c1p d\u1ee5ng t\u1eeb 02 kh\u00e1ch tr\u1edf l\u00ean<\/li>\n<\/ul>\n","protected":false},"excerpt":{"rendered":"<p>T\u1eadn h\u01b0\u1edfng k\u1ef3 ngh\u1ec9 gi\u1eefa kh\u00f4ng gian xanh m\u00e1t, v\u1edbi m\u1ed9t \u0111\u00eam t\u1ea1i ph\u00f2ng h\u01b0\u1edbng v\u01b0\u1eddn xanh m\u00e1t v\u00e0 bu\u1ed5i tr\u00e0 chi\u1ec1u b\u00ean s\u00f4ng Thu B\u1ed3n trong l\u00e0n gi\u00f3 nh\u1eb9. G\u00f3i ph\u00f2ng ch\u1ec9 t\u1eeb 725.000 VN\u0110\/kh\u00e1ch, bao g\u1ed3m: 01 \u0111\u00eam ngh\u1ec9 d\u01b0\u1ee1ng t\u1ea1i ph\u00f2ng Deluxe Garden 01 set tr\u00e0 chi\u1ec1u phong c\u00e1ch d\u00e0nh cho 02 [&hellip;]<\/p>\n","protected":false},"author":249,"featured_media":352,"parent":85,"menu_order":0,"comment_status":"closed","ping_status":"closed","template":"template-single-offer.php","meta":{"footnotes":""},"yoast_head":"<!-- This site is optimized with the Yoast SEO plugin v22.3 - https:\/\/yoast.com\/wordpress\/plugins\/seo\/ -->\n<title>L\u01b0u Tr\u00fa Tr\u1ecdn V\u1ecb - Emerald Hoi An Riverside Resort<\/title>\n<meta name=\"robots\" content=\"index, follow, max-snippet:-1, max-image-preview:large, max-video-preview:-1\" \/>\n<link rel=\"canonical\" href=\"https:\/\/emeraldhoianriverside.com\/vi\/enjoy-our-newest-perks-and-offers\/luu-tru-tron-vi\/\" \/>\n<meta property=\"og:locale\" content=\"vi_VN\" \/>\n<meta property=\"og:type\" content=\"article\" \/>\n<meta property=\"og:title\" content=\"L\u01b0u Tr\u00fa Tr\u1ecdn V\u1ecb - Emerald Hoi An Riverside Resort\" \/>\n<meta property=\"og:description\" content=\"T\u1eadn h\u01b0\u1edfng k\u1ef3 ngh\u1ec9 gi\u1eefa kh\u00f4ng gian xanh m\u00e1t, v\u1edbi m\u1ed9t \u0111\u00eam t\u1ea1i ph\u00f2ng h\u01b0\u1edbng v\u01b0\u1eddn xanh m\u00e1t v\u00e0 bu\u1ed5i tr\u00e0 chi\u1ec1u b\u00ean s\u00f4ng Thu B\u1ed3n trong l\u00e0n gi\u00f3 nh\u1eb9. G\u00f3i ph\u00f2ng ch\u1ec9 t\u1eeb 725.000 VN\u0110\/kh\u00e1ch, bao g\u1ed3m: 01 \u0111\u00eam ngh\u1ec9 d\u01b0\u1ee1ng t\u1ea1i ph\u00f2ng Deluxe Garden 01 set tr\u00e0 chi\u1ec1u phong c\u00e1ch d\u00e0nh cho 02 [&hellip;]\" \/>\n<meta property=\"og:url\" content=\"https:\/\/emeraldhoianriverside.com\/vi\/enjoy-our-newest-perks-and-offers\/luu-tru-tron-vi\/\" \/>\n<meta property=\"og:site_name\" content=\"Emerald Hoi An Riverside Resort\" \/>\n<meta property=\"article:modified_time\" content=\"2026-05-09T05:06:15+00:00\" \/>\n<meta property=\"og:image\" content=\"https:\/\/emeraldhoianriverside.com\/wp-content\/uploads\/sites\/161\/2026\/05\/stay-with-flavor.jpg\" \/>\n\t<meta property=\"og:image:width\" content=\"2200\" \/>\n\t<meta property=\"og:image:height\" content=\"1513\" \/>\n\t<meta property=\"og:image:type\" content=\"image\/jpeg\" \/>\n<meta name=\"twitter:card\" content=\"summary_large_image\" \/>\n<meta name=\"twitter:label1\" content=\"Est. reading time\" \/>\n\t<meta name=\"twitter:data1\" content=\"1 minute\" \/>\n<script type=\"application\/ld+json\" class=\"yoast-schema-graph\">{\"@context\":\"https:\/\/schema.org\",\"@graph\":[{\"@type\":\"WebPage\",\"@id\":\"https:\/\/emeraldhoianriverside.com\/vi\/enjoy-our-newest-perks-and-offers\/luu-tru-tron-vi\/\",\"url\":\"https:\/\/emeraldhoianriverside.com\/vi\/enjoy-our-newest-perks-and-offers\/luu-tru-tron-vi\/\",\"name\":\"L\u01b0u Tr\u00fa Tr\u1ecdn V\u1ecb - Emerald Hoi An Riverside Resort\",\"isPartOf\":{\"@id\":\"https:\/\/emeraldhoianriverside.com\/vi\/#website\"},\"primaryImageOfPage\":{\"@id\":\"https:\/\/emeraldhoianriverside.com\/vi\/enjoy-our-newest-perks-and-offers\/luu-tru-tron-vi\/#primaryimage\"},\"image\":{\"@id\":\"https:\/\/emeraldhoianriverside.com\/vi\/enjoy-our-newest-perks-and-offers\/luu-tru-tron-vi\/#primaryimage\"},\"thumbnailUrl\":\"https:\/\/emeraldhoianriverside.com\/wp-content\/uploads\/sites\/161\/2026\/05\/stay-with-flavor.jpg\",\"datePublished\":\"2026-05-09T05:06:05+00:00\",\"dateModified\":\"2026-05-09T05:06:15+00:00\",\"breadcrumb\":{\"@id\":\"https:\/\/emeraldhoianriverside.com\/vi\/enjoy-our-newest-perks-and-offers\/luu-tru-tron-vi\/#breadcrumb\"},\"inLanguage\":\"vi-VN\",\"potentialAction\":[{\"@type\":\"ReadAction\",\"target\":[\"https:\/\/emeraldhoianriverside.com\/vi\/enjoy-our-newest-perks-and-offers\/luu-tru-tron-vi\/\"]}]},{\"@type\":\"ImageObject\",\"inLanguage\":\"vi-VN\",\"@id\":\"https:\/\/emeraldhoianriverside.com\/vi\/enjoy-our-newest-perks-and-offers\/luu-tru-tron-vi\/#primaryimage\",\"url\":\"https:\/\/emeraldhoianriverside.com\/wp-content\/uploads\/sites\/161\/2026\/05\/stay-with-flavor.jpg\",\"contentUrl\":\"https:\/\/emeraldhoianriverside.com\/wp-content\/uploads\/sites\/161\/2026\/05\/stay-with-flavor.jpg\",\"width\":2200,\"height\":1513},{\"@type\":\"BreadcrumbList\",\"@id\":\"https:\/\/emeraldhoianriverside.com\/vi\/enjoy-our-newest-perks-and-offers\/luu-tru-tron-vi\/#breadcrumb\",\"itemListElement\":[{\"@type\":\"ListItem\",\"position\":1,\"name\":\"Home\",\"item\":\"https:\/\/emeraldhoianriverside.com\/vi\/\"},{\"@type\":\"ListItem\",\"position\":2,\"name\":\"\u01afu \u0111\u00e3i\",\"item\":\"https:\/\/emeraldhoianriverside.com\/vi\/enjoy-our-newest-perks-and-offers\/\"},{\"@type\":\"ListItem\",\"position\":3,\"name\":\"L\u01b0u Tr\u00fa Tr\u1ecdn V\u1ecb\"}]},{\"@type\":\"WebSite\",\"@id\":\"https:\/\/emeraldhoianriverside.com\/vi\/#website\",\"url\":\"https:\/\/emeraldhoianriverside.com\/vi\/\",\"name\":\"Emerald Hoi An Riverside Resort\",\"description\":\"\",\"potentialAction\":[{\"@type\":\"SearchAction\",\"target\":{\"@type\":\"EntryPoint\",\"urlTemplate\":\"https:\/\/emeraldhoianriverside.com\/vi\/?s={search_term_string}\"},\"query-input\":\"required name=search_term_string\"}],\"inLanguage\":\"vi-VN\"}]}<\/script>\n<!-- \/ Yoast SEO plugin. -->","yoast_head_json":{"title":"L\u01b0u Tr\u00fa Tr\u1ecdn V\u1ecb - Emerald Hoi An Riverside Resort","robots":{"index":"index","follow":"follow","max-snippet":"max-snippet:-1","max-image-preview":"max-image-preview:large","max-video-preview":"max-video-preview:-1"},"canonical":"https:\/\/emeraldhoianriverside.com\/vi\/enjoy-our-newest-perks-and-offers\/luu-tru-tron-vi\/","og_locale":"vi_VN","og_type":"article","og_title":"L\u01b0u Tr\u00fa Tr\u1ecdn V\u1ecb - Emerald Hoi An Riverside Resort","og_description":"T\u1eadn h\u01b0\u1edfng k\u1ef3 ngh\u1ec9 gi\u1eefa kh\u00f4ng gian xanh m\u00e1t, v\u1edbi m\u1ed9t \u0111\u00eam t\u1ea1i ph\u00f2ng h\u01b0\u1edbng v\u01b0\u1eddn xanh m\u00e1t v\u00e0 bu\u1ed5i tr\u00e0 chi\u1ec1u b\u00ean s\u00f4ng Thu B\u1ed3n trong l\u00e0n gi\u00f3 nh\u1eb9. G\u00f3i ph\u00f2ng ch\u1ec9 t\u1eeb 725.000 VN\u0110\/kh\u00e1ch, bao g\u1ed3m: 01 \u0111\u00eam ngh\u1ec9 d\u01b0\u1ee1ng t\u1ea1i ph\u00f2ng Deluxe Garden 01 set tr\u00e0 chi\u1ec1u phong c\u00e1ch d\u00e0nh cho 02 [&hellip;]","og_url":"https:\/\/emeraldhoianriverside.com\/vi\/enjoy-our-newest-perks-and-offers\/luu-tru-tron-vi\/","og_site_name":"Emerald Hoi An Riverside Resort","article_modified_time":"2026-05-09T05:06:15+00:00","og_image":[{"width":2200,"height":1513,"url":"https:\/\/emeraldhoianriverside.com\/wp-content\/uploads\/sites\/161\/2026\/05\/stay-with-flavor.jpg","type":"image\/jpeg"}],"twitter_card":"summary_large_image","twitter_misc":{"Est. reading time":"1 minute"},"schema":{"@context":"https:\/\/schema.org","@graph":[{"@type":"WebPage","@id":"https:\/\/emeraldhoianriverside.com\/vi\/enjoy-our-newest-perks-and-offers\/luu-tru-tron-vi\/","url":"https:\/\/emeraldhoianriverside.com\/vi\/enjoy-our-newest-perks-and-offers\/luu-tru-tron-vi\/","name":"L\u01b0u Tr\u00fa Tr\u1ecdn V\u1ecb - Emerald Hoi An Riverside Resort","isPartOf":{"@id":"https:\/\/emeraldhoianriverside.com\/vi\/#website"},"primaryImageOfPage":{"@id":"https:\/\/emeraldhoianriverside.com\/vi\/enjoy-our-newest-perks-and-offers\/luu-tru-tron-vi\/#primaryimage"},"image":{"@id":"https:\/\/emeraldhoianriverside.com\/vi\/enjoy-our-newest-perks-and-offers\/luu-tru-tron-vi\/#primaryimage"},"thumbnailUrl":"https:\/\/emeraldhoianriverside.com\/wp-content\/uploads\/sites\/161\/2026\/05\/stay-with-flavor.jpg","datePublished":"2026-05-09T05:06:05+00:00","dateModified":"2026-05-09T05:06:15+00:00","breadcrumb":{"@id":"https:\/\/emeraldhoianriverside.com\/vi\/enjoy-our-newest-perks-and-offers\/luu-tru-tron-vi\/#breadcrumb"},"inLanguage":"vi-VN","potentialAction":[{"@type":"ReadAction","target":["https:\/\/emeraldhoianriverside.com\/vi\/enjoy-our-newest-perks-and-offers\/luu-tru-tron-vi\/"]}]},{"@type":"ImageObject","inLanguage":"vi-VN","@id":"https:\/\/emeraldhoianriverside.com\/vi\/enjoy-our-newest-perks-and-offers\/luu-tru-tron-vi\/#primaryimage","url":"https:\/\/emeraldhoianriverside.com\/wp-content\/uploads\/sites\/161\/2026\/05\/stay-with-flavor.jpg","contentUrl":"https:\/\/emeraldhoianriverside.com\/wp-content\/uploads\/sites\/161\/2026\/05\/stay-with-flavor.jpg","width":2200,"height":1513},{"@type":"BreadcrumbList","@id":"https:\/\/emeraldhoianriverside.com\/vi\/enjoy-our-newest-perks-and-offers\/luu-tru-tron-vi\/#breadcrumb","itemListElement":[{"@type":"ListItem","position":1,"name":"Home","item":"https:\/\/emeraldhoianriverside.com\/vi\/"},{"@type":"ListItem","position":2,"name":"\u01afu \u0111\u00e3i","item":"https:\/\/emeraldhoianriverside.com\/vi\/enjoy-our-newest-perks-and-offers\/"},{"@type":"ListItem","position":3,"name":"L\u01b0u Tr\u00fa Tr\u1ecdn V\u1ecb"}]},{"@type":"WebSite","@id":"https:\/\/emeraldhoianriverside.com\/vi\/#website","url":"https:\/\/emeraldhoianriverside.com\/vi\/","name":"Emerald Hoi An Riverside Resort","description":"","potentialAction":[{"@type":"SearchAction","target":{"@type":"EntryPoint","urlTemplate":"https:\/\/emeraldhoianriverside.com\/vi\/?s={search_term_string}"},"query-input":"required name=search_term_string"}],"inLanguage":"vi-VN"}]}},"acf":[],"_links":{"self":[{"href":"https:\/\/emeraldhoianriverside.com\/vi\/wp-json\/wp\/v2\/pages\/351"}],"collection":[{"href":"https:\/\/emeraldhoianriverside.com\/vi\/wp-json\/wp\/v2\/pages"}],"about":[{"href":"https:\/\/emeraldhoianriverside.com\/vi\/wp-json\/wp\/v2\/types\/page"}],"author":[{"embeddable":true,"href":"https:\/\/emeraldhoianriverside.com\/vi\/wp-json\/wp\/v2\/users\/249"}],"replies":[{"embeddable":true,"href":"https:\/\/emeraldhoianriverside.com\/vi\/wp-json\/wp\/v2\/comments?post=351"}],"version-history":[{"count":0,"href":"https:\/\/emeraldhoianriverside.com\/vi\/wp-json\/wp\/v2\/pages\/351\/revisions"}],"up":[{"embeddable":true,"href":"https:\/\/emeraldhoianriverside.com\/vi\/wp-json\/wp\/v2\/pages\/85"}],"wp:featuredmedia":[{"embeddable":true,"href":"https:\/\/emeraldhoianriverside.com\/vi\/wp-json\/wp\/v2\/media\/352"}],"wp:attachment":[{"href":"https:\/\/emeraldhoianriverside.com\/vi\/wp-json\/wp\/v2\/media?parent=351"}],"curies":[{"name":"wp","href":"https:\/\/api.w.org\/{rel}","templated":true}]}}