{"id":339,"date":"2026-05-04T10:07:02","date_gmt":"2026-05-04T02:07:02","guid":{"rendered":"https:\/\/emeraldhoianriverside.com\/?page_id=339"},"modified":"2026-05-04T15:54:56","modified_gmt":"2026-05-04T07:54:56","slug":"trai-nghiem-hoi-an-dich-thuc","status":"publish","type":"page","link":"https:\/\/emeraldhoianriverside.com\/vi\/enjoy-our-newest-perks-and-offers\/trai-nghiem-hoi-an-dich-thuc\/","title":{"rendered":"Tr\u1ea3i nghi\u1ec7m H\u1ed9i An \u0111\u00edch th\u1ef1c"},"content":{"rendered":"<p>Kh\u00e1m ph\u00e1 tinh hoa \u0111\u00edch th\u1ef1c c\u1ee7a H\u1ed9i An qua k\u1ef3 ngh\u1ec9 \u0111\u01b0\u1ee3c thi\u1ebft k\u1ebf ri\u00eang d\u00e0nh cho nh\u1eefng t\u00edn \u0111\u1ed3 \u1ea9m th\u1ef1c. Gh\u00e9 th\u0103m khu ch\u1ee3 \u0111\u1ecba ph\u01b0\u01a1ng s\u00f4i \u0111\u1ed9ng, h\u00f2a m\u00ecnh v\u00e0o s\u1eafc m\u00e0u, \u00e2m thanh v\u00e0 h\u01b0\u01a1ng v\u1ecb \u0111\u1eb7c tr\u01b0ng, \u0111\u1ed3ng th\u1eddi giao l\u01b0u v\u1edbi ti\u1ec3u th\u01b0\u01a1ng v\u00e0 t\u00ecm hi\u1ec3u v\u1ec1 nh\u1eefng nguy\u00ean li\u1ec7u t\u01b0\u01a1i ngon cho tr\u1ea3i nghi\u1ec7m n\u1ea5u \u0103n s\u1eafp t\u1edbi c\u1ee7a b\u1ea1n.<\/p>\n<p><strong>B<\/strong><strong>ao g\u1ed3m:<\/strong><\/p>\n<ul>\n<li>2 \u0111\u00eam ngh\u1ec9 t\u1ea1i h\u1ea1ng ph\u00f2ng Deluxe Garden Room<\/li>\n<li>s\u00e1ng h\u1eb1ng ng\u00e0y cho 02 kh\u00e1ch<\/li>\n<li>L\u1edbp h\u1ecdc n\u1ea5u \u0103n Vi\u1ec7t Nam th\u1ef1c h\u00e0nh k\u00e8m tr\u1ea3i nghi\u1ec7m tham quan ch\u1ee3 \u0111\u1ecba ph\u01b0\u01a1ng c\u00f3 h\u01b0\u1edbng d\u1eabn<\/li>\n<li>Gi\u1ea3m 20% d\u1ecbch v\u1ee5 Spa<\/li>\n<\/ul>\n<p><strong>\u0110i\u1ec1u kho\u1ea3n &amp; \u0110i\u1ec1u ki\u1ec7n \u00e1p d\u1ee5ng<\/strong><\/p>\n<p>\u00c1p d\u1ee5ng cho \u0111\u1eb7t ph\u00f2ng t\u1eeb nay \u0111\u1ebfn 20\/12\/2026<\/p>\n","protected":false},"excerpt":{"rendered":"<p>Kh\u00e1m ph\u00e1 tinh hoa \u0111\u00edch th\u1ef1c c\u1ee7a H\u1ed9i An qua k\u1ef3 ngh\u1ec9 \u0111\u01b0\u1ee3c thi\u1ebft k\u1ebf ri\u00eang d\u00e0nh cho nh\u1eefng t\u00edn \u0111\u1ed3 \u1ea9m th\u1ef1c. Gh\u00e9 th\u0103m khu ch\u1ee3 \u0111\u1ecba ph\u01b0\u01a1ng s\u00f4i \u0111\u1ed9ng, h\u00f2a m\u00ecnh v\u00e0o s\u1eafc m\u00e0u, \u00e2m thanh v\u00e0 h\u01b0\u01a1ng v\u1ecb \u0111\u1eb7c tr\u01b0ng, \u0111\u1ed3ng th\u1eddi giao l\u01b0u v\u1edbi ti\u1ec3u th\u01b0\u01a1ng v\u00e0 t\u00ecm hi\u1ec3u v\u1ec1 nh\u1eefng [&hellip;]<\/p>\n","protected":false},"author":249,"featured_media":344,"parent":85,"menu_order":0,"comment_status":"closed","ping_status":"closed","template":"template-single-offer.php","meta":{"footnotes":""},"yoast_head":"<!-- This site is optimized with the Yoast SEO plugin v22.3 - https:\/\/yoast.com\/wordpress\/plugins\/seo\/ -->\n<title>Tr\u1ea3i nghi\u1ec7m H\u1ed9i An \u0111\u00edch th\u1ef1c - Emerald Hoi An Riverside Resort<\/title>\n<meta name=\"robots\" content=\"index, follow, max-snippet:-1, max-image-preview:large, max-video-preview:-1\" \/>\n<link rel=\"canonical\" href=\"https:\/\/emeraldhoianriverside.com\/vi\/enjoy-our-newest-perks-and-offers\/trai-nghiem-hoi-an-dich-thuc\/\" \/>\n<meta property=\"og:locale\" content=\"vi_VN\" \/>\n<meta property=\"og:type\" content=\"article\" \/>\n<meta property=\"og:title\" content=\"Tr\u1ea3i nghi\u1ec7m H\u1ed9i An \u0111\u00edch th\u1ef1c - Emerald Hoi An Riverside Resort\" \/>\n<meta property=\"og:description\" content=\"Kh\u00e1m ph\u00e1 tinh hoa \u0111\u00edch th\u1ef1c c\u1ee7a H\u1ed9i An qua k\u1ef3 ngh\u1ec9 \u0111\u01b0\u1ee3c thi\u1ebft k\u1ebf ri\u00eang d\u00e0nh cho nh\u1eefng t\u00edn \u0111\u1ed3 \u1ea9m th\u1ef1c. Gh\u00e9 th\u0103m khu ch\u1ee3 \u0111\u1ecba ph\u01b0\u01a1ng s\u00f4i \u0111\u1ed9ng, h\u00f2a m\u00ecnh v\u00e0o s\u1eafc m\u00e0u, \u00e2m thanh v\u00e0 h\u01b0\u01a1ng v\u1ecb \u0111\u1eb7c tr\u01b0ng, \u0111\u1ed3ng th\u1eddi giao l\u01b0u v\u1edbi ti\u1ec3u th\u01b0\u01a1ng v\u00e0 t\u00ecm hi\u1ec3u v\u1ec1 nh\u1eefng [&hellip;]\" \/>\n<meta property=\"og:url\" content=\"https:\/\/emeraldhoianriverside.com\/vi\/enjoy-our-newest-perks-and-offers\/trai-nghiem-hoi-an-dich-thuc\/\" \/>\n<meta property=\"og:site_name\" content=\"Emerald Hoi An Riverside Resort\" \/>\n<meta property=\"article:modified_time\" content=\"2026-05-04T07:54:56+00:00\" \/>\n<meta property=\"og:image\" content=\"https:\/\/emeraldhoianriverside.com\/wp-content\/uploads\/sites\/161\/2026\/05\/Emerald-Cooking-Class-1024x704.png\" \/>\n\t<meta property=\"og:image:width\" content=\"1024\" \/>\n\t<meta property=\"og:image:height\" content=\"704\" \/>\n\t<meta property=\"og:image:type\" content=\"image\/png\" \/>\n<meta name=\"twitter:card\" content=\"summary_large_image\" \/>\n<meta name=\"twitter:label1\" content=\"Est. reading time\" \/>\n\t<meta name=\"twitter:data1\" content=\"1 minute\" \/>\n<script type=\"application\/ld+json\" class=\"yoast-schema-graph\">{\"@context\":\"https:\/\/schema.org\",\"@graph\":[{\"@type\":\"WebPage\",\"@id\":\"https:\/\/emeraldhoianriverside.com\/vi\/enjoy-our-newest-perks-and-offers\/trai-nghiem-hoi-an-dich-thuc\/\",\"url\":\"https:\/\/emeraldhoianriverside.com\/vi\/enjoy-our-newest-perks-and-offers\/trai-nghiem-hoi-an-dich-thuc\/\",\"name\":\"Tr\u1ea3i nghi\u1ec7m H\u1ed9i An \u0111\u00edch th\u1ef1c - Emerald Hoi An Riverside Resort\",\"isPartOf\":{\"@id\":\"https:\/\/emeraldhoianriverside.com\/vi\/#website\"},\"primaryImageOfPage\":{\"@id\":\"https:\/\/emeraldhoianriverside.com\/vi\/enjoy-our-newest-perks-and-offers\/trai-nghiem-hoi-an-dich-thuc\/#primaryimage\"},\"image\":{\"@id\":\"https:\/\/emeraldhoianriverside.com\/vi\/enjoy-our-newest-perks-and-offers\/trai-nghiem-hoi-an-dich-thuc\/#primaryimage\"},\"thumbnailUrl\":\"https:\/\/emeraldhoianriverside.com\/wp-content\/uploads\/sites\/161\/2026\/05\/Emerald-Cooking-Class.png\",\"datePublished\":\"2026-05-04T02:07:02+00:00\",\"dateModified\":\"2026-05-04T07:54:56+00:00\",\"breadcrumb\":{\"@id\":\"https:\/\/emeraldhoianriverside.com\/vi\/enjoy-our-newest-perks-and-offers\/trai-nghiem-hoi-an-dich-thuc\/#breadcrumb\"},\"inLanguage\":\"vi-VN\",\"potentialAction\":[{\"@type\":\"ReadAction\",\"target\":[\"https:\/\/emeraldhoianriverside.com\/vi\/enjoy-our-newest-perks-and-offers\/trai-nghiem-hoi-an-dich-thuc\/\"]}]},{\"@type\":\"ImageObject\",\"inLanguage\":\"vi-VN\",\"@id\":\"https:\/\/emeraldhoianriverside.com\/vi\/enjoy-our-newest-perks-and-offers\/trai-nghiem-hoi-an-dich-thuc\/#primaryimage\",\"url\":\"https:\/\/emeraldhoianriverside.com\/wp-content\/uploads\/sites\/161\/2026\/05\/Emerald-Cooking-Class.png\",\"contentUrl\":\"https:\/\/emeraldhoianriverside.com\/wp-content\/uploads\/sites\/161\/2026\/05\/Emerald-Cooking-Class.png\",\"width\":2200,\"height\":1513},{\"@type\":\"BreadcrumbList\",\"@id\":\"https:\/\/emeraldhoianriverside.com\/vi\/enjoy-our-newest-perks-and-offers\/trai-nghiem-hoi-an-dich-thuc\/#breadcrumb\",\"itemListElement\":[{\"@type\":\"ListItem\",\"position\":1,\"name\":\"Home\",\"item\":\"https:\/\/emeraldhoianriverside.com\/vi\/\"},{\"@type\":\"ListItem\",\"position\":2,\"name\":\"\u01afu \u0111\u00e3i\",\"item\":\"https:\/\/emeraldhoianriverside.com\/vi\/enjoy-our-newest-perks-and-offers\/\"},{\"@type\":\"ListItem\",\"position\":3,\"name\":\"Tr\u1ea3i nghi\u1ec7m H\u1ed9i An \u0111\u00edch th\u1ef1c\"}]},{\"@type\":\"WebSite\",\"@id\":\"https:\/\/emeraldhoianriverside.com\/vi\/#website\",\"url\":\"https:\/\/emeraldhoianriverside.com\/vi\/\",\"name\":\"Emerald Hoi An Riverside Resort\",\"description\":\"\",\"potentialAction\":[{\"@type\":\"SearchAction\",\"target\":{\"@type\":\"EntryPoint\",\"urlTemplate\":\"https:\/\/emeraldhoianriverside.com\/vi\/?s={search_term_string}\"},\"query-input\":\"required name=search_term_string\"}],\"inLanguage\":\"vi-VN\"}]}<\/script>\n<!-- \/ Yoast SEO plugin. -->","yoast_head_json":{"title":"Tr\u1ea3i nghi\u1ec7m H\u1ed9i An \u0111\u00edch th\u1ef1c - Emerald Hoi An Riverside Resort","robots":{"index":"index","follow":"follow","max-snippet":"max-snippet:-1","max-image-preview":"max-image-preview:large","max-video-preview":"max-video-preview:-1"},"canonical":"https:\/\/emeraldhoianriverside.com\/vi\/enjoy-our-newest-perks-and-offers\/trai-nghiem-hoi-an-dich-thuc\/","og_locale":"vi_VN","og_type":"article","og_title":"Tr\u1ea3i nghi\u1ec7m H\u1ed9i An \u0111\u00edch th\u1ef1c - Emerald Hoi An Riverside Resort","og_description":"Kh\u00e1m ph\u00e1 tinh hoa \u0111\u00edch th\u1ef1c c\u1ee7a H\u1ed9i An qua k\u1ef3 ngh\u1ec9 \u0111\u01b0\u1ee3c thi\u1ebft k\u1ebf ri\u00eang d\u00e0nh cho nh\u1eefng t\u00edn \u0111\u1ed3 \u1ea9m th\u1ef1c. Gh\u00e9 th\u0103m khu ch\u1ee3 \u0111\u1ecba ph\u01b0\u01a1ng s\u00f4i \u0111\u1ed9ng, h\u00f2a m\u00ecnh v\u00e0o s\u1eafc m\u00e0u, \u00e2m thanh v\u00e0 h\u01b0\u01a1ng v\u1ecb \u0111\u1eb7c tr\u01b0ng, \u0111\u1ed3ng th\u1eddi giao l\u01b0u v\u1edbi ti\u1ec3u th\u01b0\u01a1ng v\u00e0 t\u00ecm hi\u1ec3u v\u1ec1 nh\u1eefng [&hellip;]","og_url":"https:\/\/emeraldhoianriverside.com\/vi\/enjoy-our-newest-perks-and-offers\/trai-nghiem-hoi-an-dich-thuc\/","og_site_name":"Emerald Hoi An Riverside Resort","article_modified_time":"2026-05-04T07:54:56+00:00","og_image":[{"width":1024,"height":704,"url":"https:\/\/emeraldhoianriverside.com\/wp-content\/uploads\/sites\/161\/2026\/05\/Emerald-Cooking-Class-1024x704.png","type":"image\/png"}],"twitter_card":"summary_large_image","twitter_misc":{"Est. reading time":"1 minute"},"schema":{"@context":"https:\/\/schema.org","@graph":[{"@type":"WebPage","@id":"https:\/\/emeraldhoianriverside.com\/vi\/enjoy-our-newest-perks-and-offers\/trai-nghiem-hoi-an-dich-thuc\/","url":"https:\/\/emeraldhoianriverside.com\/vi\/enjoy-our-newest-perks-and-offers\/trai-nghiem-hoi-an-dich-thuc\/","name":"Tr\u1ea3i nghi\u1ec7m H\u1ed9i An \u0111\u00edch th\u1ef1c - Emerald Hoi An Riverside Resort","isPartOf":{"@id":"https:\/\/emeraldhoianriverside.com\/vi\/#website"},"primaryImageOfPage":{"@id":"https:\/\/emeraldhoianriverside.com\/vi\/enjoy-our-newest-perks-and-offers\/trai-nghiem-hoi-an-dich-thuc\/#primaryimage"},"image":{"@id":"https:\/\/emeraldhoianriverside.com\/vi\/enjoy-our-newest-perks-and-offers\/trai-nghiem-hoi-an-dich-thuc\/#primaryimage"},"thumbnailUrl":"https:\/\/emeraldhoianriverside.com\/wp-content\/uploads\/sites\/161\/2026\/05\/Emerald-Cooking-Class.png","datePublished":"2026-05-04T02:07:02+00:00","dateModified":"2026-05-04T07:54:56+00:00","breadcrumb":{"@id":"https:\/\/emeraldhoianriverside.com\/vi\/enjoy-our-newest-perks-and-offers\/trai-nghiem-hoi-an-dich-thuc\/#breadcrumb"},"inLanguage":"vi-VN","potentialAction":[{"@type":"ReadAction","target":["https:\/\/emeraldhoianriverside.com\/vi\/enjoy-our-newest-perks-and-offers\/trai-nghiem-hoi-an-dich-thuc\/"]}]},{"@type":"ImageObject","inLanguage":"vi-VN","@id":"https:\/\/emeraldhoianriverside.com\/vi\/enjoy-our-newest-perks-and-offers\/trai-nghiem-hoi-an-dich-thuc\/#primaryimage","url":"https:\/\/emeraldhoianriverside.com\/wp-content\/uploads\/sites\/161\/2026\/05\/Emerald-Cooking-Class.png","contentUrl":"https:\/\/emeraldhoianriverside.com\/wp-content\/uploads\/sites\/161\/2026\/05\/Emerald-Cooking-Class.png","width":2200,"height":1513},{"@type":"BreadcrumbList","@id":"https:\/\/emeraldhoianriverside.com\/vi\/enjoy-our-newest-perks-and-offers\/trai-nghiem-hoi-an-dich-thuc\/#breadcrumb","itemListElement":[{"@type":"ListItem","position":1,"name":"Home","item":"https:\/\/emeraldhoianriverside.com\/vi\/"},{"@type":"ListItem","position":2,"name":"\u01afu \u0111\u00e3i","item":"https:\/\/emeraldhoianriverside.com\/vi\/enjoy-our-newest-perks-and-offers\/"},{"@type":"ListItem","position":3,"name":"Tr\u1ea3i nghi\u1ec7m H\u1ed9i An \u0111\u00edch th\u1ef1c"}]},{"@type":"WebSite","@id":"https:\/\/emeraldhoianriverside.com\/vi\/#website","url":"https:\/\/emeraldhoianriverside.com\/vi\/","name":"Emerald Hoi An Riverside Resort","description":"","potentialAction":[{"@type":"SearchAction","target":{"@type":"EntryPoint","urlTemplate":"https:\/\/emeraldhoianriverside.com\/vi\/?s={search_term_string}"},"query-input":"required name=search_term_string"}],"inLanguage":"vi-VN"}]}},"acf":[],"_links":{"self":[{"href":"https:\/\/emeraldhoianriverside.com\/vi\/wp-json\/wp\/v2\/pages\/339"}],"collection":[{"href":"https:\/\/emeraldhoianriverside.com\/vi\/wp-json\/wp\/v2\/pages"}],"about":[{"href":"https:\/\/emeraldhoianriverside.com\/vi\/wp-json\/wp\/v2\/types\/page"}],"author":[{"embeddable":true,"href":"https:\/\/emeraldhoianriverside.com\/vi\/wp-json\/wp\/v2\/users\/249"}],"replies":[{"embeddable":true,"href":"https:\/\/emeraldhoianriverside.com\/vi\/wp-json\/wp\/v2\/comments?post=339"}],"version-history":[{"count":0,"href":"https:\/\/emeraldhoianriverside.com\/vi\/wp-json\/wp\/v2\/pages\/339\/revisions"}],"up":[{"embeddable":true,"href":"https:\/\/emeraldhoianriverside.com\/vi\/wp-json\/wp\/v2\/pages\/85"}],"wp:featuredmedia":[{"embeddable":true,"href":"https:\/\/emeraldhoianriverside.com\/vi\/wp-json\/wp\/v2\/media\/344"}],"wp:attachment":[{"href":"https:\/\/emeraldhoianriverside.com\/vi\/wp-json\/wp\/v2\/media?parent=339"}],"curies":[{"name":"wp","href":"https:\/\/api.w.org\/{rel}","templated":true}]}}