{"id":337,"date":"2026-05-04T10:06:05","date_gmt":"2026-05-04T02:06:05","guid":{"rendered":"https:\/\/emeraldhoianriverside.com\/?page_id=337"},"modified":"2026-05-04T15:56:03","modified_gmt":"2026-05-04T07:56:03","slug":"goi-nghi-duong-thu-gian-emerald","status":"publish","type":"page","link":"https:\/\/emeraldhoianriverside.com\/vi\/enjoy-our-newest-perks-and-offers\/goi-nghi-duong-thu-gian-emerald\/","title":{"rendered":"G\u00f3i ngh\u1ec9 d\u01b0\u1ee1ng th\u01b0 gi\u00e3n Emerald"},"content":{"rendered":"<p>Th\u01b0 gi\u00e3n gi\u1eefa v\u1ebb \u0111\u1eb9p y\u00ean b\u00ecnh c\u1ee7a H\u1ed9i An v\u1edbi k\u1ef3 ngh\u1ec9 \u0111\u01b0\u1ee3c thi\u1ebft k\u1ebf tinh t\u1ebf t\u1ea1i Emerald.<\/p>\n<p><strong>B<\/strong><strong>ao g\u1ed3m:<\/strong><\/p>\n<ul>\n<li>2 \u0111\u00eam ngh\u1ec9 t\u1ea1i h\u1ea1ng ph\u00f2ng Deluxe Garden Room<\/li>\n<li>B\u1eefa s\u00e1ng h\u1eb1ng ng\u00e0y cho 02 kh\u00e1ch<\/li>\n<li>01 voucher spa cho 02 kh\u00e1ch (li\u1ec7u tr\u00ecnh 60 ph\u00fat)<\/li>\n<li>Gi\u1ea3m 20% d\u1ecbch v\u1ee5 \u1ea9m th\u1ef1c (F&amp;B)<\/li>\n<\/ul>\n<p><strong>\u0110i\u1ec1u kho\u1ea3n &amp; \u0110i\u1ec1u ki\u1ec7n \u00e1p d\u1ee5ng<\/strong><\/p>\n<p>\u00c1p d\u1ee5ng cho \u0111\u1eb7t ph\u00f2ng t\u1eeb nay \u0111\u1ebfn 20\/12\/2026<\/p>\n","protected":false},"excerpt":{"rendered":"<p>Th\u01b0 gi\u00e3n gi\u1eefa v\u1ebb \u0111\u1eb9p y\u00ean b\u00ecnh c\u1ee7a H\u1ed9i An v\u1edbi k\u1ef3 ngh\u1ec9 \u0111\u01b0\u1ee3c thi\u1ebft k\u1ebf tinh t\u1ebf t\u1ea1i Emerald. Bao g\u1ed3m: 2 \u0111\u00eam ngh\u1ec9 t\u1ea1i h\u1ea1ng ph\u00f2ng Deluxe Garden Room B\u1eefa s\u00e1ng h\u1eb1ng ng\u00e0y cho 02 kh\u00e1ch 01 voucher spa cho 02 kh\u00e1ch (li\u1ec7u tr\u00ecnh 60 ph\u00fat) Gi\u1ea3m 20% d\u1ecbch v\u1ee5 \u1ea9m th\u1ef1c (F&amp;B) [&hellip;]<\/p>\n","protected":false},"author":249,"featured_media":346,"parent":85,"menu_order":0,"comment_status":"closed","ping_status":"closed","template":"template-single-offer.php","meta":{"footnotes":""},"yoast_head":"<!-- This site is optimized with the Yoast SEO plugin v22.3 - https:\/\/yoast.com\/wordpress\/plugins\/seo\/ -->\n<title>G\u00f3i ngh\u1ec9 d\u01b0\u1ee1ng th\u01b0 gi\u00e3n Emerald - Emerald Hoi An Riverside Resort<\/title>\n<meta name=\"robots\" content=\"index, follow, max-snippet:-1, max-image-preview:large, max-video-preview:-1\" \/>\n<link rel=\"canonical\" href=\"https:\/\/emeraldhoianriverside.com\/vi\/enjoy-our-newest-perks-and-offers\/goi-nghi-duong-thu-gian-emerald\/\" \/>\n<meta property=\"og:locale\" content=\"vi_VN\" \/>\n<meta property=\"og:type\" content=\"article\" \/>\n<meta property=\"og:title\" content=\"G\u00f3i ngh\u1ec9 d\u01b0\u1ee1ng th\u01b0 gi\u00e3n Emerald - Emerald Hoi An Riverside Resort\" \/>\n<meta property=\"og:description\" content=\"Th\u01b0 gi\u00e3n gi\u1eefa v\u1ebb \u0111\u1eb9p y\u00ean b\u00ecnh c\u1ee7a H\u1ed9i An v\u1edbi k\u1ef3 ngh\u1ec9 \u0111\u01b0\u1ee3c thi\u1ebft k\u1ebf tinh t\u1ebf t\u1ea1i Emerald. Bao g\u1ed3m: 2 \u0111\u00eam ngh\u1ec9 t\u1ea1i h\u1ea1ng ph\u00f2ng Deluxe Garden Room B\u1eefa s\u00e1ng h\u1eb1ng ng\u00e0y cho 02 kh\u00e1ch 01 voucher spa cho 02 kh\u00e1ch (li\u1ec7u tr\u00ecnh 60 ph\u00fat) Gi\u1ea3m 20% d\u1ecbch v\u1ee5 \u1ea9m th\u1ef1c (F&amp;B) [&hellip;]\" \/>\n<meta property=\"og:url\" content=\"https:\/\/emeraldhoianriverside.com\/vi\/enjoy-our-newest-perks-and-offers\/goi-nghi-duong-thu-gian-emerald\/\" \/>\n<meta property=\"og:site_name\" content=\"Emerald Hoi An Riverside Resort\" \/>\n<meta property=\"article:modified_time\" content=\"2026-05-04T07:56:03+00:00\" \/>\n<meta property=\"og:image\" content=\"https:\/\/emeraldhoianriverside.com\/wp-content\/uploads\/sites\/161\/2026\/05\/emerald-spa-service-1.png\" \/>\n\t<meta property=\"og:image:width\" content=\"2200\" \/>\n\t<meta property=\"og:image:height\" content=\"1519\" \/>\n\t<meta property=\"og:image:type\" content=\"image\/png\" \/>\n<meta name=\"twitter:card\" content=\"summary_large_image\" \/>\n<meta name=\"twitter:label1\" content=\"Est. reading time\" \/>\n\t<meta name=\"twitter:data1\" content=\"1 minute\" \/>\n<script type=\"application\/ld+json\" class=\"yoast-schema-graph\">{\"@context\":\"https:\/\/schema.org\",\"@graph\":[{\"@type\":\"WebPage\",\"@id\":\"https:\/\/emeraldhoianriverside.com\/vi\/enjoy-our-newest-perks-and-offers\/goi-nghi-duong-thu-gian-emerald\/\",\"url\":\"https:\/\/emeraldhoianriverside.com\/vi\/enjoy-our-newest-perks-and-offers\/goi-nghi-duong-thu-gian-emerald\/\",\"name\":\"G\u00f3i ngh\u1ec9 d\u01b0\u1ee1ng th\u01b0 gi\u00e3n Emerald - Emerald Hoi An Riverside Resort\",\"isPartOf\":{\"@id\":\"https:\/\/emeraldhoianriverside.com\/vi\/#website\"},\"primaryImageOfPage\":{\"@id\":\"https:\/\/emeraldhoianriverside.com\/vi\/enjoy-our-newest-perks-and-offers\/goi-nghi-duong-thu-gian-emerald\/#primaryimage\"},\"image\":{\"@id\":\"https:\/\/emeraldhoianriverside.com\/vi\/enjoy-our-newest-perks-and-offers\/goi-nghi-duong-thu-gian-emerald\/#primaryimage\"},\"thumbnailUrl\":\"https:\/\/emeraldhoianriverside.com\/wp-content\/uploads\/sites\/161\/2026\/05\/emerald-spa-service-1.png\",\"datePublished\":\"2026-05-04T02:06:05+00:00\",\"dateModified\":\"2026-05-04T07:56:03+00:00\",\"breadcrumb\":{\"@id\":\"https:\/\/emeraldhoianriverside.com\/vi\/enjoy-our-newest-perks-and-offers\/goi-nghi-duong-thu-gian-emerald\/#breadcrumb\"},\"inLanguage\":\"vi-VN\",\"potentialAction\":[{\"@type\":\"ReadAction\",\"target\":[\"https:\/\/emeraldhoianriverside.com\/vi\/enjoy-our-newest-perks-and-offers\/goi-nghi-duong-thu-gian-emerald\/\"]}]},{\"@type\":\"ImageObject\",\"inLanguage\":\"vi-VN\",\"@id\":\"https:\/\/emeraldhoianriverside.com\/vi\/enjoy-our-newest-perks-and-offers\/goi-nghi-duong-thu-gian-emerald\/#primaryimage\",\"url\":\"https:\/\/emeraldhoianriverside.com\/wp-content\/uploads\/sites\/161\/2026\/05\/emerald-spa-service-1.png\",\"contentUrl\":\"https:\/\/emeraldhoianriverside.com\/wp-content\/uploads\/sites\/161\/2026\/05\/emerald-spa-service-1.png\",\"width\":2200,\"height\":1519},{\"@type\":\"BreadcrumbList\",\"@id\":\"https:\/\/emeraldhoianriverside.com\/vi\/enjoy-our-newest-perks-and-offers\/goi-nghi-duong-thu-gian-emerald\/#breadcrumb\",\"itemListElement\":[{\"@type\":\"ListItem\",\"position\":1,\"name\":\"Home\",\"item\":\"https:\/\/emeraldhoianriverside.com\/vi\/\"},{\"@type\":\"ListItem\",\"position\":2,\"name\":\"\u01afu \u0111\u00e3i\",\"item\":\"https:\/\/emeraldhoianriverside.com\/vi\/enjoy-our-newest-perks-and-offers\/\"},{\"@type\":\"ListItem\",\"position\":3,\"name\":\"G\u00f3i ngh\u1ec9 d\u01b0\u1ee1ng th\u01b0 gi\u00e3n Emerald\"}]},{\"@type\":\"WebSite\",\"@id\":\"https:\/\/emeraldhoianriverside.com\/vi\/#website\",\"url\":\"https:\/\/emeraldhoianriverside.com\/vi\/\",\"name\":\"Emerald Hoi An Riverside Resort\",\"description\":\"\",\"potentialAction\":[{\"@type\":\"SearchAction\",\"target\":{\"@type\":\"EntryPoint\",\"urlTemplate\":\"https:\/\/emeraldhoianriverside.com\/vi\/?s={search_term_string}\"},\"query-input\":\"required name=search_term_string\"}],\"inLanguage\":\"vi-VN\"}]}<\/script>\n<!-- \/ Yoast SEO plugin. -->","yoast_head_json":{"title":"G\u00f3i ngh\u1ec9 d\u01b0\u1ee1ng th\u01b0 gi\u00e3n Emerald - Emerald Hoi An Riverside Resort","robots":{"index":"index","follow":"follow","max-snippet":"max-snippet:-1","max-image-preview":"max-image-preview:large","max-video-preview":"max-video-preview:-1"},"canonical":"https:\/\/emeraldhoianriverside.com\/vi\/enjoy-our-newest-perks-and-offers\/goi-nghi-duong-thu-gian-emerald\/","og_locale":"vi_VN","og_type":"article","og_title":"G\u00f3i ngh\u1ec9 d\u01b0\u1ee1ng th\u01b0 gi\u00e3n Emerald - Emerald Hoi An Riverside Resort","og_description":"Th\u01b0 gi\u00e3n gi\u1eefa v\u1ebb \u0111\u1eb9p y\u00ean b\u00ecnh c\u1ee7a H\u1ed9i An v\u1edbi k\u1ef3 ngh\u1ec9 \u0111\u01b0\u1ee3c thi\u1ebft k\u1ebf tinh t\u1ebf t\u1ea1i Emerald. Bao g\u1ed3m: 2 \u0111\u00eam ngh\u1ec9 t\u1ea1i h\u1ea1ng ph\u00f2ng Deluxe Garden Room B\u1eefa s\u00e1ng h\u1eb1ng ng\u00e0y cho 02 kh\u00e1ch 01 voucher spa cho 02 kh\u00e1ch (li\u1ec7u tr\u00ecnh 60 ph\u00fat) Gi\u1ea3m 20% d\u1ecbch v\u1ee5 \u1ea9m th\u1ef1c (F&amp;B) [&hellip;]","og_url":"https:\/\/emeraldhoianriverside.com\/vi\/enjoy-our-newest-perks-and-offers\/goi-nghi-duong-thu-gian-emerald\/","og_site_name":"Emerald Hoi An Riverside Resort","article_modified_time":"2026-05-04T07:56:03+00:00","og_image":[{"width":2200,"height":1519,"url":"https:\/\/emeraldhoianriverside.com\/wp-content\/uploads\/sites\/161\/2026\/05\/emerald-spa-service-1.png","type":"image\/png"}],"twitter_card":"summary_large_image","twitter_misc":{"Est. reading time":"1 minute"},"schema":{"@context":"https:\/\/schema.org","@graph":[{"@type":"WebPage","@id":"https:\/\/emeraldhoianriverside.com\/vi\/enjoy-our-newest-perks-and-offers\/goi-nghi-duong-thu-gian-emerald\/","url":"https:\/\/emeraldhoianriverside.com\/vi\/enjoy-our-newest-perks-and-offers\/goi-nghi-duong-thu-gian-emerald\/","name":"G\u00f3i ngh\u1ec9 d\u01b0\u1ee1ng th\u01b0 gi\u00e3n Emerald - Emerald Hoi An Riverside Resort","isPartOf":{"@id":"https:\/\/emeraldhoianriverside.com\/vi\/#website"},"primaryImageOfPage":{"@id":"https:\/\/emeraldhoianriverside.com\/vi\/enjoy-our-newest-perks-and-offers\/goi-nghi-duong-thu-gian-emerald\/#primaryimage"},"image":{"@id":"https:\/\/emeraldhoianriverside.com\/vi\/enjoy-our-newest-perks-and-offers\/goi-nghi-duong-thu-gian-emerald\/#primaryimage"},"thumbnailUrl":"https:\/\/emeraldhoianriverside.com\/wp-content\/uploads\/sites\/161\/2026\/05\/emerald-spa-service-1.png","datePublished":"2026-05-04T02:06:05+00:00","dateModified":"2026-05-04T07:56:03+00:00","breadcrumb":{"@id":"https:\/\/emeraldhoianriverside.com\/vi\/enjoy-our-newest-perks-and-offers\/goi-nghi-duong-thu-gian-emerald\/#breadcrumb"},"inLanguage":"vi-VN","potentialAction":[{"@type":"ReadAction","target":["https:\/\/emeraldhoianriverside.com\/vi\/enjoy-our-newest-perks-and-offers\/goi-nghi-duong-thu-gian-emerald\/"]}]},{"@type":"ImageObject","inLanguage":"vi-VN","@id":"https:\/\/emeraldhoianriverside.com\/vi\/enjoy-our-newest-perks-and-offers\/goi-nghi-duong-thu-gian-emerald\/#primaryimage","url":"https:\/\/emeraldhoianriverside.com\/wp-content\/uploads\/sites\/161\/2026\/05\/emerald-spa-service-1.png","contentUrl":"https:\/\/emeraldhoianriverside.com\/wp-content\/uploads\/sites\/161\/2026\/05\/emerald-spa-service-1.png","width":2200,"height":1519},{"@type":"BreadcrumbList","@id":"https:\/\/emeraldhoianriverside.com\/vi\/enjoy-our-newest-perks-and-offers\/goi-nghi-duong-thu-gian-emerald\/#breadcrumb","itemListElement":[{"@type":"ListItem","position":1,"name":"Home","item":"https:\/\/emeraldhoianriverside.com\/vi\/"},{"@type":"ListItem","position":2,"name":"\u01afu \u0111\u00e3i","item":"https:\/\/emeraldhoianriverside.com\/vi\/enjoy-our-newest-perks-and-offers\/"},{"@type":"ListItem","position":3,"name":"G\u00f3i ngh\u1ec9 d\u01b0\u1ee1ng th\u01b0 gi\u00e3n Emerald"}]},{"@type":"WebSite","@id":"https:\/\/emeraldhoianriverside.com\/vi\/#website","url":"https:\/\/emeraldhoianriverside.com\/vi\/","name":"Emerald Hoi An Riverside Resort","description":"","potentialAction":[{"@type":"SearchAction","target":{"@type":"EntryPoint","urlTemplate":"https:\/\/emeraldhoianriverside.com\/vi\/?s={search_term_string}"},"query-input":"required name=search_term_string"}],"inLanguage":"vi-VN"}]}},"acf":[],"_links":{"self":[{"href":"https:\/\/emeraldhoianriverside.com\/vi\/wp-json\/wp\/v2\/pages\/337"}],"collection":[{"href":"https:\/\/emeraldhoianriverside.com\/vi\/wp-json\/wp\/v2\/pages"}],"about":[{"href":"https:\/\/emeraldhoianriverside.com\/vi\/wp-json\/wp\/v2\/types\/page"}],"author":[{"embeddable":true,"href":"https:\/\/emeraldhoianriverside.com\/vi\/wp-json\/wp\/v2\/users\/249"}],"replies":[{"embeddable":true,"href":"https:\/\/emeraldhoianriverside.com\/vi\/wp-json\/wp\/v2\/comments?post=337"}],"version-history":[{"count":0,"href":"https:\/\/emeraldhoianriverside.com\/vi\/wp-json\/wp\/v2\/pages\/337\/revisions"}],"up":[{"embeddable":true,"href":"https:\/\/emeraldhoianriverside.com\/vi\/wp-json\/wp\/v2\/pages\/85"}],"wp:featuredmedia":[{"embeddable":true,"href":"https:\/\/emeraldhoianriverside.com\/vi\/wp-json\/wp\/v2\/media\/346"}],"wp:attachment":[{"href":"https:\/\/emeraldhoianriverside.com\/vi\/wp-json\/wp\/v2\/media?parent=337"}],"curies":[{"name":"wp","href":"https:\/\/api.w.org\/{rel}","templated":true}]}}