{"id":33,"date":"2026-02-19T18:18:42","date_gmt":"2026-02-19T10:18:42","guid":{"rendered":"https:\/\/emeraldhoianriverside.ms2.decms.asia\/?page_id=33"},"modified":"2026-04-19T20:46:39","modified_gmt":"2026-04-19T12:46:39","slug":"deluxe-river-view","status":"publish","type":"page","link":"https:\/\/emeraldhoianriverside.com\/vi\/rooms-suite\/deluxe-river-view\/","title":{"rendered":"Deluxe River View"},"content":{"rendered":"<p>Deluxe River View m\u1edf ra khung c\u1ea3nh d\u00f2ng s\u00f4ng Thu B\u1ed3n r\u1ed9ng l\u1edbn t\u1eeb m\u00e1i hi\u00ean ho\u1eb7c ban c\u00f4ng ri\u00eang. Kh\u00f4ng gian mang \u00e2m h\u01b0\u1edfng truy\u1ec1n th\u1ed1ng, \u0111i\u1ec3m xuy\u1ebft nh\u1eefng gam m\u00e0u tinh t\u1ebf, t\u1ea1o n\u00ean m\u1ed9t ch\u1ed1n ngh\u1ec9 ng\u01a1i th\u01b0 th\u00e1i \u0111\u1ec3 c\u01a1 th\u1ec3 v\u00e0 t\u00e2m tr\u00ed \u0111\u01b0\u1ee3c th\u1ea3 l\u1ecfng tr\u1ecdn v\u1eb9n.<\/p>\n","protected":false},"excerpt":{"rendered":"<p>Deluxe River View m\u1edf ra khung c\u1ea3nh d\u00f2ng s\u00f4ng Thu B\u1ed3n r\u1ed9ng l\u1edbn t\u1eeb m\u00e1i hi\u00ean ho\u1eb7c ban c\u00f4ng ri\u00eang. Kh\u00f4ng gian mang \u00e2m h\u01b0\u1edfng truy\u1ec1n th\u1ed1ng, \u0111i\u1ec3m xuy\u1ebft nh\u1eefng gam m\u00e0u tinh t\u1ebf, t\u1ea1o n\u00ean m\u1ed9t ch\u1ed1n ngh\u1ec9 ng\u01a1i th\u01b0 th\u00e1i \u0111\u1ec3 c\u01a1 th\u1ec3 v\u00e0 t\u00e2m tr\u00ed \u0111\u01b0\u1ee3c th\u1ea3 l\u1ecfng tr\u1ecdn v\u1eb9n.<\/p>\n","protected":false},"author":90,"featured_media":0,"parent":60,"menu_order":2,"comment_status":"closed","ping_status":"closed","template":"template-single-room.php","meta":{"footnotes":""},"yoast_head":"<!-- This site is optimized with the Yoast SEO plugin v22.3 - https:\/\/yoast.com\/wordpress\/plugins\/seo\/ -->\n<title>Deluxe River View - Emerald Hoi An Riverside Resort<\/title>\n<meta name=\"robots\" content=\"index, follow, max-snippet:-1, max-image-preview:large, max-video-preview:-1\" \/>\n<link rel=\"canonical\" href=\"https:\/\/emeraldhoianriverside.com\/vi\/rooms-suite\/deluxe-river-view\/\" \/>\n<meta property=\"og:locale\" content=\"vi_VN\" \/>\n<meta property=\"og:type\" content=\"article\" \/>\n<meta property=\"og:title\" content=\"Deluxe River View - Emerald Hoi An Riverside Resort\" \/>\n<meta property=\"og:description\" content=\"Deluxe River View m\u1edf ra khung c\u1ea3nh d\u00f2ng s\u00f4ng Thu B\u1ed3n r\u1ed9ng l\u1edbn t\u1eeb m\u00e1i hi\u00ean ho\u1eb7c ban c\u00f4ng ri\u00eang. Kh\u00f4ng gian mang \u00e2m h\u01b0\u1edfng truy\u1ec1n th\u1ed1ng, \u0111i\u1ec3m xuy\u1ebft nh\u1eefng gam m\u00e0u tinh t\u1ebf, t\u1ea1o n\u00ean m\u1ed9t ch\u1ed1n ngh\u1ec9 ng\u01a1i th\u01b0 th\u00e1i \u0111\u1ec3 c\u01a1 th\u1ec3 v\u00e0 t\u00e2m tr\u00ed \u0111\u01b0\u1ee3c th\u1ea3 l\u1ecfng tr\u1ecdn v\u1eb9n.\" \/>\n<meta property=\"og:url\" content=\"https:\/\/emeraldhoianriverside.com\/vi\/rooms-suite\/deluxe-river-view\/\" \/>\n<meta property=\"og:site_name\" content=\"Emerald Hoi An Riverside Resort\" \/>\n<meta property=\"article:modified_time\" content=\"2026-04-19T12:46:39+00:00\" \/>\n<meta name=\"twitter:card\" content=\"summary_large_image\" \/>\n<meta name=\"twitter:label1\" content=\"Est. reading time\" \/>\n\t<meta name=\"twitter:data1\" content=\"1 minute\" \/>\n<script type=\"application\/ld+json\" class=\"yoast-schema-graph\">{\"@context\":\"https:\/\/schema.org\",\"@graph\":[{\"@type\":\"WebPage\",\"@id\":\"https:\/\/emeraldhoianriverside.com\/vi\/rooms-suite\/deluxe-river-view\/\",\"url\":\"https:\/\/emeraldhoianriverside.com\/vi\/rooms-suite\/deluxe-river-view\/\",\"name\":\"Deluxe River View - Emerald Hoi An Riverside Resort\",\"isPartOf\":{\"@id\":\"https:\/\/emeraldhoianriverside.com\/vi\/#website\"},\"datePublished\":\"2026-02-19T10:18:42+00:00\",\"dateModified\":\"2026-04-19T12:46:39+00:00\",\"breadcrumb\":{\"@id\":\"https:\/\/emeraldhoianriverside.com\/vi\/rooms-suite\/deluxe-river-view\/#breadcrumb\"},\"inLanguage\":\"vi-VN\",\"potentialAction\":[{\"@type\":\"ReadAction\",\"target\":[\"https:\/\/emeraldhoianriverside.com\/vi\/rooms-suite\/deluxe-river-view\/\"]}]},{\"@type\":\"BreadcrumbList\",\"@id\":\"https:\/\/emeraldhoianriverside.com\/vi\/rooms-suite\/deluxe-river-view\/#breadcrumb\",\"itemListElement\":[{\"@type\":\"ListItem\",\"position\":1,\"name\":\"Home\",\"item\":\"https:\/\/emeraldhoianriverside.com\/vi\/\"},{\"@type\":\"ListItem\",\"position\":2,\"name\":\"Ph\u00f2ng\",\"item\":\"https:\/\/emeraldhoianriverside.com\/vi\/rooms-suite\/\"},{\"@type\":\"ListItem\",\"position\":3,\"name\":\"Deluxe River View\"}]},{\"@type\":\"WebSite\",\"@id\":\"https:\/\/emeraldhoianriverside.com\/vi\/#website\",\"url\":\"https:\/\/emeraldhoianriverside.com\/vi\/\",\"name\":\"Emerald Hoi An Riverside Resort\",\"description\":\"\",\"potentialAction\":[{\"@type\":\"SearchAction\",\"target\":{\"@type\":\"EntryPoint\",\"urlTemplate\":\"https:\/\/emeraldhoianriverside.com\/vi\/?s={search_term_string}\"},\"query-input\":\"required name=search_term_string\"}],\"inLanguage\":\"vi-VN\"}]}<\/script>\n<!-- \/ Yoast SEO plugin. -->","yoast_head_json":{"title":"Deluxe River View - Emerald Hoi An Riverside Resort","robots":{"index":"index","follow":"follow","max-snippet":"max-snippet:-1","max-image-preview":"max-image-preview:large","max-video-preview":"max-video-preview:-1"},"canonical":"https:\/\/emeraldhoianriverside.com\/vi\/rooms-suite\/deluxe-river-view\/","og_locale":"vi_VN","og_type":"article","og_title":"Deluxe River View - Emerald Hoi An Riverside Resort","og_description":"Deluxe River View m\u1edf ra khung c\u1ea3nh d\u00f2ng s\u00f4ng Thu B\u1ed3n r\u1ed9ng l\u1edbn t\u1eeb m\u00e1i hi\u00ean ho\u1eb7c ban c\u00f4ng ri\u00eang. Kh\u00f4ng gian mang \u00e2m h\u01b0\u1edfng truy\u1ec1n th\u1ed1ng, \u0111i\u1ec3m xuy\u1ebft nh\u1eefng gam m\u00e0u tinh t\u1ebf, t\u1ea1o n\u00ean m\u1ed9t ch\u1ed1n ngh\u1ec9 ng\u01a1i th\u01b0 th\u00e1i \u0111\u1ec3 c\u01a1 th\u1ec3 v\u00e0 t\u00e2m tr\u00ed \u0111\u01b0\u1ee3c th\u1ea3 l\u1ecfng tr\u1ecdn v\u1eb9n.","og_url":"https:\/\/emeraldhoianriverside.com\/vi\/rooms-suite\/deluxe-river-view\/","og_site_name":"Emerald Hoi An Riverside Resort","article_modified_time":"2026-04-19T12:46:39+00:00","twitter_card":"summary_large_image","twitter_misc":{"Est. reading time":"1 minute"},"schema":{"@context":"https:\/\/schema.org","@graph":[{"@type":"WebPage","@id":"https:\/\/emeraldhoianriverside.com\/vi\/rooms-suite\/deluxe-river-view\/","url":"https:\/\/emeraldhoianriverside.com\/vi\/rooms-suite\/deluxe-river-view\/","name":"Deluxe River View - Emerald Hoi An Riverside Resort","isPartOf":{"@id":"https:\/\/emeraldhoianriverside.com\/vi\/#website"},"datePublished":"2026-02-19T10:18:42+00:00","dateModified":"2026-04-19T12:46:39+00:00","breadcrumb":{"@id":"https:\/\/emeraldhoianriverside.com\/vi\/rooms-suite\/deluxe-river-view\/#breadcrumb"},"inLanguage":"vi-VN","potentialAction":[{"@type":"ReadAction","target":["https:\/\/emeraldhoianriverside.com\/vi\/rooms-suite\/deluxe-river-view\/"]}]},{"@type":"BreadcrumbList","@id":"https:\/\/emeraldhoianriverside.com\/vi\/rooms-suite\/deluxe-river-view\/#breadcrumb","itemListElement":[{"@type":"ListItem","position":1,"name":"Home","item":"https:\/\/emeraldhoianriverside.com\/vi\/"},{"@type":"ListItem","position":2,"name":"Ph\u00f2ng","item":"https:\/\/emeraldhoianriverside.com\/vi\/rooms-suite\/"},{"@type":"ListItem","position":3,"name":"Deluxe River View"}]},{"@type":"WebSite","@id":"https:\/\/emeraldhoianriverside.com\/vi\/#website","url":"https:\/\/emeraldhoianriverside.com\/vi\/","name":"Emerald Hoi An Riverside Resort","description":"","potentialAction":[{"@type":"SearchAction","target":{"@type":"EntryPoint","urlTemplate":"https:\/\/emeraldhoianriverside.com\/vi\/?s={search_term_string}"},"query-input":"required name=search_term_string"}],"inLanguage":"vi-VN"}]}},"acf":[],"_links":{"self":[{"href":"https:\/\/emeraldhoianriverside.com\/vi\/wp-json\/wp\/v2\/pages\/33"}],"collection":[{"href":"https:\/\/emeraldhoianriverside.com\/vi\/wp-json\/wp\/v2\/pages"}],"about":[{"href":"https:\/\/emeraldhoianriverside.com\/vi\/wp-json\/wp\/v2\/types\/page"}],"author":[{"embeddable":true,"href":"https:\/\/emeraldhoianriverside.com\/vi\/wp-json\/wp\/v2\/users\/90"}],"replies":[{"embeddable":true,"href":"https:\/\/emeraldhoianriverside.com\/vi\/wp-json\/wp\/v2\/comments?post=33"}],"version-history":[{"count":0,"href":"https:\/\/emeraldhoianriverside.com\/vi\/wp-json\/wp\/v2\/pages\/33\/revisions"}],"up":[{"embeddable":true,"href":"https:\/\/emeraldhoianriverside.com\/vi\/wp-json\/wp\/v2\/pages\/60"}],"wp:attachment":[{"href":"https:\/\/emeraldhoianriverside.com\/vi\/wp-json\/wp\/v2\/media?parent=33"}],"curies":[{"name":"wp","href":"https:\/\/api.w.org\/{rel}","templated":true}]}}