{"id":327,"date":"2026-04-23T16:22:24","date_gmt":"2026-04-23T08:22:24","guid":{"rendered":"https:\/\/emeraldhoianriverside.com\/?page_id=327"},"modified":"2026-04-24T15:23:51","modified_gmt":"2026-04-24T07:23:51","slug":"tiec-toi-bbq-ben-song","status":"publish","type":"page","link":"https:\/\/emeraldhoianriverside.com\/vi\/enjoy-our-newest-perks-and-offers\/tiec-toi-bbq-ben-song\/","title":{"rendered":"TI\u1ec6C T\u1ed0I BBQ B\u00caN S\u00d4NG"},"content":{"rendered":"<p>T\u1eadn h\u01b0\u1edfng bu\u1ed5i t\u1ed1i ri\u00eang t\u01b0 b\u00ean d\u00f2ng s\u00f4ng Ho\u00e0i v\u1edbi set menu BBQ \u0111\u01b0\u1ee3c chu\u1ea9n b\u1ecb d\u00e0nh ri\u00eang cho hai ng\u01b0\u1eddi t\u1ea1i Emerald Hoi An Riverside. Kh\u00f4ng gian ven s\u00f4ng l\u00e3ng m\u1ea1n, \u1ea9m th\u1ef1c \u0111\u1eadm v\u1ecb c\u00f9ng d\u1ecbch v\u1ee5 ch\u1ec9n chu mang \u0111\u1ebfn m\u1ed9t tr\u1ea3i nghi\u1ec7m \u1ea9m th\u1ef1c \u0111\u00e1ng nh\u1edb.<\/p>\n<ul>\n<li><strong>Th\u00f4ng tin ch\u01b0\u01a1ng tr\u00ecnh: <\/strong><\/li>\n<li><strong>Th\u1eddi gian: 17:00 \u2013 21:00 <\/strong><\/li>\n<li><strong>Th\u1eddi gian \u00e1p d\u1ee5ng: 13.04 \u2013 30.04.2026 <\/strong><\/li>\n<li><strong>Gi\u00e1: 3.499.000 VN\u0110 \/ 2 kh\u00e1ch (\u0111\u00e3 bao g\u1ed3m thu\u1ebf v\u00e0 ph\u00ed d\u1ecbch v\u1ee5) <\/strong><\/li>\n<\/ul>\n<p>S\u1ed1 l\u01b0\u1ee3ng ph\u1ee5c v\u1ee5 gi\u1edbi h\u1ea1n m\u1ed7i t\u1ed1i. Vui l\u00f2ng \u0111\u1eb7t tr\u01b0\u1edbc \u0111\u1ec3 \u0111\u1ea3m b\u1ea3o kh\u00f4ng gian ri\u00eang t\u01b0.<\/p>\n","protected":false},"excerpt":{"rendered":"<p>T\u1eadn h\u01b0\u1edfng bu\u1ed5i t\u1ed1i ri\u00eang t\u01b0 b\u00ean d\u00f2ng s\u00f4ng Ho\u00e0i v\u1edbi set menu BBQ \u0111\u01b0\u1ee3c chu\u1ea9n b\u1ecb d\u00e0nh ri\u00eang cho hai ng\u01b0\u1eddi t\u1ea1i Emerald Hoi An Riverside. Kh\u00f4ng gian ven s\u00f4ng l\u00e3ng m\u1ea1n, \u1ea9m th\u1ef1c \u0111\u1eadm v\u1ecb c\u00f9ng d\u1ecbch v\u1ee5 ch\u1ec9n chu mang \u0111\u1ebfn m\u1ed9t tr\u1ea3i nghi\u1ec7m \u1ea9m th\u1ef1c \u0111\u00e1ng nh\u1edb. Th\u00f4ng tin ch\u01b0\u01a1ng tr\u00ecnh: [&hellip;]<\/p>\n","protected":false},"author":249,"featured_media":333,"parent":85,"menu_order":0,"comment_status":"closed","ping_status":"closed","template":"template-single-offer.php","meta":{"footnotes":""},"yoast_head":"<!-- This site is optimized with the Yoast SEO plugin v22.3 - https:\/\/yoast.com\/wordpress\/plugins\/seo\/ -->\n<title>TI\u1ec6C T\u1ed0I BBQ B\u00caN S\u00d4NG - Emerald Hoi An Riverside Resort<\/title>\n<meta name=\"robots\" content=\"index, follow, max-snippet:-1, max-image-preview:large, max-video-preview:-1\" \/>\n<link rel=\"canonical\" href=\"https:\/\/emeraldhoianriverside.com\/vi\/enjoy-our-newest-perks-and-offers\/tiec-toi-bbq-ben-song\/\" \/>\n<meta property=\"og:locale\" content=\"vi_VN\" \/>\n<meta property=\"og:type\" content=\"article\" \/>\n<meta property=\"og:title\" content=\"TI\u1ec6C T\u1ed0I BBQ B\u00caN S\u00d4NG - Emerald Hoi An Riverside Resort\" \/>\n<meta property=\"og:description\" content=\"T\u1eadn h\u01b0\u1edfng bu\u1ed5i t\u1ed1i ri\u00eang t\u01b0 b\u00ean d\u00f2ng s\u00f4ng Ho\u00e0i v\u1edbi set menu BBQ \u0111\u01b0\u1ee3c chu\u1ea9n b\u1ecb d\u00e0nh ri\u00eang cho hai ng\u01b0\u1eddi t\u1ea1i Emerald Hoi An Riverside. Kh\u00f4ng gian ven s\u00f4ng l\u00e3ng m\u1ea1n, \u1ea9m th\u1ef1c \u0111\u1eadm v\u1ecb c\u00f9ng d\u1ecbch v\u1ee5 ch\u1ec9n chu mang \u0111\u1ebfn m\u1ed9t tr\u1ea3i nghi\u1ec7m \u1ea9m th\u1ef1c \u0111\u00e1ng nh\u1edb. Th\u00f4ng tin ch\u01b0\u01a1ng tr\u00ecnh: [&hellip;]\" \/>\n<meta property=\"og:url\" content=\"https:\/\/emeraldhoianriverside.com\/vi\/enjoy-our-newest-perks-and-offers\/tiec-toi-bbq-ben-song\/\" \/>\n<meta property=\"og:site_name\" content=\"Emerald Hoi An Riverside Resort\" \/>\n<meta property=\"article:modified_time\" content=\"2026-04-24T07:23:51+00:00\" \/>\n<meta property=\"og:image\" content=\"https:\/\/emeraldhoianriverside.com\/wp-content\/uploads\/sites\/161\/2026\/04\/bbq-4.png\" \/>\n\t<meta property=\"og:image:width\" content=\"1368\" \/>\n\t<meta property=\"og:image:height\" content=\"902\" \/>\n\t<meta property=\"og:image:type\" content=\"image\/png\" \/>\n<meta name=\"twitter:card\" content=\"summary_large_image\" \/>\n<meta name=\"twitter:label1\" content=\"Est. reading time\" \/>\n\t<meta name=\"twitter:data1\" content=\"1 minute\" \/>\n<script type=\"application\/ld+json\" class=\"yoast-schema-graph\">{\"@context\":\"https:\/\/schema.org\",\"@graph\":[{\"@type\":\"WebPage\",\"@id\":\"https:\/\/emeraldhoianriverside.com\/vi\/enjoy-our-newest-perks-and-offers\/tiec-toi-bbq-ben-song\/\",\"url\":\"https:\/\/emeraldhoianriverside.com\/vi\/enjoy-our-newest-perks-and-offers\/tiec-toi-bbq-ben-song\/\",\"name\":\"TI\u1ec6C T\u1ed0I BBQ B\u00caN S\u00d4NG - Emerald Hoi An Riverside Resort\",\"isPartOf\":{\"@id\":\"https:\/\/emeraldhoianriverside.com\/vi\/#website\"},\"primaryImageOfPage\":{\"@id\":\"https:\/\/emeraldhoianriverside.com\/vi\/enjoy-our-newest-perks-and-offers\/tiec-toi-bbq-ben-song\/#primaryimage\"},\"image\":{\"@id\":\"https:\/\/emeraldhoianriverside.com\/vi\/enjoy-our-newest-perks-and-offers\/tiec-toi-bbq-ben-song\/#primaryimage\"},\"thumbnailUrl\":\"https:\/\/emeraldhoianriverside.com\/wp-content\/uploads\/sites\/161\/2026\/04\/bbq-4.png\",\"datePublished\":\"2026-04-23T08:22:24+00:00\",\"dateModified\":\"2026-04-24T07:23:51+00:00\",\"breadcrumb\":{\"@id\":\"https:\/\/emeraldhoianriverside.com\/vi\/enjoy-our-newest-perks-and-offers\/tiec-toi-bbq-ben-song\/#breadcrumb\"},\"inLanguage\":\"vi-VN\",\"potentialAction\":[{\"@type\":\"ReadAction\",\"target\":[\"https:\/\/emeraldhoianriverside.com\/vi\/enjoy-our-newest-perks-and-offers\/tiec-toi-bbq-ben-song\/\"]}]},{\"@type\":\"ImageObject\",\"inLanguage\":\"vi-VN\",\"@id\":\"https:\/\/emeraldhoianriverside.com\/vi\/enjoy-our-newest-perks-and-offers\/tiec-toi-bbq-ben-song\/#primaryimage\",\"url\":\"https:\/\/emeraldhoianriverside.com\/wp-content\/uploads\/sites\/161\/2026\/04\/bbq-4.png\",\"contentUrl\":\"https:\/\/emeraldhoianriverside.com\/wp-content\/uploads\/sites\/161\/2026\/04\/bbq-4.png\",\"width\":1368,\"height\":902},{\"@type\":\"BreadcrumbList\",\"@id\":\"https:\/\/emeraldhoianriverside.com\/vi\/enjoy-our-newest-perks-and-offers\/tiec-toi-bbq-ben-song\/#breadcrumb\",\"itemListElement\":[{\"@type\":\"ListItem\",\"position\":1,\"name\":\"Home\",\"item\":\"https:\/\/emeraldhoianriverside.com\/vi\/\"},{\"@type\":\"ListItem\",\"position\":2,\"name\":\"\u01afu \u0111\u00e3i\",\"item\":\"https:\/\/emeraldhoianriverside.com\/vi\/enjoy-our-newest-perks-and-offers\/\"},{\"@type\":\"ListItem\",\"position\":3,\"name\":\"TI\u1ec6C T\u1ed0I BBQ B\u00caN S\u00d4NG\"}]},{\"@type\":\"WebSite\",\"@id\":\"https:\/\/emeraldhoianriverside.com\/vi\/#website\",\"url\":\"https:\/\/emeraldhoianriverside.com\/vi\/\",\"name\":\"Emerald Hoi An Riverside Resort\",\"description\":\"\",\"potentialAction\":[{\"@type\":\"SearchAction\",\"target\":{\"@type\":\"EntryPoint\",\"urlTemplate\":\"https:\/\/emeraldhoianriverside.com\/vi\/?s={search_term_string}\"},\"query-input\":\"required name=search_term_string\"}],\"inLanguage\":\"vi-VN\"}]}<\/script>\n<!-- \/ Yoast SEO plugin. -->","yoast_head_json":{"title":"TI\u1ec6C T\u1ed0I BBQ B\u00caN S\u00d4NG - Emerald Hoi An Riverside Resort","robots":{"index":"index","follow":"follow","max-snippet":"max-snippet:-1","max-image-preview":"max-image-preview:large","max-video-preview":"max-video-preview:-1"},"canonical":"https:\/\/emeraldhoianriverside.com\/vi\/enjoy-our-newest-perks-and-offers\/tiec-toi-bbq-ben-song\/","og_locale":"vi_VN","og_type":"article","og_title":"TI\u1ec6C T\u1ed0I BBQ B\u00caN S\u00d4NG - Emerald Hoi An Riverside Resort","og_description":"T\u1eadn h\u01b0\u1edfng bu\u1ed5i t\u1ed1i ri\u00eang t\u01b0 b\u00ean d\u00f2ng s\u00f4ng Ho\u00e0i v\u1edbi set menu BBQ \u0111\u01b0\u1ee3c chu\u1ea9n b\u1ecb d\u00e0nh ri\u00eang cho hai ng\u01b0\u1eddi t\u1ea1i Emerald Hoi An Riverside. Kh\u00f4ng gian ven s\u00f4ng l\u00e3ng m\u1ea1n, \u1ea9m th\u1ef1c \u0111\u1eadm v\u1ecb c\u00f9ng d\u1ecbch v\u1ee5 ch\u1ec9n chu mang \u0111\u1ebfn m\u1ed9t tr\u1ea3i nghi\u1ec7m \u1ea9m th\u1ef1c \u0111\u00e1ng nh\u1edb. Th\u00f4ng tin ch\u01b0\u01a1ng tr\u00ecnh: [&hellip;]","og_url":"https:\/\/emeraldhoianriverside.com\/vi\/enjoy-our-newest-perks-and-offers\/tiec-toi-bbq-ben-song\/","og_site_name":"Emerald Hoi An Riverside Resort","article_modified_time":"2026-04-24T07:23:51+00:00","og_image":[{"width":1368,"height":902,"url":"https:\/\/emeraldhoianriverside.com\/wp-content\/uploads\/sites\/161\/2026\/04\/bbq-4.png","type":"image\/png"}],"twitter_card":"summary_large_image","twitter_misc":{"Est. reading time":"1 minute"},"schema":{"@context":"https:\/\/schema.org","@graph":[{"@type":"WebPage","@id":"https:\/\/emeraldhoianriverside.com\/vi\/enjoy-our-newest-perks-and-offers\/tiec-toi-bbq-ben-song\/","url":"https:\/\/emeraldhoianriverside.com\/vi\/enjoy-our-newest-perks-and-offers\/tiec-toi-bbq-ben-song\/","name":"TI\u1ec6C T\u1ed0I BBQ B\u00caN S\u00d4NG - Emerald Hoi An Riverside Resort","isPartOf":{"@id":"https:\/\/emeraldhoianriverside.com\/vi\/#website"},"primaryImageOfPage":{"@id":"https:\/\/emeraldhoianriverside.com\/vi\/enjoy-our-newest-perks-and-offers\/tiec-toi-bbq-ben-song\/#primaryimage"},"image":{"@id":"https:\/\/emeraldhoianriverside.com\/vi\/enjoy-our-newest-perks-and-offers\/tiec-toi-bbq-ben-song\/#primaryimage"},"thumbnailUrl":"https:\/\/emeraldhoianriverside.com\/wp-content\/uploads\/sites\/161\/2026\/04\/bbq-4.png","datePublished":"2026-04-23T08:22:24+00:00","dateModified":"2026-04-24T07:23:51+00:00","breadcrumb":{"@id":"https:\/\/emeraldhoianriverside.com\/vi\/enjoy-our-newest-perks-and-offers\/tiec-toi-bbq-ben-song\/#breadcrumb"},"inLanguage":"vi-VN","potentialAction":[{"@type":"ReadAction","target":["https:\/\/emeraldhoianriverside.com\/vi\/enjoy-our-newest-perks-and-offers\/tiec-toi-bbq-ben-song\/"]}]},{"@type":"ImageObject","inLanguage":"vi-VN","@id":"https:\/\/emeraldhoianriverside.com\/vi\/enjoy-our-newest-perks-and-offers\/tiec-toi-bbq-ben-song\/#primaryimage","url":"https:\/\/emeraldhoianriverside.com\/wp-content\/uploads\/sites\/161\/2026\/04\/bbq-4.png","contentUrl":"https:\/\/emeraldhoianriverside.com\/wp-content\/uploads\/sites\/161\/2026\/04\/bbq-4.png","width":1368,"height":902},{"@type":"BreadcrumbList","@id":"https:\/\/emeraldhoianriverside.com\/vi\/enjoy-our-newest-perks-and-offers\/tiec-toi-bbq-ben-song\/#breadcrumb","itemListElement":[{"@type":"ListItem","position":1,"name":"Home","item":"https:\/\/emeraldhoianriverside.com\/vi\/"},{"@type":"ListItem","position":2,"name":"\u01afu \u0111\u00e3i","item":"https:\/\/emeraldhoianriverside.com\/vi\/enjoy-our-newest-perks-and-offers\/"},{"@type":"ListItem","position":3,"name":"TI\u1ec6C T\u1ed0I BBQ B\u00caN S\u00d4NG"}]},{"@type":"WebSite","@id":"https:\/\/emeraldhoianriverside.com\/vi\/#website","url":"https:\/\/emeraldhoianriverside.com\/vi\/","name":"Emerald Hoi An Riverside Resort","description":"","potentialAction":[{"@type":"SearchAction","target":{"@type":"EntryPoint","urlTemplate":"https:\/\/emeraldhoianriverside.com\/vi\/?s={search_term_string}"},"query-input":"required name=search_term_string"}],"inLanguage":"vi-VN"}]}},"acf":[],"_links":{"self":[{"href":"https:\/\/emeraldhoianriverside.com\/vi\/wp-json\/wp\/v2\/pages\/327"}],"collection":[{"href":"https:\/\/emeraldhoianriverside.com\/vi\/wp-json\/wp\/v2\/pages"}],"about":[{"href":"https:\/\/emeraldhoianriverside.com\/vi\/wp-json\/wp\/v2\/types\/page"}],"author":[{"embeddable":true,"href":"https:\/\/emeraldhoianriverside.com\/vi\/wp-json\/wp\/v2\/users\/249"}],"replies":[{"embeddable":true,"href":"https:\/\/emeraldhoianriverside.com\/vi\/wp-json\/wp\/v2\/comments?post=327"}],"version-history":[{"count":0,"href":"https:\/\/emeraldhoianriverside.com\/vi\/wp-json\/wp\/v2\/pages\/327\/revisions"}],"up":[{"embeddable":true,"href":"https:\/\/emeraldhoianriverside.com\/vi\/wp-json\/wp\/v2\/pages\/85"}],"wp:featuredmedia":[{"embeddable":true,"href":"https:\/\/emeraldhoianriverside.com\/vi\/wp-json\/wp\/v2\/media\/333"}],"wp:attachment":[{"href":"https:\/\/emeraldhoianriverside.com\/vi\/wp-json\/wp\/v2\/media?parent=327"}],"curies":[{"name":"wp","href":"https:\/\/api.w.org\/{rel}","templated":true}]}}