{"id":281,"date":"2026-04-07T10:01:14","date_gmt":"2026-04-07T02:01:14","guid":{"rendered":"https:\/\/emeraldhoianriverside.com\/?page_id=281"},"modified":"2026-04-07T10:08:20","modified_gmt":"2026-04-07T02:08:20","slug":"trai-nghiem-buffet-cho-que","status":"publish","type":"page","link":"https:\/\/emeraldhoianriverside.com\/vi\/enjoy-our-newest-perks-and-offers\/trai-nghiem-buffet-cho-que\/","title":{"rendered":"Tr\u1ea3i nghi\u1ec7m Buffet Ch\u1ee3 Qu\u00ea"},"content":{"rendered":"<p>T\u1eadn h\u01b0\u1edfng k\u1ef3 ngh\u1ec9 v\u1edbi tr\u1ea3i nghi\u1ec7m \u1ea9m th\u1ef1c \u201cCh\u1ee3 Qu\u00ea\u201d \u0111\u1ea7y duy\u00ean d\u00e1ng b\u00ean b\u1edd s\u00f4ng. Th\u01b0\u1edfng th\u1ee9c \u0111a d\u1ea1ng m\u00f3n \u0103n truy\u1ec1n th\u1ed1ng Vi\u1ec7t Nam, nguy\u00ean li\u1ec7u t\u01b0\u01a1i ngon trong kh\u00f4ng gian v\u01b0\u1eddn xanh y\u00ean b\u00ecnh.<\/p>\n<p><strong>\u00c1p d\u1ee5ng ng\u00e0y 26\/4 &amp; 01\/5\/2026<\/strong><\/p>\n<p>C\u00f9ng gia \u0111\u00ecnh v\u00e0 b\u1ea1n b\u00e8 \u0111\u1ebfn t\u1eadn h\u01b0\u1edfng h\u01b0\u01a1ng v\u1ecb ch\u00e2n qu\u00ea v\u00e0 kh\u00f4ng kh\u00ed th\u01b0 gi\u00e3n tr\u1ecdn v\u1eb9n trong d\u1ecbp l\u1ec5.<\/p>\n","protected":false},"excerpt":{"rendered":"<p>T\u1eadn h\u01b0\u1edfng k\u1ef3 ngh\u1ec9 v\u1edbi tr\u1ea3i nghi\u1ec7m \u1ea9m th\u1ef1c \u201cCh\u1ee3 Qu\u00ea\u201d \u0111\u1ea7y duy\u00ean d\u00e1ng b\u00ean b\u1edd s\u00f4ng. Th\u01b0\u1edfng th\u1ee9c \u0111a d\u1ea1ng m\u00f3n \u0103n truy\u1ec1n th\u1ed1ng Vi\u1ec7t Nam, nguy\u00ean li\u1ec7u t\u01b0\u01a1i ngon trong kh\u00f4ng gian v\u01b0\u1eddn xanh y\u00ean b\u00ecnh. \u00c1p d\u1ee5ng ng\u00e0y 26\/4 &amp; 01\/5\/2026 C\u00f9ng gia \u0111\u00ecnh v\u00e0 b\u1ea1n b\u00e8 \u0111\u1ebfn t\u1eadn h\u01b0\u1edfng h\u01b0\u01a1ng v\u1ecb [&hellip;]<\/p>\n","protected":false},"author":249,"featured_media":283,"parent":85,"menu_order":0,"comment_status":"closed","ping_status":"closed","template":"template-single-offer.php","meta":{"footnotes":""},"yoast_head":"<!-- This site is optimized with the Yoast SEO plugin v22.3 - https:\/\/yoast.com\/wordpress\/plugins\/seo\/ -->\n<title>Tr\u1ea3i nghi\u1ec7m Buffet Ch\u1ee3 Qu\u00ea - Emerald Hoi An Riverside Resort<\/title>\n<meta name=\"robots\" content=\"index, follow, max-snippet:-1, max-image-preview:large, max-video-preview:-1\" \/>\n<link rel=\"canonical\" href=\"https:\/\/emeraldhoianriverside.com\/vi\/enjoy-our-newest-perks-and-offers\/trai-nghiem-buffet-cho-que\/\" \/>\n<meta property=\"og:locale\" content=\"vi_VN\" \/>\n<meta property=\"og:type\" content=\"article\" \/>\n<meta property=\"og:title\" content=\"Tr\u1ea3i nghi\u1ec7m Buffet Ch\u1ee3 Qu\u00ea - Emerald Hoi An Riverside Resort\" \/>\n<meta property=\"og:description\" content=\"T\u1eadn h\u01b0\u1edfng k\u1ef3 ngh\u1ec9 v\u1edbi tr\u1ea3i nghi\u1ec7m \u1ea9m th\u1ef1c \u201cCh\u1ee3 Qu\u00ea\u201d \u0111\u1ea7y duy\u00ean d\u00e1ng b\u00ean b\u1edd s\u00f4ng. Th\u01b0\u1edfng th\u1ee9c \u0111a d\u1ea1ng m\u00f3n \u0103n truy\u1ec1n th\u1ed1ng Vi\u1ec7t Nam, nguy\u00ean li\u1ec7u t\u01b0\u01a1i ngon trong kh\u00f4ng gian v\u01b0\u1eddn xanh y\u00ean b\u00ecnh. \u00c1p d\u1ee5ng ng\u00e0y 26\/4 &amp; 01\/5\/2026 C\u00f9ng gia \u0111\u00ecnh v\u00e0 b\u1ea1n b\u00e8 \u0111\u1ebfn t\u1eadn h\u01b0\u1edfng h\u01b0\u01a1ng v\u1ecb [&hellip;]\" \/>\n<meta property=\"og:url\" content=\"https:\/\/emeraldhoianriverside.com\/vi\/enjoy-our-newest-perks-and-offers\/trai-nghiem-buffet-cho-que\/\" \/>\n<meta property=\"og:site_name\" content=\"Emerald Hoi An Riverside Resort\" \/>\n<meta property=\"article:modified_time\" content=\"2026-04-07T02:08:20+00:00\" \/>\n<meta property=\"og:image\" content=\"https:\/\/emeraldhoianriverside.com\/wp-content\/uploads\/sites\/161\/2026\/04\/maxresdefault-1.jpg\" \/>\n\t<meta property=\"og:image:width\" content=\"1280\" \/>\n\t<meta property=\"og:image:height\" content=\"720\" \/>\n\t<meta property=\"og:image:type\" content=\"image\/jpeg\" \/>\n<meta name=\"twitter:card\" content=\"summary_large_image\" \/>\n<meta name=\"twitter:label1\" content=\"Est. reading time\" \/>\n\t<meta name=\"twitter:data1\" content=\"1 minute\" \/>\n<script type=\"application\/ld+json\" class=\"yoast-schema-graph\">{\"@context\":\"https:\/\/schema.org\",\"@graph\":[{\"@type\":\"WebPage\",\"@id\":\"https:\/\/emeraldhoianriverside.com\/vi\/enjoy-our-newest-perks-and-offers\/trai-nghiem-buffet-cho-que\/\",\"url\":\"https:\/\/emeraldhoianriverside.com\/vi\/enjoy-our-newest-perks-and-offers\/trai-nghiem-buffet-cho-que\/\",\"name\":\"Tr\u1ea3i nghi\u1ec7m Buffet Ch\u1ee3 Qu\u00ea - Emerald Hoi An Riverside Resort\",\"isPartOf\":{\"@id\":\"https:\/\/emeraldhoianriverside.com\/vi\/#website\"},\"primaryImageOfPage\":{\"@id\":\"https:\/\/emeraldhoianriverside.com\/vi\/enjoy-our-newest-perks-and-offers\/trai-nghiem-buffet-cho-que\/#primaryimage\"},\"image\":{\"@id\":\"https:\/\/emeraldhoianriverside.com\/vi\/enjoy-our-newest-perks-and-offers\/trai-nghiem-buffet-cho-que\/#primaryimage\"},\"thumbnailUrl\":\"https:\/\/emeraldhoianriverside.com\/wp-content\/uploads\/sites\/161\/2026\/04\/maxresdefault-1.jpg\",\"datePublished\":\"2026-04-07T02:01:14+00:00\",\"dateModified\":\"2026-04-07T02:08:20+00:00\",\"breadcrumb\":{\"@id\":\"https:\/\/emeraldhoianriverside.com\/vi\/enjoy-our-newest-perks-and-offers\/trai-nghiem-buffet-cho-que\/#breadcrumb\"},\"inLanguage\":\"vi-VN\",\"potentialAction\":[{\"@type\":\"ReadAction\",\"target\":[\"https:\/\/emeraldhoianriverside.com\/vi\/enjoy-our-newest-perks-and-offers\/trai-nghiem-buffet-cho-que\/\"]}]},{\"@type\":\"ImageObject\",\"inLanguage\":\"vi-VN\",\"@id\":\"https:\/\/emeraldhoianriverside.com\/vi\/enjoy-our-newest-perks-and-offers\/trai-nghiem-buffet-cho-que\/#primaryimage\",\"url\":\"https:\/\/emeraldhoianriverside.com\/wp-content\/uploads\/sites\/161\/2026\/04\/maxresdefault-1.jpg\",\"contentUrl\":\"https:\/\/emeraldhoianriverside.com\/wp-content\/uploads\/sites\/161\/2026\/04\/maxresdefault-1.jpg\",\"width\":1280,\"height\":720},{\"@type\":\"BreadcrumbList\",\"@id\":\"https:\/\/emeraldhoianriverside.com\/vi\/enjoy-our-newest-perks-and-offers\/trai-nghiem-buffet-cho-que\/#breadcrumb\",\"itemListElement\":[{\"@type\":\"ListItem\",\"position\":1,\"name\":\"Home\",\"item\":\"https:\/\/emeraldhoianriverside.com\/vi\/\"},{\"@type\":\"ListItem\",\"position\":2,\"name\":\"\u0110\u00f3n nh\u1eadn c\u00e1c \u01b0u \u0111\u00e3i m\u1edbi nh\u1ea5t d\u00e0nh cho b\u1ea1n\",\"item\":\"https:\/\/emeraldhoianriverside.com\/vi\/enjoy-our-newest-perks-and-offers\/\"},{\"@type\":\"ListItem\",\"position\":3,\"name\":\"Tr\u1ea3i nghi\u1ec7m Buffet Ch\u1ee3 Qu\u00ea\"}]},{\"@type\":\"WebSite\",\"@id\":\"https:\/\/emeraldhoianriverside.com\/vi\/#website\",\"url\":\"https:\/\/emeraldhoianriverside.com\/vi\/\",\"name\":\"Emerald Hoi An Riverside Resort\",\"description\":\"\",\"potentialAction\":[{\"@type\":\"SearchAction\",\"target\":{\"@type\":\"EntryPoint\",\"urlTemplate\":\"https:\/\/emeraldhoianriverside.com\/vi\/?s={search_term_string}\"},\"query-input\":\"required name=search_term_string\"}],\"inLanguage\":\"vi-VN\"}]}<\/script>\n<!-- \/ Yoast SEO plugin. -->","yoast_head_json":{"title":"Tr\u1ea3i nghi\u1ec7m Buffet Ch\u1ee3 Qu\u00ea - Emerald Hoi An Riverside Resort","robots":{"index":"index","follow":"follow","max-snippet":"max-snippet:-1","max-image-preview":"max-image-preview:large","max-video-preview":"max-video-preview:-1"},"canonical":"https:\/\/emeraldhoianriverside.com\/vi\/enjoy-our-newest-perks-and-offers\/trai-nghiem-buffet-cho-que\/","og_locale":"vi_VN","og_type":"article","og_title":"Tr\u1ea3i nghi\u1ec7m Buffet Ch\u1ee3 Qu\u00ea - Emerald Hoi An Riverside Resort","og_description":"T\u1eadn h\u01b0\u1edfng k\u1ef3 ngh\u1ec9 v\u1edbi tr\u1ea3i nghi\u1ec7m \u1ea9m th\u1ef1c \u201cCh\u1ee3 Qu\u00ea\u201d \u0111\u1ea7y duy\u00ean d\u00e1ng b\u00ean b\u1edd s\u00f4ng. Th\u01b0\u1edfng th\u1ee9c \u0111a d\u1ea1ng m\u00f3n \u0103n truy\u1ec1n th\u1ed1ng Vi\u1ec7t Nam, nguy\u00ean li\u1ec7u t\u01b0\u01a1i ngon trong kh\u00f4ng gian v\u01b0\u1eddn xanh y\u00ean b\u00ecnh. \u00c1p d\u1ee5ng ng\u00e0y 26\/4 &amp; 01\/5\/2026 C\u00f9ng gia \u0111\u00ecnh v\u00e0 b\u1ea1n b\u00e8 \u0111\u1ebfn t\u1eadn h\u01b0\u1edfng h\u01b0\u01a1ng v\u1ecb [&hellip;]","og_url":"https:\/\/emeraldhoianriverside.com\/vi\/enjoy-our-newest-perks-and-offers\/trai-nghiem-buffet-cho-que\/","og_site_name":"Emerald Hoi An Riverside Resort","article_modified_time":"2026-04-07T02:08:20+00:00","og_image":[{"width":1280,"height":720,"url":"https:\/\/emeraldhoianriverside.com\/wp-content\/uploads\/sites\/161\/2026\/04\/maxresdefault-1.jpg","type":"image\/jpeg"}],"twitter_card":"summary_large_image","twitter_misc":{"Est. reading time":"1 minute"},"schema":{"@context":"https:\/\/schema.org","@graph":[{"@type":"WebPage","@id":"https:\/\/emeraldhoianriverside.com\/vi\/enjoy-our-newest-perks-and-offers\/trai-nghiem-buffet-cho-que\/","url":"https:\/\/emeraldhoianriverside.com\/vi\/enjoy-our-newest-perks-and-offers\/trai-nghiem-buffet-cho-que\/","name":"Tr\u1ea3i nghi\u1ec7m Buffet Ch\u1ee3 Qu\u00ea - Emerald Hoi An Riverside Resort","isPartOf":{"@id":"https:\/\/emeraldhoianriverside.com\/vi\/#website"},"primaryImageOfPage":{"@id":"https:\/\/emeraldhoianriverside.com\/vi\/enjoy-our-newest-perks-and-offers\/trai-nghiem-buffet-cho-que\/#primaryimage"},"image":{"@id":"https:\/\/emeraldhoianriverside.com\/vi\/enjoy-our-newest-perks-and-offers\/trai-nghiem-buffet-cho-que\/#primaryimage"},"thumbnailUrl":"https:\/\/emeraldhoianriverside.com\/wp-content\/uploads\/sites\/161\/2026\/04\/maxresdefault-1.jpg","datePublished":"2026-04-07T02:01:14+00:00","dateModified":"2026-04-07T02:08:20+00:00","breadcrumb":{"@id":"https:\/\/emeraldhoianriverside.com\/vi\/enjoy-our-newest-perks-and-offers\/trai-nghiem-buffet-cho-que\/#breadcrumb"},"inLanguage":"vi-VN","potentialAction":[{"@type":"ReadAction","target":["https:\/\/emeraldhoianriverside.com\/vi\/enjoy-our-newest-perks-and-offers\/trai-nghiem-buffet-cho-que\/"]}]},{"@type":"ImageObject","inLanguage":"vi-VN","@id":"https:\/\/emeraldhoianriverside.com\/vi\/enjoy-our-newest-perks-and-offers\/trai-nghiem-buffet-cho-que\/#primaryimage","url":"https:\/\/emeraldhoianriverside.com\/wp-content\/uploads\/sites\/161\/2026\/04\/maxresdefault-1.jpg","contentUrl":"https:\/\/emeraldhoianriverside.com\/wp-content\/uploads\/sites\/161\/2026\/04\/maxresdefault-1.jpg","width":1280,"height":720},{"@type":"BreadcrumbList","@id":"https:\/\/emeraldhoianriverside.com\/vi\/enjoy-our-newest-perks-and-offers\/trai-nghiem-buffet-cho-que\/#breadcrumb","itemListElement":[{"@type":"ListItem","position":1,"name":"Home","item":"https:\/\/emeraldhoianriverside.com\/vi\/"},{"@type":"ListItem","position":2,"name":"\u0110\u00f3n nh\u1eadn c\u00e1c \u01b0u \u0111\u00e3i m\u1edbi nh\u1ea5t d\u00e0nh cho b\u1ea1n","item":"https:\/\/emeraldhoianriverside.com\/vi\/enjoy-our-newest-perks-and-offers\/"},{"@type":"ListItem","position":3,"name":"Tr\u1ea3i nghi\u1ec7m Buffet Ch\u1ee3 Qu\u00ea"}]},{"@type":"WebSite","@id":"https:\/\/emeraldhoianriverside.com\/vi\/#website","url":"https:\/\/emeraldhoianriverside.com\/vi\/","name":"Emerald Hoi An Riverside Resort","description":"","potentialAction":[{"@type":"SearchAction","target":{"@type":"EntryPoint","urlTemplate":"https:\/\/emeraldhoianriverside.com\/vi\/?s={search_term_string}"},"query-input":"required name=search_term_string"}],"inLanguage":"vi-VN"}]}},"acf":[],"_links":{"self":[{"href":"https:\/\/emeraldhoianriverside.com\/vi\/wp-json\/wp\/v2\/pages\/281"}],"collection":[{"href":"https:\/\/emeraldhoianriverside.com\/vi\/wp-json\/wp\/v2\/pages"}],"about":[{"href":"https:\/\/emeraldhoianriverside.com\/vi\/wp-json\/wp\/v2\/types\/page"}],"author":[{"embeddable":true,"href":"https:\/\/emeraldhoianriverside.com\/vi\/wp-json\/wp\/v2\/users\/249"}],"replies":[{"embeddable":true,"href":"https:\/\/emeraldhoianriverside.com\/vi\/wp-json\/wp\/v2\/comments?post=281"}],"version-history":[{"count":0,"href":"https:\/\/emeraldhoianriverside.com\/vi\/wp-json\/wp\/v2\/pages\/281\/revisions"}],"up":[{"embeddable":true,"href":"https:\/\/emeraldhoianriverside.com\/vi\/wp-json\/wp\/v2\/pages\/85"}],"wp:featuredmedia":[{"embeddable":true,"href":"https:\/\/emeraldhoianriverside.com\/vi\/wp-json\/wp\/v2\/media\/283"}],"wp:attachment":[{"href":"https:\/\/emeraldhoianriverside.com\/vi\/wp-json\/wp\/v2\/media?parent=281"}],"curies":[{"name":"wp","href":"https:\/\/api.w.org\/{rel}","templated":true}]}}