{"id":266,"date":"2026-04-06T15:52:01","date_gmt":"2026-04-06T07:52:01","guid":{"rendered":"https:\/\/emeraldhoianriverside.com\/?page_id=266"},"modified":"2026-04-19T18:27:54","modified_gmt":"2026-04-19T10:27:54","slug":"tra-chieu","status":"publish","type":"page","link":"https:\/\/emeraldhoianriverside.com\/vi\/enjoy-our-newest-perks-and-offers\/tra-chieu\/","title":{"rendered":"Tr\u00e0 chi\u1ec1u"},"content":{"rendered":"<p>Th\u01b0\u1edfng th\u1ee9c tr\u00e0 chi\u1ec1u gi\u1eefa khu v\u01b0\u1eddn xanh m\u00e1t, n\u01a1i kh\u00f4ng gian y\u00ean b\u00ecnh h\u00f2a c\u00f9ng nh\u1eefng m\u00f3n b\u00e1nh ng\u1ecdt v\u00e0 m\u1eb7n l\u1ea5y c\u1ea3m h\u1ee9ng t\u1eeb h\u01b0\u01a1ng v\u1ecb \u0111\u1eb7c tr\u01b0ng c\u1ee7a H\u1ed9i An, mang \u0111\u1ebfn m\u1ed9t tr\u1ea3i nghi\u1ec7m \u1ea9m th\u1ef1c nh\u1eb9 nh\u00e0ng v\u00e0 \u0111\u1ea7y c\u1ea3m x\u00fac, v\u1edbi m\u1ee9c gi\u00e1 t\u1eeb 100.000 VN\u0110\/ng\u01b0\u1eddi.<\/p>\n<p><strong>\u0110i\u1ec1u kho\u1ea3n &amp; \u0111i\u1ec1u ki\u1ec7n:<\/strong><\/p>\n<ul>\n<li>Th\u1eddi gian \u00e1p d\u1ee5ng: \u0110\u1ebfn h\u1ebft 20\/12\/2026<\/li>\n<li>\u00c1p d\u1ee5ng khi \u0111\u1eb7t b\u00e0n t\u1ed1i thi\u1ec3u 2 ng\u01b0\u1eddi<\/li>\n<li>M\u1ee9c gi\u00e1 \u0111\u00e3 bao g\u1ed3m VAT v\u00e0 ph\u00ed d\u1ecbch v\u1ee5<\/li>\n<\/ul>\n","protected":false},"excerpt":{"rendered":"<p>Th\u01b0\u1edfng th\u1ee9c tr\u00e0 chi\u1ec1u gi\u1eefa khu v\u01b0\u1eddn xanh m\u00e1t, n\u01a1i kh\u00f4ng gian y\u00ean b\u00ecnh h\u00f2a c\u00f9ng nh\u1eefng m\u00f3n b\u00e1nh ng\u1ecdt v\u00e0 m\u1eb7n l\u1ea5y c\u1ea3m h\u1ee9ng t\u1eeb h\u01b0\u01a1ng v\u1ecb \u0111\u1eb7c tr\u01b0ng c\u1ee7a H\u1ed9i An, mang \u0111\u1ebfn m\u1ed9t tr\u1ea3i nghi\u1ec7m \u1ea9m th\u1ef1c nh\u1eb9 nh\u00e0ng v\u00e0 \u0111\u1ea7y c\u1ea3m x\u00fac, v\u1edbi m\u1ee9c gi\u00e1 t\u1eeb 100.000 VN\u0110\/ng\u01b0\u1eddi. \u0110i\u1ec1u kho\u1ea3n &amp; [&hellip;]<\/p>\n","protected":false},"author":249,"featured_media":0,"parent":85,"menu_order":1,"comment_status":"closed","ping_status":"closed","template":"template-single-offer.php","meta":{"footnotes":""},"yoast_head":"<!-- This site is optimized with the Yoast SEO plugin v22.3 - https:\/\/yoast.com\/wordpress\/plugins\/seo\/ -->\n<title>Tr\u00e0 chi\u1ec1u - Emerald Hoi An Riverside Resort<\/title>\n<meta name=\"robots\" content=\"index, follow, max-snippet:-1, max-image-preview:large, max-video-preview:-1\" \/>\n<link rel=\"canonical\" href=\"https:\/\/emeraldhoianriverside.com\/vi\/enjoy-our-newest-perks-and-offers\/tra-chieu\/\" \/>\n<meta property=\"og:locale\" content=\"vi_VN\" \/>\n<meta property=\"og:type\" content=\"article\" \/>\n<meta property=\"og:title\" content=\"Tr\u00e0 chi\u1ec1u - Emerald Hoi An Riverside Resort\" \/>\n<meta property=\"og:description\" content=\"Th\u01b0\u1edfng th\u1ee9c tr\u00e0 chi\u1ec1u gi\u1eefa khu v\u01b0\u1eddn xanh m\u00e1t, n\u01a1i kh\u00f4ng gian y\u00ean b\u00ecnh h\u00f2a c\u00f9ng nh\u1eefng m\u00f3n b\u00e1nh ng\u1ecdt v\u00e0 m\u1eb7n l\u1ea5y c\u1ea3m h\u1ee9ng t\u1eeb h\u01b0\u01a1ng v\u1ecb \u0111\u1eb7c tr\u01b0ng c\u1ee7a H\u1ed9i An, mang \u0111\u1ebfn m\u1ed9t tr\u1ea3i nghi\u1ec7m \u1ea9m th\u1ef1c nh\u1eb9 nh\u00e0ng v\u00e0 \u0111\u1ea7y c\u1ea3m x\u00fac, v\u1edbi m\u1ee9c gi\u00e1 t\u1eeb 100.000 VN\u0110\/ng\u01b0\u1eddi. \u0110i\u1ec1u kho\u1ea3n &amp; [&hellip;]\" \/>\n<meta property=\"og:url\" content=\"https:\/\/emeraldhoianriverside.com\/vi\/enjoy-our-newest-perks-and-offers\/tra-chieu\/\" \/>\n<meta property=\"og:site_name\" content=\"Emerald Hoi An Riverside Resort\" \/>\n<meta property=\"article:modified_time\" content=\"2026-04-19T10:27:54+00:00\" \/>\n<meta name=\"twitter:card\" content=\"summary_large_image\" \/>\n<meta name=\"twitter:label1\" content=\"Est. reading time\" \/>\n\t<meta name=\"twitter:data1\" content=\"1 minute\" \/>\n<script type=\"application\/ld+json\" class=\"yoast-schema-graph\">{\"@context\":\"https:\/\/schema.org\",\"@graph\":[{\"@type\":\"WebPage\",\"@id\":\"https:\/\/emeraldhoianriverside.com\/vi\/enjoy-our-newest-perks-and-offers\/tra-chieu\/\",\"url\":\"https:\/\/emeraldhoianriverside.com\/vi\/enjoy-our-newest-perks-and-offers\/tra-chieu\/\",\"name\":\"Tr\u00e0 chi\u1ec1u - Emerald Hoi An Riverside Resort\",\"isPartOf\":{\"@id\":\"https:\/\/emeraldhoianriverside.com\/vi\/#website\"},\"datePublished\":\"2026-04-06T07:52:01+00:00\",\"dateModified\":\"2026-04-19T10:27:54+00:00\",\"breadcrumb\":{\"@id\":\"https:\/\/emeraldhoianriverside.com\/vi\/enjoy-our-newest-perks-and-offers\/tra-chieu\/#breadcrumb\"},\"inLanguage\":\"vi-VN\",\"potentialAction\":[{\"@type\":\"ReadAction\",\"target\":[\"https:\/\/emeraldhoianriverside.com\/vi\/enjoy-our-newest-perks-and-offers\/tra-chieu\/\"]}]},{\"@type\":\"BreadcrumbList\",\"@id\":\"https:\/\/emeraldhoianriverside.com\/vi\/enjoy-our-newest-perks-and-offers\/tra-chieu\/#breadcrumb\",\"itemListElement\":[{\"@type\":\"ListItem\",\"position\":1,\"name\":\"Home\",\"item\":\"https:\/\/emeraldhoianriverside.com\/vi\/\"},{\"@type\":\"ListItem\",\"position\":2,\"name\":\"\u01afu \u0111\u00e3i\",\"item\":\"https:\/\/emeraldhoianriverside.com\/vi\/enjoy-our-newest-perks-and-offers\/\"},{\"@type\":\"ListItem\",\"position\":3,\"name\":\"Tr\u00e0 chi\u1ec1u\"}]},{\"@type\":\"WebSite\",\"@id\":\"https:\/\/emeraldhoianriverside.com\/vi\/#website\",\"url\":\"https:\/\/emeraldhoianriverside.com\/vi\/\",\"name\":\"Emerald Hoi An Riverside Resort\",\"description\":\"\",\"potentialAction\":[{\"@type\":\"SearchAction\",\"target\":{\"@type\":\"EntryPoint\",\"urlTemplate\":\"https:\/\/emeraldhoianriverside.com\/vi\/?s={search_term_string}\"},\"query-input\":\"required name=search_term_string\"}],\"inLanguage\":\"vi-VN\"}]}<\/script>\n<!-- \/ Yoast SEO plugin. -->","yoast_head_json":{"title":"Tr\u00e0 chi\u1ec1u - Emerald Hoi An Riverside Resort","robots":{"index":"index","follow":"follow","max-snippet":"max-snippet:-1","max-image-preview":"max-image-preview:large","max-video-preview":"max-video-preview:-1"},"canonical":"https:\/\/emeraldhoianriverside.com\/vi\/enjoy-our-newest-perks-and-offers\/tra-chieu\/","og_locale":"vi_VN","og_type":"article","og_title":"Tr\u00e0 chi\u1ec1u - Emerald Hoi An Riverside Resort","og_description":"Th\u01b0\u1edfng th\u1ee9c tr\u00e0 chi\u1ec1u gi\u1eefa khu v\u01b0\u1eddn xanh m\u00e1t, n\u01a1i kh\u00f4ng gian y\u00ean b\u00ecnh h\u00f2a c\u00f9ng nh\u1eefng m\u00f3n b\u00e1nh ng\u1ecdt v\u00e0 m\u1eb7n l\u1ea5y c\u1ea3m h\u1ee9ng t\u1eeb h\u01b0\u01a1ng v\u1ecb \u0111\u1eb7c tr\u01b0ng c\u1ee7a H\u1ed9i An, mang \u0111\u1ebfn m\u1ed9t tr\u1ea3i nghi\u1ec7m \u1ea9m th\u1ef1c nh\u1eb9 nh\u00e0ng v\u00e0 \u0111\u1ea7y c\u1ea3m x\u00fac, v\u1edbi m\u1ee9c gi\u00e1 t\u1eeb 100.000 VN\u0110\/ng\u01b0\u1eddi. \u0110i\u1ec1u kho\u1ea3n &amp; [&hellip;]","og_url":"https:\/\/emeraldhoianriverside.com\/vi\/enjoy-our-newest-perks-and-offers\/tra-chieu\/","og_site_name":"Emerald Hoi An Riverside Resort","article_modified_time":"2026-04-19T10:27:54+00:00","twitter_card":"summary_large_image","twitter_misc":{"Est. reading time":"1 minute"},"schema":{"@context":"https:\/\/schema.org","@graph":[{"@type":"WebPage","@id":"https:\/\/emeraldhoianriverside.com\/vi\/enjoy-our-newest-perks-and-offers\/tra-chieu\/","url":"https:\/\/emeraldhoianriverside.com\/vi\/enjoy-our-newest-perks-and-offers\/tra-chieu\/","name":"Tr\u00e0 chi\u1ec1u - Emerald Hoi An Riverside Resort","isPartOf":{"@id":"https:\/\/emeraldhoianriverside.com\/vi\/#website"},"datePublished":"2026-04-06T07:52:01+00:00","dateModified":"2026-04-19T10:27:54+00:00","breadcrumb":{"@id":"https:\/\/emeraldhoianriverside.com\/vi\/enjoy-our-newest-perks-and-offers\/tra-chieu\/#breadcrumb"},"inLanguage":"vi-VN","potentialAction":[{"@type":"ReadAction","target":["https:\/\/emeraldhoianriverside.com\/vi\/enjoy-our-newest-perks-and-offers\/tra-chieu\/"]}]},{"@type":"BreadcrumbList","@id":"https:\/\/emeraldhoianriverside.com\/vi\/enjoy-our-newest-perks-and-offers\/tra-chieu\/#breadcrumb","itemListElement":[{"@type":"ListItem","position":1,"name":"Home","item":"https:\/\/emeraldhoianriverside.com\/vi\/"},{"@type":"ListItem","position":2,"name":"\u01afu \u0111\u00e3i","item":"https:\/\/emeraldhoianriverside.com\/vi\/enjoy-our-newest-perks-and-offers\/"},{"@type":"ListItem","position":3,"name":"Tr\u00e0 chi\u1ec1u"}]},{"@type":"WebSite","@id":"https:\/\/emeraldhoianriverside.com\/vi\/#website","url":"https:\/\/emeraldhoianriverside.com\/vi\/","name":"Emerald Hoi An Riverside Resort","description":"","potentialAction":[{"@type":"SearchAction","target":{"@type":"EntryPoint","urlTemplate":"https:\/\/emeraldhoianriverside.com\/vi\/?s={search_term_string}"},"query-input":"required name=search_term_string"}],"inLanguage":"vi-VN"}]}},"acf":[],"_links":{"self":[{"href":"https:\/\/emeraldhoianriverside.com\/vi\/wp-json\/wp\/v2\/pages\/266"}],"collection":[{"href":"https:\/\/emeraldhoianriverside.com\/vi\/wp-json\/wp\/v2\/pages"}],"about":[{"href":"https:\/\/emeraldhoianriverside.com\/vi\/wp-json\/wp\/v2\/types\/page"}],"author":[{"embeddable":true,"href":"https:\/\/emeraldhoianriverside.com\/vi\/wp-json\/wp\/v2\/users\/249"}],"replies":[{"embeddable":true,"href":"https:\/\/emeraldhoianriverside.com\/vi\/wp-json\/wp\/v2\/comments?post=266"}],"version-history":[{"count":0,"href":"https:\/\/emeraldhoianriverside.com\/vi\/wp-json\/wp\/v2\/pages\/266\/revisions"}],"up":[{"embeddable":true,"href":"https:\/\/emeraldhoianriverside.com\/vi\/wp-json\/wp\/v2\/pages\/85"}],"wp:attachment":[{"href":"https:\/\/emeraldhoianriverside.com\/vi\/wp-json\/wp\/v2\/media?parent=266"}],"curies":[{"name":"wp","href":"https:\/\/api.w.org\/{rel}","templated":true}]}}