{"id":23,"date":"2026-02-19T15:35:44","date_gmt":"2026-02-19T07:35:44","guid":{"rendered":"https:\/\/emeraldhoianriverside.ms2.decms.asia\/?page_id=23"},"modified":"2026-03-18T14:08:04","modified_gmt":"2026-03-18T06:08:04","slug":"deluxe-pool-view","status":"publish","type":"page","link":"https:\/\/emeraldhoianriverside.com\/vi\/rooms-suite\/deluxe-pool-view\/","title":{"rendered":"Deluxe H\u01b0\u1edbng H\u1ed3 B\u01a1i"},"content":{"rendered":"<p>Nh\u00ecn ra h\u1ed3 b\u01a1i t\u1eeb ban c\u00f4ng th\u01b0 th\u00e1i, c\u0103n ph\u00f2ng d\u1ec5 ch\u1ecbu l\u00e0 l\u1ef1a ch\u1ecdn kh\u00f4ng th\u1ec3 b\u1ecf qua \u0111\u1ec3 t\u1eadn h\u01b0\u1edfng \u00e1nh n\u1eafng \u00f3ng \u00e1nh trong l\u00e0n n\u01b0\u1edbc m\u00e1t gi\u1eefa m\u1ed9t \u1ed1c \u0111\u1ea3o. L\u1ef1a ch\u1ecdn gi\u1eefa gi\u01b0\u1eddng \u0111\u00f4i ho\u1eb7c hai gi\u01b0\u1eddng \u0111\u01a1n.<\/p>\n","protected":false},"excerpt":{"rendered":"<p>Nh\u00ecn ra h\u1ed3 b\u01a1i t\u1eeb ban c\u00f4ng th\u01b0 th\u00e1i, c\u0103n ph\u00f2ng d\u1ec5 ch\u1ecbu l\u00e0 l\u1ef1a ch\u1ecdn kh\u00f4ng th\u1ec3 b\u1ecf qua \u0111\u1ec3 t\u1eadn h\u01b0\u1edfng \u00e1nh n\u1eafng \u00f3ng \u00e1nh trong l\u00e0n n\u01b0\u1edbc m\u00e1t gi\u1eefa m\u1ed9t \u1ed1c \u0111\u1ea3o. L\u1ef1a ch\u1ecdn gi\u1eefa gi\u01b0\u1eddng \u0111\u00f4i ho\u1eb7c hai gi\u01b0\u1eddng \u0111\u01a1n.<\/p>\n","protected":false},"author":90,"featured_media":0,"parent":60,"menu_order":1,"comment_status":"closed","ping_status":"closed","template":"template-single-room.php","meta":{"footnotes":""},"yoast_head":"<!-- This site is optimized with the Yoast SEO plugin v22.3 - https:\/\/yoast.com\/wordpress\/plugins\/seo\/ -->\n<title>Deluxe H\u01b0\u1edbng H\u1ed3 B\u01a1i - Emerald Hoi An Riverside Resort<\/title>\n<meta name=\"robots\" content=\"index, follow, max-snippet:-1, max-image-preview:large, max-video-preview:-1\" \/>\n<link rel=\"canonical\" href=\"https:\/\/emeraldhoianriverside.com\/vi\/rooms-suite\/deluxe-pool-view\/\" \/>\n<meta property=\"og:locale\" content=\"vi_VN\" \/>\n<meta property=\"og:type\" content=\"article\" \/>\n<meta property=\"og:title\" content=\"Deluxe H\u01b0\u1edbng H\u1ed3 B\u01a1i - Emerald Hoi An Riverside Resort\" \/>\n<meta property=\"og:description\" content=\"Nh\u00ecn ra h\u1ed3 b\u01a1i t\u1eeb ban c\u00f4ng th\u01b0 th\u00e1i, c\u0103n ph\u00f2ng d\u1ec5 ch\u1ecbu l\u00e0 l\u1ef1a ch\u1ecdn kh\u00f4ng th\u1ec3 b\u1ecf qua \u0111\u1ec3 t\u1eadn h\u01b0\u1edfng \u00e1nh n\u1eafng \u00f3ng \u00e1nh trong l\u00e0n n\u01b0\u1edbc m\u00e1t gi\u1eefa m\u1ed9t \u1ed1c \u0111\u1ea3o. L\u1ef1a ch\u1ecdn gi\u1eefa gi\u01b0\u1eddng \u0111\u00f4i ho\u1eb7c hai gi\u01b0\u1eddng \u0111\u01a1n.\" \/>\n<meta property=\"og:url\" content=\"https:\/\/emeraldhoianriverside.com\/vi\/rooms-suite\/deluxe-pool-view\/\" \/>\n<meta property=\"og:site_name\" content=\"Emerald Hoi An Riverside Resort\" \/>\n<meta property=\"article:modified_time\" content=\"2026-03-18T06:08:04+00:00\" \/>\n<meta name=\"twitter:card\" content=\"summary_large_image\" \/>\n<meta name=\"twitter:label1\" content=\"Est. reading time\" \/>\n\t<meta name=\"twitter:data1\" content=\"1 minute\" \/>\n<script type=\"application\/ld+json\" class=\"yoast-schema-graph\">{\"@context\":\"https:\/\/schema.org\",\"@graph\":[{\"@type\":\"WebPage\",\"@id\":\"https:\/\/emeraldhoianriverside.com\/vi\/rooms-suite\/deluxe-pool-view\/\",\"url\":\"https:\/\/emeraldhoianriverside.com\/vi\/rooms-suite\/deluxe-pool-view\/\",\"name\":\"Deluxe H\u01b0\u1edbng H\u1ed3 B\u01a1i - Emerald Hoi An Riverside Resort\",\"isPartOf\":{\"@id\":\"https:\/\/emeraldhoianriverside.com\/vi\/#website\"},\"datePublished\":\"2026-02-19T07:35:44+00:00\",\"dateModified\":\"2026-03-18T06:08:04+00:00\",\"breadcrumb\":{\"@id\":\"https:\/\/emeraldhoianriverside.com\/vi\/rooms-suite\/deluxe-pool-view\/#breadcrumb\"},\"inLanguage\":\"vi-VN\",\"potentialAction\":[{\"@type\":\"ReadAction\",\"target\":[\"https:\/\/emeraldhoianriverside.com\/vi\/rooms-suite\/deluxe-pool-view\/\"]}]},{\"@type\":\"BreadcrumbList\",\"@id\":\"https:\/\/emeraldhoianriverside.com\/vi\/rooms-suite\/deluxe-pool-view\/#breadcrumb\",\"itemListElement\":[{\"@type\":\"ListItem\",\"position\":1,\"name\":\"Home\",\"item\":\"https:\/\/emeraldhoianriverside.com\/vi\/\"},{\"@type\":\"ListItem\",\"position\":2,\"name\":\"Ph\u00f2ng &#038; Suite\",\"item\":\"https:\/\/emeraldhoianriverside.com\/vi\/rooms-suite\/\"},{\"@type\":\"ListItem\",\"position\":3,\"name\":\"Deluxe H\u01b0\u1edbng H\u1ed3 B\u01a1i\"}]},{\"@type\":\"WebSite\",\"@id\":\"https:\/\/emeraldhoianriverside.com\/vi\/#website\",\"url\":\"https:\/\/emeraldhoianriverside.com\/vi\/\",\"name\":\"Emerald Hoi An Riverside Resort\",\"description\":\"\",\"potentialAction\":[{\"@type\":\"SearchAction\",\"target\":{\"@type\":\"EntryPoint\",\"urlTemplate\":\"https:\/\/emeraldhoianriverside.com\/vi\/?s={search_term_string}\"},\"query-input\":\"required name=search_term_string\"}],\"inLanguage\":\"vi-VN\"}]}<\/script>\n<!-- \/ Yoast SEO plugin. -->","yoast_head_json":{"title":"Deluxe H\u01b0\u1edbng H\u1ed3 B\u01a1i - Emerald Hoi An Riverside Resort","robots":{"index":"index","follow":"follow","max-snippet":"max-snippet:-1","max-image-preview":"max-image-preview:large","max-video-preview":"max-video-preview:-1"},"canonical":"https:\/\/emeraldhoianriverside.com\/vi\/rooms-suite\/deluxe-pool-view\/","og_locale":"vi_VN","og_type":"article","og_title":"Deluxe H\u01b0\u1edbng H\u1ed3 B\u01a1i - Emerald Hoi An Riverside Resort","og_description":"Nh\u00ecn ra h\u1ed3 b\u01a1i t\u1eeb ban c\u00f4ng th\u01b0 th\u00e1i, c\u0103n ph\u00f2ng d\u1ec5 ch\u1ecbu l\u00e0 l\u1ef1a ch\u1ecdn kh\u00f4ng th\u1ec3 b\u1ecf qua \u0111\u1ec3 t\u1eadn h\u01b0\u1edfng \u00e1nh n\u1eafng \u00f3ng \u00e1nh trong l\u00e0n n\u01b0\u1edbc m\u00e1t gi\u1eefa m\u1ed9t \u1ed1c \u0111\u1ea3o. L\u1ef1a ch\u1ecdn gi\u1eefa gi\u01b0\u1eddng \u0111\u00f4i ho\u1eb7c hai gi\u01b0\u1eddng \u0111\u01a1n.","og_url":"https:\/\/emeraldhoianriverside.com\/vi\/rooms-suite\/deluxe-pool-view\/","og_site_name":"Emerald Hoi An Riverside Resort","article_modified_time":"2026-03-18T06:08:04+00:00","twitter_card":"summary_large_image","twitter_misc":{"Est. reading time":"1 minute"},"schema":{"@context":"https:\/\/schema.org","@graph":[{"@type":"WebPage","@id":"https:\/\/emeraldhoianriverside.com\/vi\/rooms-suite\/deluxe-pool-view\/","url":"https:\/\/emeraldhoianriverside.com\/vi\/rooms-suite\/deluxe-pool-view\/","name":"Deluxe H\u01b0\u1edbng H\u1ed3 B\u01a1i - Emerald Hoi An Riverside Resort","isPartOf":{"@id":"https:\/\/emeraldhoianriverside.com\/vi\/#website"},"datePublished":"2026-02-19T07:35:44+00:00","dateModified":"2026-03-18T06:08:04+00:00","breadcrumb":{"@id":"https:\/\/emeraldhoianriverside.com\/vi\/rooms-suite\/deluxe-pool-view\/#breadcrumb"},"inLanguage":"vi-VN","potentialAction":[{"@type":"ReadAction","target":["https:\/\/emeraldhoianriverside.com\/vi\/rooms-suite\/deluxe-pool-view\/"]}]},{"@type":"BreadcrumbList","@id":"https:\/\/emeraldhoianriverside.com\/vi\/rooms-suite\/deluxe-pool-view\/#breadcrumb","itemListElement":[{"@type":"ListItem","position":1,"name":"Home","item":"https:\/\/emeraldhoianriverside.com\/vi\/"},{"@type":"ListItem","position":2,"name":"Ph\u00f2ng &#038; Suite","item":"https:\/\/emeraldhoianriverside.com\/vi\/rooms-suite\/"},{"@type":"ListItem","position":3,"name":"Deluxe H\u01b0\u1edbng H\u1ed3 B\u01a1i"}]},{"@type":"WebSite","@id":"https:\/\/emeraldhoianriverside.com\/vi\/#website","url":"https:\/\/emeraldhoianriverside.com\/vi\/","name":"Emerald Hoi An Riverside Resort","description":"","potentialAction":[{"@type":"SearchAction","target":{"@type":"EntryPoint","urlTemplate":"https:\/\/emeraldhoianriverside.com\/vi\/?s={search_term_string}"},"query-input":"required name=search_term_string"}],"inLanguage":"vi-VN"}]}},"acf":[],"_links":{"self":[{"href":"https:\/\/emeraldhoianriverside.com\/vi\/wp-json\/wp\/v2\/pages\/23"}],"collection":[{"href":"https:\/\/emeraldhoianriverside.com\/vi\/wp-json\/wp\/v2\/pages"}],"about":[{"href":"https:\/\/emeraldhoianriverside.com\/vi\/wp-json\/wp\/v2\/types\/page"}],"author":[{"embeddable":true,"href":"https:\/\/emeraldhoianriverside.com\/vi\/wp-json\/wp\/v2\/users\/90"}],"replies":[{"embeddable":true,"href":"https:\/\/emeraldhoianriverside.com\/vi\/wp-json\/wp\/v2\/comments?post=23"}],"version-history":[{"count":0,"href":"https:\/\/emeraldhoianriverside.com\/vi\/wp-json\/wp\/v2\/pages\/23\/revisions"}],"up":[{"embeddable":true,"href":"https:\/\/emeraldhoianriverside.com\/vi\/wp-json\/wp\/v2\/pages\/60"}],"wp:attachment":[{"href":"https:\/\/emeraldhoianriverside.com\/vi\/wp-json\/wp\/v2\/media?parent=23"}],"curies":[{"name":"wp","href":"https:\/\/api.w.org\/{rel}","templated":true}]}}