{"id":20,"date":"2026-02-19T15:26:29","date_gmt":"2026-02-19T07:26:29","guid":{"rendered":"https:\/\/emeraldhoianriverside.ms2.decms.asia\/deluxe-garden-view\/"},"modified":"2026-05-14T16:32:43","modified_gmt":"2026-05-14T08:32:43","slug":"deluxe-garden-view","status":"publish","type":"page","link":"https:\/\/emeraldhoianriverside.com\/vi\/rooms-suite\/deluxe-garden-view\/","title":{"rendered":"Deluxe Garden View"},"content":{"rendered":"<p>Deluxe Garden View mang \u0111\u1ebfn c\u1ea3m gi\u00e1c ngh\u1ec9 d\u01b0\u1ee1ng nh\u1eb9 nh\u00e0ng v\u1edbi thi\u1ebft k\u1ebf tinh gi\u1ea3n, n\u1ed5i b\u1eadt b\u1edfi nh\u1eefng gam m\u00e0u s\u00e1ng k\u1ebft h\u1ee3p c\u00f9ng h\u1ecda ti\u1ebft v\u1ea3i hoa truy\u1ec1n th\u1ed1ng \u0111\u1ea7y duy\u00ean d\u00e1ng. T\u1eeb m\u00e1i hi\u00ean ri\u00eang, khu v\u01b0\u1eddn xanh m\u00e1t m\u1edf ra m\u1ed9t kh\u00f4ng gian y\u00ean b\u00ecnh, l\u00fd t\u01b0\u1edfng \u0111\u1ec3 th\u1ea3 l\u1ecfng v\u00e0 t\u1eadn h\u01b0\u1edfng t\u1eebng kho\u1ea3nh kh\u1eafc.<\/p>\n","protected":false},"excerpt":{"rendered":"<p>Deluxe Garden View mang \u0111\u1ebfn c\u1ea3m gi\u00e1c ngh\u1ec9 d\u01b0\u1ee1ng nh\u1eb9 nh\u00e0ng v\u1edbi thi\u1ebft k\u1ebf tinh gi\u1ea3n, n\u1ed5i b\u1eadt b\u1edfi nh\u1eefng gam m\u00e0u s\u00e1ng k\u1ebft h\u1ee3p c\u00f9ng h\u1ecda ti\u1ebft v\u1ea3i hoa truy\u1ec1n th\u1ed1ng \u0111\u1ea7y duy\u00ean d\u00e1ng. T\u1eeb m\u00e1i hi\u00ean ri\u00eang, khu v\u01b0\u1eddn xanh m\u00e1t m\u1edf ra m\u1ed9t kh\u00f4ng gian y\u00ean b\u00ecnh, l\u00fd t\u01b0\u1edfng \u0111\u1ec3 th\u1ea3 l\u1ecfng [&hellip;]<\/p>\n","protected":false},"author":90,"featured_media":0,"parent":60,"menu_order":0,"comment_status":"closed","ping_status":"closed","template":"template-single-room.php","meta":{"footnotes":""},"yoast_head":"<!-- This site is optimized with the Yoast SEO plugin v22.3 - https:\/\/yoast.com\/wordpress\/plugins\/seo\/ -->\n<title>Deluxe Garden View - Emerald Hoi An Riverside Resort<\/title>\n<meta name=\"robots\" content=\"index, follow, max-snippet:-1, max-image-preview:large, max-video-preview:-1\" \/>\n<link rel=\"canonical\" href=\"https:\/\/emeraldhoianriverside.com\/vi\/rooms-suite\/deluxe-garden-view\/\" \/>\n<meta property=\"og:locale\" content=\"vi_VN\" \/>\n<meta property=\"og:type\" content=\"article\" \/>\n<meta property=\"og:title\" content=\"Deluxe Garden View - Emerald Hoi An Riverside Resort\" \/>\n<meta property=\"og:description\" content=\"Deluxe Garden View mang \u0111\u1ebfn c\u1ea3m gi\u00e1c ngh\u1ec9 d\u01b0\u1ee1ng nh\u1eb9 nh\u00e0ng v\u1edbi thi\u1ebft k\u1ebf tinh gi\u1ea3n, n\u1ed5i b\u1eadt b\u1edfi nh\u1eefng gam m\u00e0u s\u00e1ng k\u1ebft h\u1ee3p c\u00f9ng h\u1ecda ti\u1ebft v\u1ea3i hoa truy\u1ec1n th\u1ed1ng \u0111\u1ea7y duy\u00ean d\u00e1ng. T\u1eeb m\u00e1i hi\u00ean ri\u00eang, khu v\u01b0\u1eddn xanh m\u00e1t m\u1edf ra m\u1ed9t kh\u00f4ng gian y\u00ean b\u00ecnh, l\u00fd t\u01b0\u1edfng \u0111\u1ec3 th\u1ea3 l\u1ecfng [&hellip;]\" \/>\n<meta property=\"og:url\" content=\"https:\/\/emeraldhoianriverside.com\/vi\/rooms-suite\/deluxe-garden-view\/\" \/>\n<meta property=\"og:site_name\" content=\"Emerald Hoi An Riverside Resort\" \/>\n<meta property=\"article:modified_time\" content=\"2026-05-14T08:32:43+00:00\" \/>\n<meta name=\"twitter:card\" content=\"summary_large_image\" \/>\n<meta name=\"twitter:label1\" content=\"Est. reading time\" \/>\n\t<meta name=\"twitter:data1\" content=\"1 minute\" \/>\n<script type=\"application\/ld+json\" class=\"yoast-schema-graph\">{\"@context\":\"https:\/\/schema.org\",\"@graph\":[{\"@type\":\"WebPage\",\"@id\":\"https:\/\/emeraldhoianriverside.com\/vi\/rooms-suite\/deluxe-garden-view\/\",\"url\":\"https:\/\/emeraldhoianriverside.com\/vi\/rooms-suite\/deluxe-garden-view\/\",\"name\":\"Deluxe Garden View - Emerald Hoi An Riverside Resort\",\"isPartOf\":{\"@id\":\"https:\/\/emeraldhoianriverside.com\/vi\/#website\"},\"datePublished\":\"2026-02-19T07:26:29+00:00\",\"dateModified\":\"2026-05-14T08:32:43+00:00\",\"breadcrumb\":{\"@id\":\"https:\/\/emeraldhoianriverside.com\/vi\/rooms-suite\/deluxe-garden-view\/#breadcrumb\"},\"inLanguage\":\"vi-VN\",\"potentialAction\":[{\"@type\":\"ReadAction\",\"target\":[\"https:\/\/emeraldhoianriverside.com\/vi\/rooms-suite\/deluxe-garden-view\/\"]}]},{\"@type\":\"BreadcrumbList\",\"@id\":\"https:\/\/emeraldhoianriverside.com\/vi\/rooms-suite\/deluxe-garden-view\/#breadcrumb\",\"itemListElement\":[{\"@type\":\"ListItem\",\"position\":1,\"name\":\"Home\",\"item\":\"https:\/\/emeraldhoianriverside.com\/vi\/\"},{\"@type\":\"ListItem\",\"position\":2,\"name\":\"Ph\u00f2ng\",\"item\":\"https:\/\/emeraldhoianriverside.com\/vi\/rooms-suite\/\"},{\"@type\":\"ListItem\",\"position\":3,\"name\":\"Deluxe Garden View\"}]},{\"@type\":\"WebSite\",\"@id\":\"https:\/\/emeraldhoianriverside.com\/vi\/#website\",\"url\":\"https:\/\/emeraldhoianriverside.com\/vi\/\",\"name\":\"Emerald Hoi An Riverside Resort\",\"description\":\"\",\"potentialAction\":[{\"@type\":\"SearchAction\",\"target\":{\"@type\":\"EntryPoint\",\"urlTemplate\":\"https:\/\/emeraldhoianriverside.com\/vi\/?s={search_term_string}\"},\"query-input\":\"required name=search_term_string\"}],\"inLanguage\":\"vi-VN\"}]}<\/script>\n<!-- \/ Yoast SEO plugin. -->","yoast_head_json":{"title":"Deluxe Garden View - Emerald Hoi An Riverside Resort","robots":{"index":"index","follow":"follow","max-snippet":"max-snippet:-1","max-image-preview":"max-image-preview:large","max-video-preview":"max-video-preview:-1"},"canonical":"https:\/\/emeraldhoianriverside.com\/vi\/rooms-suite\/deluxe-garden-view\/","og_locale":"vi_VN","og_type":"article","og_title":"Deluxe Garden View - Emerald Hoi An Riverside Resort","og_description":"Deluxe Garden View mang \u0111\u1ebfn c\u1ea3m gi\u00e1c ngh\u1ec9 d\u01b0\u1ee1ng nh\u1eb9 nh\u00e0ng v\u1edbi thi\u1ebft k\u1ebf tinh gi\u1ea3n, n\u1ed5i b\u1eadt b\u1edfi nh\u1eefng gam m\u00e0u s\u00e1ng k\u1ebft h\u1ee3p c\u00f9ng h\u1ecda ti\u1ebft v\u1ea3i hoa truy\u1ec1n th\u1ed1ng \u0111\u1ea7y duy\u00ean d\u00e1ng. T\u1eeb m\u00e1i hi\u00ean ri\u00eang, khu v\u01b0\u1eddn xanh m\u00e1t m\u1edf ra m\u1ed9t kh\u00f4ng gian y\u00ean b\u00ecnh, l\u00fd t\u01b0\u1edfng \u0111\u1ec3 th\u1ea3 l\u1ecfng [&hellip;]","og_url":"https:\/\/emeraldhoianriverside.com\/vi\/rooms-suite\/deluxe-garden-view\/","og_site_name":"Emerald Hoi An Riverside Resort","article_modified_time":"2026-05-14T08:32:43+00:00","twitter_card":"summary_large_image","twitter_misc":{"Est. reading time":"1 minute"},"schema":{"@context":"https:\/\/schema.org","@graph":[{"@type":"WebPage","@id":"https:\/\/emeraldhoianriverside.com\/vi\/rooms-suite\/deluxe-garden-view\/","url":"https:\/\/emeraldhoianriverside.com\/vi\/rooms-suite\/deluxe-garden-view\/","name":"Deluxe Garden View - Emerald Hoi An Riverside Resort","isPartOf":{"@id":"https:\/\/emeraldhoianriverside.com\/vi\/#website"},"datePublished":"2026-02-19T07:26:29+00:00","dateModified":"2026-05-14T08:32:43+00:00","breadcrumb":{"@id":"https:\/\/emeraldhoianriverside.com\/vi\/rooms-suite\/deluxe-garden-view\/#breadcrumb"},"inLanguage":"vi-VN","potentialAction":[{"@type":"ReadAction","target":["https:\/\/emeraldhoianriverside.com\/vi\/rooms-suite\/deluxe-garden-view\/"]}]},{"@type":"BreadcrumbList","@id":"https:\/\/emeraldhoianriverside.com\/vi\/rooms-suite\/deluxe-garden-view\/#breadcrumb","itemListElement":[{"@type":"ListItem","position":1,"name":"Home","item":"https:\/\/emeraldhoianriverside.com\/vi\/"},{"@type":"ListItem","position":2,"name":"Ph\u00f2ng","item":"https:\/\/emeraldhoianriverside.com\/vi\/rooms-suite\/"},{"@type":"ListItem","position":3,"name":"Deluxe Garden View"}]},{"@type":"WebSite","@id":"https:\/\/emeraldhoianriverside.com\/vi\/#website","url":"https:\/\/emeraldhoianriverside.com\/vi\/","name":"Emerald Hoi An Riverside Resort","description":"","potentialAction":[{"@type":"SearchAction","target":{"@type":"EntryPoint","urlTemplate":"https:\/\/emeraldhoianriverside.com\/vi\/?s={search_term_string}"},"query-input":"required name=search_term_string"}],"inLanguage":"vi-VN"}]}},"acf":[],"_links":{"self":[{"href":"https:\/\/emeraldhoianriverside.com\/vi\/wp-json\/wp\/v2\/pages\/20"}],"collection":[{"href":"https:\/\/emeraldhoianriverside.com\/vi\/wp-json\/wp\/v2\/pages"}],"about":[{"href":"https:\/\/emeraldhoianriverside.com\/vi\/wp-json\/wp\/v2\/types\/page"}],"author":[{"embeddable":true,"href":"https:\/\/emeraldhoianriverside.com\/vi\/wp-json\/wp\/v2\/users\/90"}],"replies":[{"embeddable":true,"href":"https:\/\/emeraldhoianriverside.com\/vi\/wp-json\/wp\/v2\/comments?post=20"}],"version-history":[{"count":0,"href":"https:\/\/emeraldhoianriverside.com\/vi\/wp-json\/wp\/v2\/pages\/20\/revisions"}],"up":[{"embeddable":true,"href":"https:\/\/emeraldhoianriverside.com\/vi\/wp-json\/wp\/v2\/pages\/60"}],"wp:attachment":[{"href":"https:\/\/emeraldhoianriverside.com\/vi\/wp-json\/wp\/v2\/media?parent=20"}],"curies":[{"name":"wp","href":"https:\/\/api.w.org\/{rel}","templated":true}]}}