{"id":163,"date":"2026-01-30T07:45:05","date_gmt":"2026-01-29T23:45:05","guid":{"rendered":"https:\/\/emeraldhoianriverside.ms2.decms.asia\/homepage\/"},"modified":"2026-04-13T18:26:37","modified_gmt":"2026-04-13T10:26:37","slug":"homepage","status":"publish","type":"page","link":"https:\/\/emeraldhoianriverside.com\/vi\/","title":{"rendered":"Emerald Hoi An Riverside Resort"},"content":{"rendered":"<p>N\u00e9p m\u00ecnh b\u00ean s\u1ef1 b\u00ecnh y\u00ean, Emerald Hoi An Riverside Resort tr\u1ea3i m\u00ecnh b\u00ean b\u1edd s\u00f4ng Thu B\u1ed3n th\u01a1 m\u1ed9ng, thanh t\u0129nh ch\u1ec9 5 ph\u00fat \u0111i b\u1ed9 \u0111\u1ebfn v\u1edbi ph\u1ed1 c\u1ed5 H\u1ed9i An. Khu ngh\u1ec9 d\u01b0\u1ee1ng trang b\u1ecb 52 ph\u00f2ng v\u1edbi \u0111\u1ea7y \u0111\u1ee7 ti\u1ec7n nghi v\u00e0 truy c\u1eadp Internet kh\u00f4ng d\u00e2y mi\u1ec5n ph\u00ed. T\u1ea5t c\u1ea3 c\u00e1c ph\u00f2ng \u0111\u1ec1u \u0111\u01b0\u1ee3c thi\u1ebft k\u1ebf trang nh\u00e3 v\u1edbi quan c\u1ea3nh khu v\u01b0\u1eddn, h\u1ed3 b\u01a1i v\u00e0 d\u00f2ng s\u00f4ng.<\/p>\n","protected":false},"excerpt":{"rendered":"<p>N\u00e9p m\u00ecnh b\u00ean s\u1ef1 b\u00ecnh y\u00ean, Emerald Hoi An Riverside Resort tr\u1ea3i m\u00ecnh b\u00ean b\u1edd s\u00f4ng Thu B\u1ed3n th\u01a1 m\u1ed9ng, thanh t\u0129nh ch\u1ec9 5 ph\u00fat \u0111i b\u1ed9 \u0111\u1ebfn v\u1edbi ph\u1ed1 c\u1ed5 H\u1ed9i An. Khu ngh\u1ec9 d\u01b0\u1ee1ng trang b\u1ecb 52 ph\u00f2ng v\u1edbi \u0111\u1ea7y \u0111\u1ee7 ti\u1ec7n nghi v\u00e0 truy c\u1eadp Internet kh\u00f4ng d\u00e2y mi\u1ec5n ph\u00ed. T\u1ea5t c\u1ea3 [&hellip;]<\/p>\n","protected":false},"author":90,"featured_media":0,"parent":0,"menu_order":0,"comment_status":"closed","ping_status":"closed","template":"","meta":{"footnotes":""},"yoast_head":"<!-- This site is optimized with the Yoast SEO plugin v22.3 - https:\/\/yoast.com\/wordpress\/plugins\/seo\/ -->\n<title>Emerald Hoi An Riverside Resort - Emerald Hoi An Riverside Resort<\/title>\n<meta name=\"robots\" content=\"index, follow, max-snippet:-1, max-image-preview:large, max-video-preview:-1\" \/>\n<link rel=\"canonical\" href=\"https:\/\/emeraldhoianriverside.com\/vi\/\" \/>\n<meta property=\"og:locale\" content=\"vi_VN\" \/>\n<meta property=\"og:type\" content=\"article\" \/>\n<meta property=\"og:title\" content=\"Emerald Hoi An Riverside Resort - Emerald Hoi An Riverside Resort\" \/>\n<meta property=\"og:description\" content=\"N\u00e9p m\u00ecnh b\u00ean s\u1ef1 b\u00ecnh y\u00ean, Emerald Hoi An Riverside Resort tr\u1ea3i m\u00ecnh b\u00ean b\u1edd s\u00f4ng Thu B\u1ed3n th\u01a1 m\u1ed9ng, thanh t\u0129nh ch\u1ec9 5 ph\u00fat \u0111i b\u1ed9 \u0111\u1ebfn v\u1edbi ph\u1ed1 c\u1ed5 H\u1ed9i An. Khu ngh\u1ec9 d\u01b0\u1ee1ng trang b\u1ecb 52 ph\u00f2ng v\u1edbi \u0111\u1ea7y \u0111\u1ee7 ti\u1ec7n nghi v\u00e0 truy c\u1eadp Internet kh\u00f4ng d\u00e2y mi\u1ec5n ph\u00ed. T\u1ea5t c\u1ea3 [&hellip;]\" \/>\n<meta property=\"og:url\" content=\"https:\/\/emeraldhoianriverside.com\/vi\/\" \/>\n<meta property=\"og:site_name\" content=\"Emerald Hoi An Riverside Resort\" \/>\n<meta property=\"article:modified_time\" content=\"2026-04-13T10:26:37+00:00\" \/>\n<meta name=\"twitter:card\" content=\"summary_large_image\" \/>\n<meta name=\"twitter:label1\" content=\"Est. reading time\" \/>\n\t<meta name=\"twitter:data1\" content=\"1 minute\" \/>\n<script type=\"application\/ld+json\" class=\"yoast-schema-graph\">{\"@context\":\"https:\/\/schema.org\",\"@graph\":[{\"@type\":\"WebPage\",\"@id\":\"https:\/\/emeraldhoianriverside.com\/vi\/\",\"url\":\"https:\/\/emeraldhoianriverside.com\/vi\/\",\"name\":\"Emerald Hoi An Riverside Resort - Emerald Hoi An Riverside Resort\",\"isPartOf\":{\"@id\":\"https:\/\/emeraldhoianriverside.com\/vi\/#website\"},\"datePublished\":\"2026-01-29T23:45:05+00:00\",\"dateModified\":\"2026-04-13T10:26:37+00:00\",\"breadcrumb\":{\"@id\":\"https:\/\/emeraldhoianriverside.com\/vi\/#breadcrumb\"},\"inLanguage\":\"vi-VN\",\"potentialAction\":[{\"@type\":\"ReadAction\",\"target\":[\"https:\/\/emeraldhoianriverside.com\/vi\/\"]}]},{\"@type\":\"BreadcrumbList\",\"@id\":\"https:\/\/emeraldhoianriverside.com\/vi\/#breadcrumb\",\"itemListElement\":[{\"@type\":\"ListItem\",\"position\":1,\"name\":\"Home\",\"item\":\"https:\/\/emeraldhoianriverside.com\/vi\/\"},{\"@type\":\"ListItem\",\"position\":2,\"name\":\"Emerald Hoi An Riverside Resort\"}]},{\"@type\":\"WebSite\",\"@id\":\"https:\/\/emeraldhoianriverside.com\/vi\/#website\",\"url\":\"https:\/\/emeraldhoianriverside.com\/vi\/\",\"name\":\"Emerald Hoi An Riverside Resort\",\"description\":\"\",\"potentialAction\":[{\"@type\":\"SearchAction\",\"target\":{\"@type\":\"EntryPoint\",\"urlTemplate\":\"https:\/\/emeraldhoianriverside.com\/vi\/?s={search_term_string}\"},\"query-input\":\"required name=search_term_string\"}],\"inLanguage\":\"vi-VN\"}]}<\/script>\n<!-- \/ Yoast SEO plugin. -->","yoast_head_json":{"title":"Emerald Hoi An Riverside Resort - Emerald Hoi An Riverside Resort","robots":{"index":"index","follow":"follow","max-snippet":"max-snippet:-1","max-image-preview":"max-image-preview:large","max-video-preview":"max-video-preview:-1"},"canonical":"https:\/\/emeraldhoianriverside.com\/vi\/","og_locale":"vi_VN","og_type":"article","og_title":"Emerald Hoi An Riverside Resort - Emerald Hoi An Riverside Resort","og_description":"N\u00e9p m\u00ecnh b\u00ean s\u1ef1 b\u00ecnh y\u00ean, Emerald Hoi An Riverside Resort tr\u1ea3i m\u00ecnh b\u00ean b\u1edd s\u00f4ng Thu B\u1ed3n th\u01a1 m\u1ed9ng, thanh t\u0129nh ch\u1ec9 5 ph\u00fat \u0111i b\u1ed9 \u0111\u1ebfn v\u1edbi ph\u1ed1 c\u1ed5 H\u1ed9i An. Khu ngh\u1ec9 d\u01b0\u1ee1ng trang b\u1ecb 52 ph\u00f2ng v\u1edbi \u0111\u1ea7y \u0111\u1ee7 ti\u1ec7n nghi v\u00e0 truy c\u1eadp Internet kh\u00f4ng d\u00e2y mi\u1ec5n ph\u00ed. T\u1ea5t c\u1ea3 [&hellip;]","og_url":"https:\/\/emeraldhoianriverside.com\/vi\/","og_site_name":"Emerald Hoi An Riverside Resort","article_modified_time":"2026-04-13T10:26:37+00:00","twitter_card":"summary_large_image","twitter_misc":{"Est. reading time":"1 minute"},"schema":{"@context":"https:\/\/schema.org","@graph":[{"@type":"WebPage","@id":"https:\/\/emeraldhoianriverside.com\/vi\/","url":"https:\/\/emeraldhoianriverside.com\/vi\/","name":"Emerald Hoi An Riverside Resort - Emerald Hoi An Riverside Resort","isPartOf":{"@id":"https:\/\/emeraldhoianriverside.com\/vi\/#website"},"datePublished":"2026-01-29T23:45:05+00:00","dateModified":"2026-04-13T10:26:37+00:00","breadcrumb":{"@id":"https:\/\/emeraldhoianriverside.com\/vi\/#breadcrumb"},"inLanguage":"vi-VN","potentialAction":[{"@type":"ReadAction","target":["https:\/\/emeraldhoianriverside.com\/vi\/"]}]},{"@type":"BreadcrumbList","@id":"https:\/\/emeraldhoianriverside.com\/vi\/#breadcrumb","itemListElement":[{"@type":"ListItem","position":1,"name":"Home","item":"https:\/\/emeraldhoianriverside.com\/vi\/"},{"@type":"ListItem","position":2,"name":"Emerald Hoi An Riverside Resort"}]},{"@type":"WebSite","@id":"https:\/\/emeraldhoianriverside.com\/vi\/#website","url":"https:\/\/emeraldhoianriverside.com\/vi\/","name":"Emerald Hoi An Riverside Resort","description":"","potentialAction":[{"@type":"SearchAction","target":{"@type":"EntryPoint","urlTemplate":"https:\/\/emeraldhoianriverside.com\/vi\/?s={search_term_string}"},"query-input":"required name=search_term_string"}],"inLanguage":"vi-VN"}]}},"acf":[],"_links":{"self":[{"href":"https:\/\/emeraldhoianriverside.com\/vi\/wp-json\/wp\/v2\/pages\/163"}],"collection":[{"href":"https:\/\/emeraldhoianriverside.com\/vi\/wp-json\/wp\/v2\/pages"}],"about":[{"href":"https:\/\/emeraldhoianriverside.com\/vi\/wp-json\/wp\/v2\/types\/page"}],"author":[{"embeddable":true,"href":"https:\/\/emeraldhoianriverside.com\/vi\/wp-json\/wp\/v2\/users\/90"}],"replies":[{"embeddable":true,"href":"https:\/\/emeraldhoianriverside.com\/vi\/wp-json\/wp\/v2\/comments?post=163"}],"version-history":[{"count":0,"href":"https:\/\/emeraldhoianriverside.com\/vi\/wp-json\/wp\/v2\/pages\/163\/revisions"}],"wp:attachment":[{"href":"https:\/\/emeraldhoianriverside.com\/vi\/wp-json\/wp\/v2\/media?parent=163"}],"curies":[{"name":"wp","href":"https:\/\/api.w.org\/{rel}","templated":true}]}}