{"id":161,"date":"2026-02-23T14:24:14","date_gmt":"2026-02-23T06:24:14","guid":{"rendered":"https:\/\/emeraldhoianriverside.ms2.decms.asia\/destinations\/"},"modified":"2026-02-23T14:44:11","modified_gmt":"2026-02-23T06:44:11","slug":"destinations","status":"publish","type":"page","link":"https:\/\/emeraldhoianriverside.com\/vi\/destinations\/","title":{"rendered":"\u0110i\u1ec3m \u0111\u1ebfn"},"content":{"rendered":"<p>T\u1ecda l\u1ea1c t\u1ea1i m\u1ed9t trong nh\u1eefng Di s\u1ea3n Th\u1ebf gi\u1edbi, tr\u1ea3i nghi\u1ec7m nh\u1eefng \u0111i\u1ec3m \u0111\u1eb7c s\u1eafc v\u0103n h\u00f3a v\u00e0 kh\u00e1m ph\u00e1 v\u1ebb \u0111\u1eb9p mi\u1ec1n \u0111\u1ea5t H\u1ed9i An.<\/p>\n","protected":false},"excerpt":{"rendered":"<p>T\u1ecda l\u1ea1c t\u1ea1i m\u1ed9t trong nh\u1eefng Di s\u1ea3n Th\u1ebf gi\u1edbi, tr\u1ea3i nghi\u1ec7m nh\u1eefng \u0111i\u1ec3m \u0111\u1eb7c s\u1eafc v\u0103n h\u00f3a v\u00e0 kh\u00e1m ph\u00e1 v\u1ebb \u0111\u1eb9p mi\u1ec1n \u0111\u1ea5t H\u1ed9i An.<\/p>\n","protected":false},"author":90,"featured_media":0,"parent":0,"menu_order":0,"comment_status":"closed","ping_status":"closed","template":"template-location.php","meta":{"footnotes":""},"yoast_head":"<!-- This site is optimized with the Yoast SEO plugin v22.3 - https:\/\/yoast.com\/wordpress\/plugins\/seo\/ -->\n<title>\u0110i\u1ec3m \u0111\u1ebfn - Emerald Hoi An Riverside Resort<\/title>\n<meta name=\"robots\" content=\"index, follow, max-snippet:-1, max-image-preview:large, max-video-preview:-1\" \/>\n<link rel=\"canonical\" href=\"https:\/\/emeraldhoianriverside.com\/vi\/destinations\/\" \/>\n<meta property=\"og:locale\" content=\"vi_VN\" \/>\n<meta property=\"og:type\" content=\"article\" \/>\n<meta property=\"og:title\" content=\"\u0110i\u1ec3m \u0111\u1ebfn - Emerald Hoi An Riverside Resort\" \/>\n<meta property=\"og:description\" content=\"T\u1ecda l\u1ea1c t\u1ea1i m\u1ed9t trong nh\u1eefng Di s\u1ea3n Th\u1ebf gi\u1edbi, tr\u1ea3i nghi\u1ec7m nh\u1eefng \u0111i\u1ec3m \u0111\u1eb7c s\u1eafc v\u0103n h\u00f3a v\u00e0 kh\u00e1m ph\u00e1 v\u1ebb \u0111\u1eb9p mi\u1ec1n \u0111\u1ea5t H\u1ed9i An.\" \/>\n<meta property=\"og:url\" content=\"https:\/\/emeraldhoianriverside.com\/vi\/destinations\/\" \/>\n<meta property=\"og:site_name\" content=\"Emerald Hoi An Riverside Resort\" \/>\n<meta property=\"article:modified_time\" content=\"2026-02-23T06:44:11+00:00\" \/>\n<meta name=\"twitter:card\" content=\"summary_large_image\" \/>\n<meta name=\"twitter:label1\" content=\"Est. reading time\" \/>\n\t<meta name=\"twitter:data1\" content=\"1 minute\" \/>\n<script type=\"application\/ld+json\" class=\"yoast-schema-graph\">{\"@context\":\"https:\/\/schema.org\",\"@graph\":[{\"@type\":\"WebPage\",\"@id\":\"https:\/\/emeraldhoianriverside.com\/vi\/destinations\/\",\"url\":\"https:\/\/emeraldhoianriverside.com\/vi\/destinations\/\",\"name\":\"\u0110i\u1ec3m \u0111\u1ebfn - Emerald Hoi An Riverside Resort\",\"isPartOf\":{\"@id\":\"https:\/\/emeraldhoianriverside.com\/vi\/#website\"},\"datePublished\":\"2026-02-23T06:24:14+00:00\",\"dateModified\":\"2026-02-23T06:44:11+00:00\",\"breadcrumb\":{\"@id\":\"https:\/\/emeraldhoianriverside.com\/vi\/destinations\/#breadcrumb\"},\"inLanguage\":\"vi-VN\",\"potentialAction\":[{\"@type\":\"ReadAction\",\"target\":[\"https:\/\/emeraldhoianriverside.com\/vi\/destinations\/\"]}]},{\"@type\":\"BreadcrumbList\",\"@id\":\"https:\/\/emeraldhoianriverside.com\/vi\/destinations\/#breadcrumb\",\"itemListElement\":[{\"@type\":\"ListItem\",\"position\":1,\"name\":\"Home\",\"item\":\"https:\/\/emeraldhoianriverside.com\/vi\/\"},{\"@type\":\"ListItem\",\"position\":2,\"name\":\"\u0110i\u1ec3m \u0111\u1ebfn\"}]},{\"@type\":\"WebSite\",\"@id\":\"https:\/\/emeraldhoianriverside.com\/vi\/#website\",\"url\":\"https:\/\/emeraldhoianriverside.com\/vi\/\",\"name\":\"Emerald Hoi An Riverside Resort\",\"description\":\"\",\"potentialAction\":[{\"@type\":\"SearchAction\",\"target\":{\"@type\":\"EntryPoint\",\"urlTemplate\":\"https:\/\/emeraldhoianriverside.com\/vi\/?s={search_term_string}\"},\"query-input\":\"required name=search_term_string\"}],\"inLanguage\":\"vi-VN\"}]}<\/script>\n<!-- \/ Yoast SEO plugin. -->","yoast_head_json":{"title":"\u0110i\u1ec3m \u0111\u1ebfn - Emerald Hoi An Riverside Resort","robots":{"index":"index","follow":"follow","max-snippet":"max-snippet:-1","max-image-preview":"max-image-preview:large","max-video-preview":"max-video-preview:-1"},"canonical":"https:\/\/emeraldhoianriverside.com\/vi\/destinations\/","og_locale":"vi_VN","og_type":"article","og_title":"\u0110i\u1ec3m \u0111\u1ebfn - Emerald Hoi An Riverside Resort","og_description":"T\u1ecda l\u1ea1c t\u1ea1i m\u1ed9t trong nh\u1eefng Di s\u1ea3n Th\u1ebf gi\u1edbi, tr\u1ea3i nghi\u1ec7m nh\u1eefng \u0111i\u1ec3m \u0111\u1eb7c s\u1eafc v\u0103n h\u00f3a v\u00e0 kh\u00e1m ph\u00e1 v\u1ebb \u0111\u1eb9p mi\u1ec1n \u0111\u1ea5t H\u1ed9i An.","og_url":"https:\/\/emeraldhoianriverside.com\/vi\/destinations\/","og_site_name":"Emerald Hoi An Riverside Resort","article_modified_time":"2026-02-23T06:44:11+00:00","twitter_card":"summary_large_image","twitter_misc":{"Est. reading time":"1 minute"},"schema":{"@context":"https:\/\/schema.org","@graph":[{"@type":"WebPage","@id":"https:\/\/emeraldhoianriverside.com\/vi\/destinations\/","url":"https:\/\/emeraldhoianriverside.com\/vi\/destinations\/","name":"\u0110i\u1ec3m \u0111\u1ebfn - Emerald Hoi An Riverside Resort","isPartOf":{"@id":"https:\/\/emeraldhoianriverside.com\/vi\/#website"},"datePublished":"2026-02-23T06:24:14+00:00","dateModified":"2026-02-23T06:44:11+00:00","breadcrumb":{"@id":"https:\/\/emeraldhoianriverside.com\/vi\/destinations\/#breadcrumb"},"inLanguage":"vi-VN","potentialAction":[{"@type":"ReadAction","target":["https:\/\/emeraldhoianriverside.com\/vi\/destinations\/"]}]},{"@type":"BreadcrumbList","@id":"https:\/\/emeraldhoianriverside.com\/vi\/destinations\/#breadcrumb","itemListElement":[{"@type":"ListItem","position":1,"name":"Home","item":"https:\/\/emeraldhoianriverside.com\/vi\/"},{"@type":"ListItem","position":2,"name":"\u0110i\u1ec3m \u0111\u1ebfn"}]},{"@type":"WebSite","@id":"https:\/\/emeraldhoianriverside.com\/vi\/#website","url":"https:\/\/emeraldhoianriverside.com\/vi\/","name":"Emerald Hoi An Riverside Resort","description":"","potentialAction":[{"@type":"SearchAction","target":{"@type":"EntryPoint","urlTemplate":"https:\/\/emeraldhoianriverside.com\/vi\/?s={search_term_string}"},"query-input":"required name=search_term_string"}],"inLanguage":"vi-VN"}]}},"acf":[],"_links":{"self":[{"href":"https:\/\/emeraldhoianriverside.com\/vi\/wp-json\/wp\/v2\/pages\/161"}],"collection":[{"href":"https:\/\/emeraldhoianriverside.com\/vi\/wp-json\/wp\/v2\/pages"}],"about":[{"href":"https:\/\/emeraldhoianriverside.com\/vi\/wp-json\/wp\/v2\/types\/page"}],"author":[{"embeddable":true,"href":"https:\/\/emeraldhoianriverside.com\/vi\/wp-json\/wp\/v2\/users\/90"}],"replies":[{"embeddable":true,"href":"https:\/\/emeraldhoianriverside.com\/vi\/wp-json\/wp\/v2\/comments?post=161"}],"version-history":[{"count":0,"href":"https:\/\/emeraldhoianriverside.com\/vi\/wp-json\/wp\/v2\/pages\/161\/revisions"}],"wp:attachment":[{"href":"https:\/\/emeraldhoianriverside.com\/vi\/wp-json\/wp\/v2\/media?parent=161"}],"curies":[{"name":"wp","href":"https:\/\/api.w.org\/{rel}","templated":true}]}}