{"id":150,"date":"2026-02-23T14:38:12","date_gmt":"2026-02-23T06:38:12","guid":{"rendered":"https:\/\/emeraldhoianriverside.ms2.decms.asia\/?page_id=150"},"modified":"2026-04-19T22:06:36","modified_gmt":"2026-04-19T14:06:36","slug":"to-explore","status":"publish","type":"page","link":"https:\/\/emeraldhoianriverside.com\/vi\/destinations\/to-explore\/","title":{"rendered":"\u0110\u1ecba danh n\u1ed5i ti\u1ebfng"},"content":{"rendered":"<p>H\u00e0nh tr\u00ecnh kh\u00e1m ph\u00e1 H\u1ed9i An m\u1edf ra th\u1eadt g\u1ea7n v\u00e0 thu\u1eadn ti\u1ec7n, khi ph\u1ed1 c\u1ed5, b\u00e3i bi\u1ec3n An B\u00e0ng v\u00e0 c\u00e1c \u0111i\u1ec3m \u0111\u1ebfn n\u1ed5i b\u1eadt \u0111\u1ec1u g\u1ea7n v\u1edbi Emerald Hoi An Riverside Resort. M\u1ed7i \u0111i\u1ec3m d\u1eebng mang m\u1ed9t s\u1eafc th\u00e1i ri\u00eang, t\u1eeb nh\u1ecbp s\u1ed1ng c\u1ed5 k\u00ednh \u0111\u1ebfn kh\u00f4ng gian bi\u1ec3n tho\u00e1ng \u0111\u00e3ng, t\u1ea1o n\u00ean tr\u1ea3i nghi\u1ec7m \u0111a d\u1ea1ng cho k\u1ef3 ngh\u1ec9.<\/p>\n","protected":false},"excerpt":{"rendered":"<p>H\u00e0nh tr\u00ecnh kh\u00e1m ph\u00e1 H\u1ed9i An m\u1edf ra th\u1eadt g\u1ea7n v\u00e0 thu\u1eadn ti\u1ec7n, khi ph\u1ed1 c\u1ed5, b\u00e3i bi\u1ec3n An B\u00e0ng v\u00e0 c\u00e1c \u0111i\u1ec3m \u0111\u1ebfn n\u1ed5i b\u1eadt \u0111\u1ec1u g\u1ea7n v\u1edbi Emerald Hoi An Riverside Resort. M\u1ed7i \u0111i\u1ec3m d\u1eebng mang m\u1ed9t s\u1eafc th\u00e1i ri\u00eang, t\u1eeb nh\u1ecbp s\u1ed1ng c\u1ed5 k\u00ednh \u0111\u1ebfn kh\u00f4ng gian bi\u1ec3n tho\u00e1ng \u0111\u00e3ng, t\u1ea1o n\u00ean [&hellip;]<\/p>\n","protected":false},"author":90,"featured_media":0,"parent":161,"menu_order":0,"comment_status":"closed","ping_status":"closed","template":"template-default-2.php","meta":{"footnotes":""},"yoast_head":"<!-- This site is optimized with the Yoast SEO plugin v22.3 - https:\/\/yoast.com\/wordpress\/plugins\/seo\/ -->\n<title>\u0110\u1ecba danh n\u1ed5i ti\u1ebfng - Emerald Hoi An Riverside Resort<\/title>\n<meta name=\"robots\" content=\"index, follow, max-snippet:-1, max-image-preview:large, max-video-preview:-1\" \/>\n<link rel=\"canonical\" href=\"https:\/\/emeraldhoianriverside.com\/vi\/destinations\/to-explore\/\" \/>\n<meta property=\"og:locale\" content=\"vi_VN\" \/>\n<meta property=\"og:type\" content=\"article\" \/>\n<meta property=\"og:title\" content=\"\u0110\u1ecba danh n\u1ed5i ti\u1ebfng - Emerald Hoi An Riverside Resort\" \/>\n<meta property=\"og:description\" content=\"H\u00e0nh tr\u00ecnh kh\u00e1m ph\u00e1 H\u1ed9i An m\u1edf ra th\u1eadt g\u1ea7n v\u00e0 thu\u1eadn ti\u1ec7n, khi ph\u1ed1 c\u1ed5, b\u00e3i bi\u1ec3n An B\u00e0ng v\u00e0 c\u00e1c \u0111i\u1ec3m \u0111\u1ebfn n\u1ed5i b\u1eadt \u0111\u1ec1u g\u1ea7n v\u1edbi Emerald Hoi An Riverside Resort. M\u1ed7i \u0111i\u1ec3m d\u1eebng mang m\u1ed9t s\u1eafc th\u00e1i ri\u00eang, t\u1eeb nh\u1ecbp s\u1ed1ng c\u1ed5 k\u00ednh \u0111\u1ebfn kh\u00f4ng gian bi\u1ec3n tho\u00e1ng \u0111\u00e3ng, t\u1ea1o n\u00ean [&hellip;]\" \/>\n<meta property=\"og:url\" content=\"https:\/\/emeraldhoianriverside.com\/vi\/destinations\/to-explore\/\" \/>\n<meta property=\"og:site_name\" content=\"Emerald Hoi An Riverside Resort\" \/>\n<meta property=\"article:modified_time\" content=\"2026-04-19T14:06:36+00:00\" \/>\n<meta name=\"twitter:card\" content=\"summary_large_image\" \/>\n<meta name=\"twitter:label1\" content=\"Est. reading time\" \/>\n\t<meta name=\"twitter:data1\" content=\"1 minute\" \/>\n<script type=\"application\/ld+json\" class=\"yoast-schema-graph\">{\"@context\":\"https:\/\/schema.org\",\"@graph\":[{\"@type\":\"WebPage\",\"@id\":\"https:\/\/emeraldhoianriverside.com\/vi\/destinations\/to-explore\/\",\"url\":\"https:\/\/emeraldhoianriverside.com\/vi\/destinations\/to-explore\/\",\"name\":\"\u0110\u1ecba danh n\u1ed5i ti\u1ebfng - Emerald Hoi An Riverside Resort\",\"isPartOf\":{\"@id\":\"https:\/\/emeraldhoianriverside.com\/vi\/#website\"},\"datePublished\":\"2026-02-23T06:38:12+00:00\",\"dateModified\":\"2026-04-19T14:06:36+00:00\",\"breadcrumb\":{\"@id\":\"https:\/\/emeraldhoianriverside.com\/vi\/destinations\/to-explore\/#breadcrumb\"},\"inLanguage\":\"vi-VN\",\"potentialAction\":[{\"@type\":\"ReadAction\",\"target\":[\"https:\/\/emeraldhoianriverside.com\/vi\/destinations\/to-explore\/\"]}]},{\"@type\":\"BreadcrumbList\",\"@id\":\"https:\/\/emeraldhoianriverside.com\/vi\/destinations\/to-explore\/#breadcrumb\",\"itemListElement\":[{\"@type\":\"ListItem\",\"position\":1,\"name\":\"Home\",\"item\":\"https:\/\/emeraldhoianriverside.com\/vi\/homepage\/\"},{\"@type\":\"ListItem\",\"position\":2,\"name\":\"\u0110i\u1ec3m \u0111\u1ebfn\",\"item\":\"https:\/\/emeraldhoianriverside.com\/vi\/destinations\/\"},{\"@type\":\"ListItem\",\"position\":3,\"name\":\"\u0110\u1ecba danh n\u1ed5i ti\u1ebfng\"}]},{\"@type\":\"WebSite\",\"@id\":\"https:\/\/emeraldhoianriverside.com\/vi\/#website\",\"url\":\"https:\/\/emeraldhoianriverside.com\/vi\/\",\"name\":\"Emerald Hoi An Riverside Resort\",\"description\":\"\",\"potentialAction\":[{\"@type\":\"SearchAction\",\"target\":{\"@type\":\"EntryPoint\",\"urlTemplate\":\"https:\/\/emeraldhoianriverside.com\/vi\/?s={search_term_string}\"},\"query-input\":\"required name=search_term_string\"}],\"inLanguage\":\"vi-VN\"}]}<\/script>\n<!-- \/ Yoast SEO plugin. -->","yoast_head_json":{"title":"\u0110\u1ecba danh n\u1ed5i ti\u1ebfng - Emerald Hoi An Riverside Resort","robots":{"index":"index","follow":"follow","max-snippet":"max-snippet:-1","max-image-preview":"max-image-preview:large","max-video-preview":"max-video-preview:-1"},"canonical":"https:\/\/emeraldhoianriverside.com\/vi\/destinations\/to-explore\/","og_locale":"vi_VN","og_type":"article","og_title":"\u0110\u1ecba danh n\u1ed5i ti\u1ebfng - Emerald Hoi An Riverside Resort","og_description":"H\u00e0nh tr\u00ecnh kh\u00e1m ph\u00e1 H\u1ed9i An m\u1edf ra th\u1eadt g\u1ea7n v\u00e0 thu\u1eadn ti\u1ec7n, khi ph\u1ed1 c\u1ed5, b\u00e3i bi\u1ec3n An B\u00e0ng v\u00e0 c\u00e1c \u0111i\u1ec3m \u0111\u1ebfn n\u1ed5i b\u1eadt \u0111\u1ec1u g\u1ea7n v\u1edbi Emerald Hoi An Riverside Resort. M\u1ed7i \u0111i\u1ec3m d\u1eebng mang m\u1ed9t s\u1eafc th\u00e1i ri\u00eang, t\u1eeb nh\u1ecbp s\u1ed1ng c\u1ed5 k\u00ednh \u0111\u1ebfn kh\u00f4ng gian bi\u1ec3n tho\u00e1ng \u0111\u00e3ng, t\u1ea1o n\u00ean [&hellip;]","og_url":"https:\/\/emeraldhoianriverside.com\/vi\/destinations\/to-explore\/","og_site_name":"Emerald Hoi An Riverside Resort","article_modified_time":"2026-04-19T14:06:36+00:00","twitter_card":"summary_large_image","twitter_misc":{"Est. reading time":"1 minute"},"schema":{"@context":"https:\/\/schema.org","@graph":[{"@type":"WebPage","@id":"https:\/\/emeraldhoianriverside.com\/vi\/destinations\/to-explore\/","url":"https:\/\/emeraldhoianriverside.com\/vi\/destinations\/to-explore\/","name":"\u0110\u1ecba danh n\u1ed5i ti\u1ebfng - Emerald Hoi An Riverside Resort","isPartOf":{"@id":"https:\/\/emeraldhoianriverside.com\/vi\/#website"},"datePublished":"2026-02-23T06:38:12+00:00","dateModified":"2026-04-19T14:06:36+00:00","breadcrumb":{"@id":"https:\/\/emeraldhoianriverside.com\/vi\/destinations\/to-explore\/#breadcrumb"},"inLanguage":"vi-VN","potentialAction":[{"@type":"ReadAction","target":["https:\/\/emeraldhoianriverside.com\/vi\/destinations\/to-explore\/"]}]},{"@type":"BreadcrumbList","@id":"https:\/\/emeraldhoianriverside.com\/vi\/destinations\/to-explore\/#breadcrumb","itemListElement":[{"@type":"ListItem","position":1,"name":"Home","item":"https:\/\/emeraldhoianriverside.com\/vi\/homepage\/"},{"@type":"ListItem","position":2,"name":"\u0110i\u1ec3m \u0111\u1ebfn","item":"https:\/\/emeraldhoianriverside.com\/vi\/destinations\/"},{"@type":"ListItem","position":3,"name":"\u0110\u1ecba danh n\u1ed5i ti\u1ebfng"}]},{"@type":"WebSite","@id":"https:\/\/emeraldhoianriverside.com\/vi\/#website","url":"https:\/\/emeraldhoianriverside.com\/vi\/","name":"Emerald Hoi An Riverside Resort","description":"","potentialAction":[{"@type":"SearchAction","target":{"@type":"EntryPoint","urlTemplate":"https:\/\/emeraldhoianriverside.com\/vi\/?s={search_term_string}"},"query-input":"required name=search_term_string"}],"inLanguage":"vi-VN"}]}},"acf":[],"_links":{"self":[{"href":"https:\/\/emeraldhoianriverside.com\/vi\/wp-json\/wp\/v2\/pages\/150"}],"collection":[{"href":"https:\/\/emeraldhoianriverside.com\/vi\/wp-json\/wp\/v2\/pages"}],"about":[{"href":"https:\/\/emeraldhoianriverside.com\/vi\/wp-json\/wp\/v2\/types\/page"}],"author":[{"embeddable":true,"href":"https:\/\/emeraldhoianriverside.com\/vi\/wp-json\/wp\/v2\/users\/90"}],"replies":[{"embeddable":true,"href":"https:\/\/emeraldhoianriverside.com\/vi\/wp-json\/wp\/v2\/comments?post=150"}],"version-history":[{"count":0,"href":"https:\/\/emeraldhoianriverside.com\/vi\/wp-json\/wp\/v2\/pages\/150\/revisions"}],"up":[{"embeddable":true,"href":"https:\/\/emeraldhoianriverside.com\/vi\/wp-json\/wp\/v2\/pages\/161"}],"wp:attachment":[{"href":"https:\/\/emeraldhoianriverside.com\/vi\/wp-json\/wp\/v2\/media?parent=150"}],"curies":[{"name":"wp","href":"https:\/\/api.w.org\/{rel}","templated":true}]}}