{"id":146,"date":"2026-02-23T14:30:05","date_gmt":"2026-02-23T06:30:05","guid":{"rendered":"https:\/\/emeraldhoianriverside.ms2.decms.asia\/?page_id=146"},"modified":"2026-04-19T22:07:27","modified_gmt":"2026-04-19T14:07:27","slug":"to-shop","status":"publish","type":"page","link":"https:\/\/emeraldhoianriverside.com\/vi\/destinations\/to-shop\/","title":{"rendered":"Mua S\u1eafm"},"content":{"rendered":"<p>Mua s\u1eafm t\u1ea1i <span class=\"hover:entity-accent entity-underline inline cursor-pointer align-baseline\"><span class=\"whitespace-normal\">H\u1ed9i An<\/span><\/span> mang \u0111\u1ebfn nh\u1eefng tr\u1ea3i nghi\u1ec7m \u0111\u1ea7y m\u00e0u s\u1eafc, t\u1eeb c\u00e1c c\u1eeda h\u00e0ng th\u1ee7 c\u00f4ng, l\u1ee5a may \u0111o \u0111\u1ebfn nh\u1eefng m\u00f3n qu\u00e0 l\u01b0u ni\u1ec7m mang \u0111\u1eadm d\u1ea5u \u1ea5n \u0111\u1ecba ph\u01b0\u01a1ng. M\u1ed7i g\u00f3c ph\u1ed1 l\u00e0 m\u1ed9t \u0111i\u1ec3m d\u1eebng th\u00fa v\u1ecb, n\u01a1i b\u1ea1n c\u00f3 th\u1ec3 t\u00ecm th\u1ea5y nh\u1eefng m\u00f3n \u0111\u1ed3 tinh t\u1ebf v\u00e0 gi\u00e0u gi\u00e1 tr\u1ecb v\u0103n h\u00f3a.<\/p>\n","protected":false},"excerpt":{"rendered":"<p>Mua s\u1eafm t\u1ea1i H\u1ed9i An mang \u0111\u1ebfn nh\u1eefng tr\u1ea3i nghi\u1ec7m \u0111\u1ea7y m\u00e0u s\u1eafc, t\u1eeb c\u00e1c c\u1eeda h\u00e0ng th\u1ee7 c\u00f4ng, l\u1ee5a may \u0111o \u0111\u1ebfn nh\u1eefng m\u00f3n qu\u00e0 l\u01b0u ni\u1ec7m mang \u0111\u1eadm d\u1ea5u \u1ea5n \u0111\u1ecba ph\u01b0\u01a1ng. M\u1ed7i g\u00f3c ph\u1ed1 l\u00e0 m\u1ed9t \u0111i\u1ec3m d\u1eebng th\u00fa v\u1ecb, n\u01a1i b\u1ea1n c\u00f3 th\u1ec3 t\u00ecm th\u1ea5y nh\u1eefng m\u00f3n \u0111\u1ed3 tinh t\u1ebf v\u00e0 [&hellip;]<\/p>\n","protected":false},"author":90,"featured_media":0,"parent":161,"menu_order":1,"comment_status":"closed","ping_status":"closed","template":"template-default-2.php","meta":{"footnotes":""},"yoast_head":"<!-- This site is optimized with the Yoast SEO plugin v22.3 - https:\/\/yoast.com\/wordpress\/plugins\/seo\/ -->\n<title>Mua S\u1eafm - Emerald Hoi An Riverside Resort<\/title>\n<meta name=\"robots\" content=\"index, follow, max-snippet:-1, max-image-preview:large, max-video-preview:-1\" \/>\n<link rel=\"canonical\" href=\"https:\/\/emeraldhoianriverside.com\/vi\/destinations\/to-shop\/\" \/>\n<meta property=\"og:locale\" content=\"vi_VN\" \/>\n<meta property=\"og:type\" content=\"article\" \/>\n<meta property=\"og:title\" content=\"Mua S\u1eafm - Emerald Hoi An Riverside Resort\" \/>\n<meta property=\"og:description\" content=\"Mua s\u1eafm t\u1ea1i H\u1ed9i An mang \u0111\u1ebfn nh\u1eefng tr\u1ea3i nghi\u1ec7m \u0111\u1ea7y m\u00e0u s\u1eafc, t\u1eeb c\u00e1c c\u1eeda h\u00e0ng th\u1ee7 c\u00f4ng, l\u1ee5a may \u0111o \u0111\u1ebfn nh\u1eefng m\u00f3n qu\u00e0 l\u01b0u ni\u1ec7m mang \u0111\u1eadm d\u1ea5u \u1ea5n \u0111\u1ecba ph\u01b0\u01a1ng. M\u1ed7i g\u00f3c ph\u1ed1 l\u00e0 m\u1ed9t \u0111i\u1ec3m d\u1eebng th\u00fa v\u1ecb, n\u01a1i b\u1ea1n c\u00f3 th\u1ec3 t\u00ecm th\u1ea5y nh\u1eefng m\u00f3n \u0111\u1ed3 tinh t\u1ebf v\u00e0 [&hellip;]\" \/>\n<meta property=\"og:url\" content=\"https:\/\/emeraldhoianriverside.com\/vi\/destinations\/to-shop\/\" \/>\n<meta property=\"og:site_name\" content=\"Emerald Hoi An Riverside Resort\" \/>\n<meta property=\"article:modified_time\" content=\"2026-04-19T14:07:27+00:00\" \/>\n<meta name=\"twitter:card\" content=\"summary_large_image\" \/>\n<meta name=\"twitter:label1\" content=\"Est. reading time\" \/>\n\t<meta name=\"twitter:data1\" content=\"1 minute\" \/>\n<script type=\"application\/ld+json\" class=\"yoast-schema-graph\">{\"@context\":\"https:\/\/schema.org\",\"@graph\":[{\"@type\":\"WebPage\",\"@id\":\"https:\/\/emeraldhoianriverside.com\/vi\/destinations\/to-shop\/\",\"url\":\"https:\/\/emeraldhoianriverside.com\/vi\/destinations\/to-shop\/\",\"name\":\"Mua S\u1eafm - Emerald Hoi An Riverside Resort\",\"isPartOf\":{\"@id\":\"https:\/\/emeraldhoianriverside.com\/vi\/#website\"},\"datePublished\":\"2026-02-23T06:30:05+00:00\",\"dateModified\":\"2026-04-19T14:07:27+00:00\",\"breadcrumb\":{\"@id\":\"https:\/\/emeraldhoianriverside.com\/vi\/destinations\/to-shop\/#breadcrumb\"},\"inLanguage\":\"vi-VN\",\"potentialAction\":[{\"@type\":\"ReadAction\",\"target\":[\"https:\/\/emeraldhoianriverside.com\/vi\/destinations\/to-shop\/\"]}]},{\"@type\":\"BreadcrumbList\",\"@id\":\"https:\/\/emeraldhoianriverside.com\/vi\/destinations\/to-shop\/#breadcrumb\",\"itemListElement\":[{\"@type\":\"ListItem\",\"position\":1,\"name\":\"Home\",\"item\":\"https:\/\/emeraldhoianriverside.com\/vi\/homepage\/\"},{\"@type\":\"ListItem\",\"position\":2,\"name\":\"\u0110i\u1ec3m \u0111\u1ebfn\",\"item\":\"https:\/\/emeraldhoianriverside.com\/vi\/destinations\/\"},{\"@type\":\"ListItem\",\"position\":3,\"name\":\"Mua S\u1eafm\"}]},{\"@type\":\"WebSite\",\"@id\":\"https:\/\/emeraldhoianriverside.com\/vi\/#website\",\"url\":\"https:\/\/emeraldhoianriverside.com\/vi\/\",\"name\":\"Emerald Hoi An Riverside Resort\",\"description\":\"\",\"potentialAction\":[{\"@type\":\"SearchAction\",\"target\":{\"@type\":\"EntryPoint\",\"urlTemplate\":\"https:\/\/emeraldhoianriverside.com\/vi\/?s={search_term_string}\"},\"query-input\":\"required name=search_term_string\"}],\"inLanguage\":\"vi-VN\"}]}<\/script>\n<!-- \/ Yoast SEO plugin. -->","yoast_head_json":{"title":"Mua S\u1eafm - Emerald Hoi An Riverside Resort","robots":{"index":"index","follow":"follow","max-snippet":"max-snippet:-1","max-image-preview":"max-image-preview:large","max-video-preview":"max-video-preview:-1"},"canonical":"https:\/\/emeraldhoianriverside.com\/vi\/destinations\/to-shop\/","og_locale":"vi_VN","og_type":"article","og_title":"Mua S\u1eafm - Emerald Hoi An Riverside Resort","og_description":"Mua s\u1eafm t\u1ea1i H\u1ed9i An mang \u0111\u1ebfn nh\u1eefng tr\u1ea3i nghi\u1ec7m \u0111\u1ea7y m\u00e0u s\u1eafc, t\u1eeb c\u00e1c c\u1eeda h\u00e0ng th\u1ee7 c\u00f4ng, l\u1ee5a may \u0111o \u0111\u1ebfn nh\u1eefng m\u00f3n qu\u00e0 l\u01b0u ni\u1ec7m mang \u0111\u1eadm d\u1ea5u \u1ea5n \u0111\u1ecba ph\u01b0\u01a1ng. M\u1ed7i g\u00f3c ph\u1ed1 l\u00e0 m\u1ed9t \u0111i\u1ec3m d\u1eebng th\u00fa v\u1ecb, n\u01a1i b\u1ea1n c\u00f3 th\u1ec3 t\u00ecm th\u1ea5y nh\u1eefng m\u00f3n \u0111\u1ed3 tinh t\u1ebf v\u00e0 [&hellip;]","og_url":"https:\/\/emeraldhoianriverside.com\/vi\/destinations\/to-shop\/","og_site_name":"Emerald Hoi An Riverside Resort","article_modified_time":"2026-04-19T14:07:27+00:00","twitter_card":"summary_large_image","twitter_misc":{"Est. reading time":"1 minute"},"schema":{"@context":"https:\/\/schema.org","@graph":[{"@type":"WebPage","@id":"https:\/\/emeraldhoianriverside.com\/vi\/destinations\/to-shop\/","url":"https:\/\/emeraldhoianriverside.com\/vi\/destinations\/to-shop\/","name":"Mua S\u1eafm - Emerald Hoi An Riverside Resort","isPartOf":{"@id":"https:\/\/emeraldhoianriverside.com\/vi\/#website"},"datePublished":"2026-02-23T06:30:05+00:00","dateModified":"2026-04-19T14:07:27+00:00","breadcrumb":{"@id":"https:\/\/emeraldhoianriverside.com\/vi\/destinations\/to-shop\/#breadcrumb"},"inLanguage":"vi-VN","potentialAction":[{"@type":"ReadAction","target":["https:\/\/emeraldhoianriverside.com\/vi\/destinations\/to-shop\/"]}]},{"@type":"BreadcrumbList","@id":"https:\/\/emeraldhoianriverside.com\/vi\/destinations\/to-shop\/#breadcrumb","itemListElement":[{"@type":"ListItem","position":1,"name":"Home","item":"https:\/\/emeraldhoianriverside.com\/vi\/homepage\/"},{"@type":"ListItem","position":2,"name":"\u0110i\u1ec3m \u0111\u1ebfn","item":"https:\/\/emeraldhoianriverside.com\/vi\/destinations\/"},{"@type":"ListItem","position":3,"name":"Mua S\u1eafm"}]},{"@type":"WebSite","@id":"https:\/\/emeraldhoianriverside.com\/vi\/#website","url":"https:\/\/emeraldhoianriverside.com\/vi\/","name":"Emerald Hoi An Riverside Resort","description":"","potentialAction":[{"@type":"SearchAction","target":{"@type":"EntryPoint","urlTemplate":"https:\/\/emeraldhoianriverside.com\/vi\/?s={search_term_string}"},"query-input":"required name=search_term_string"}],"inLanguage":"vi-VN"}]}},"acf":[],"_links":{"self":[{"href":"https:\/\/emeraldhoianriverside.com\/vi\/wp-json\/wp\/v2\/pages\/146"}],"collection":[{"href":"https:\/\/emeraldhoianriverside.com\/vi\/wp-json\/wp\/v2\/pages"}],"about":[{"href":"https:\/\/emeraldhoianriverside.com\/vi\/wp-json\/wp\/v2\/types\/page"}],"author":[{"embeddable":true,"href":"https:\/\/emeraldhoianriverside.com\/vi\/wp-json\/wp\/v2\/users\/90"}],"replies":[{"embeddable":true,"href":"https:\/\/emeraldhoianriverside.com\/vi\/wp-json\/wp\/v2\/comments?post=146"}],"version-history":[{"count":0,"href":"https:\/\/emeraldhoianriverside.com\/vi\/wp-json\/wp\/v2\/pages\/146\/revisions"}],"up":[{"embeddable":true,"href":"https:\/\/emeraldhoianriverside.com\/vi\/wp-json\/wp\/v2\/pages\/161"}],"wp:attachment":[{"href":"https:\/\/emeraldhoianriverside.com\/vi\/wp-json\/wp\/v2\/media?parent=146"}],"curies":[{"name":"wp","href":"https:\/\/api.w.org\/{rel}","templated":true}]}}