{"id":137,"date":"2026-02-23T15:39:28","date_gmt":"2026-02-23T07:39:28","guid":{"rendered":"https:\/\/emeraldhoianriverside.ms2.decms.asia\/?page_id=137"},"modified":"2026-02-23T15:39:42","modified_gmt":"2026-02-23T07:39:42","slug":"thong-bao-phap-ly","status":"publish","type":"page","link":"https:\/\/emeraldhoianriverside.com\/vi\/thong-bao-phap-ly\/","title":{"rendered":"Th\u00f4ng b\u00e1o ph\u00e1p l\u00fd"},"content":{"rendered":"<p>C\u00f4ng Ty C\u1ed5 Ph\u1ea7n Du L\u1ecbch D\u1ecbch V\u1ee5 V\u00e0 Th\u01b0\u01a1ng M\u1ea1i Ho\u00e0ng Ng\u00e2n<br \/>\n\u2022 M\u00e3 s\u1ed1 doanh nghi\u1ec7p: 4000453712<br \/>\n\u2022 \u0110\u0103ng k\u00ed l\u1ea7n \u0111\u1ea7u ng\u00e0y 05 th\u00e1ng 08 n\u0103m 2008<br \/>\n\u2022 \u0110\u01a1n v\u1ecb c\u1ea5p: Ph\u00f2ng \u0110\u0103ng k\u00fd kinh doanh S\u1edf K\u1ebf ho\u1ea1ch v\u00e0 \u0110\u1ea7u t\u01b0 t\u1ec9nh Qu\u1ea3ng Nam<br \/>\n\u2022 Tr\u1ee5 s\u1edf doanh nghi\u1ec7p: 127 Ng\u00f4 Quy\u1ec1n, ph\u01b0\u1eddng H\u1ed9i An, Th\u00e0nh ph\u1ed1 \u0110\u00e0 N\u1eb5ng, Vi\u1ec7t Nam.<\/p>\n","protected":false},"excerpt":{"rendered":"<p>C\u00f4ng Ty C\u1ed5 Ph\u1ea7n Du L\u1ecbch D\u1ecbch V\u1ee5 V\u00e0 Th\u01b0\u01a1ng M\u1ea1i Ho\u00e0ng Ng\u00e2n \u2022 M\u00e3 s\u1ed1 doanh nghi\u1ec7p: 4000453712 \u2022 \u0110\u0103ng k\u00ed l\u1ea7n \u0111\u1ea7u ng\u00e0y 05 th\u00e1ng 08 n\u0103m 2008 \u2022 \u0110\u01a1n v\u1ecb c\u1ea5p: Ph\u00f2ng \u0110\u0103ng k\u00fd kinh doanh S\u1edf K\u1ebf ho\u1ea1ch v\u00e0 \u0110\u1ea7u t\u01b0 t\u1ec9nh Qu\u1ea3ng Nam \u2022 Tr\u1ee5 s\u1edf doanh nghi\u1ec7p: 127 Ng\u00f4 [&hellip;]<\/p>\n","protected":false},"author":90,"featured_media":0,"parent":0,"menu_order":0,"comment_status":"closed","ping_status":"closed","template":"template-privacy.php","meta":{"footnotes":""},"yoast_head":"<!-- This site is optimized with the Yoast SEO plugin v22.3 - https:\/\/yoast.com\/wordpress\/plugins\/seo\/ -->\n<title>Th\u00f4ng b\u00e1o ph\u00e1p l\u00fd - Emerald Hoi An Riverside Resort<\/title>\n<meta name=\"robots\" content=\"index, follow, max-snippet:-1, max-image-preview:large, max-video-preview:-1\" \/>\n<link rel=\"canonical\" href=\"https:\/\/emeraldhoianriverside.com\/vi\/thong-bao-phap-ly\/\" \/>\n<meta property=\"og:locale\" content=\"vi_VN\" \/>\n<meta property=\"og:type\" content=\"article\" \/>\n<meta property=\"og:title\" content=\"Th\u00f4ng b\u00e1o ph\u00e1p l\u00fd - Emerald Hoi An Riverside Resort\" \/>\n<meta property=\"og:description\" content=\"C\u00f4ng Ty C\u1ed5 Ph\u1ea7n Du L\u1ecbch D\u1ecbch V\u1ee5 V\u00e0 Th\u01b0\u01a1ng M\u1ea1i Ho\u00e0ng Ng\u00e2n \u2022 M\u00e3 s\u1ed1 doanh nghi\u1ec7p: 4000453712 \u2022 \u0110\u0103ng k\u00ed l\u1ea7n \u0111\u1ea7u ng\u00e0y 05 th\u00e1ng 08 n\u0103m 2008 \u2022 \u0110\u01a1n v\u1ecb c\u1ea5p: Ph\u00f2ng \u0110\u0103ng k\u00fd kinh doanh S\u1edf K\u1ebf ho\u1ea1ch v\u00e0 \u0110\u1ea7u t\u01b0 t\u1ec9nh Qu\u1ea3ng Nam \u2022 Tr\u1ee5 s\u1edf doanh nghi\u1ec7p: 127 Ng\u00f4 [&hellip;]\" \/>\n<meta property=\"og:url\" content=\"https:\/\/emeraldhoianriverside.com\/vi\/thong-bao-phap-ly\/\" \/>\n<meta property=\"og:site_name\" content=\"Emerald Hoi An Riverside Resort\" \/>\n<meta property=\"article:modified_time\" content=\"2026-02-23T07:39:42+00:00\" \/>\n<meta name=\"twitter:card\" content=\"summary_large_image\" \/>\n<meta name=\"twitter:label1\" content=\"Est. reading time\" \/>\n\t<meta name=\"twitter:data1\" content=\"1 minute\" \/>\n<script type=\"application\/ld+json\" class=\"yoast-schema-graph\">{\"@context\":\"https:\/\/schema.org\",\"@graph\":[{\"@type\":\"WebPage\",\"@id\":\"https:\/\/emeraldhoianriverside.com\/vi\/thong-bao-phap-ly\/\",\"url\":\"https:\/\/emeraldhoianriverside.com\/vi\/thong-bao-phap-ly\/\",\"name\":\"Th\u00f4ng b\u00e1o ph\u00e1p l\u00fd - Emerald Hoi An Riverside Resort\",\"isPartOf\":{\"@id\":\"https:\/\/emeraldhoianriverside.com\/vi\/#website\"},\"datePublished\":\"2026-02-23T07:39:28+00:00\",\"dateModified\":\"2026-02-23T07:39:42+00:00\",\"breadcrumb\":{\"@id\":\"https:\/\/emeraldhoianriverside.com\/vi\/thong-bao-phap-ly\/#breadcrumb\"},\"inLanguage\":\"vi-VN\",\"potentialAction\":[{\"@type\":\"ReadAction\",\"target\":[\"https:\/\/emeraldhoianriverside.com\/vi\/thong-bao-phap-ly\/\"]}]},{\"@type\":\"BreadcrumbList\",\"@id\":\"https:\/\/emeraldhoianriverside.com\/vi\/thong-bao-phap-ly\/#breadcrumb\",\"itemListElement\":[{\"@type\":\"ListItem\",\"position\":1,\"name\":\"Home\",\"item\":\"https:\/\/emeraldhoianriverside.com\/vi\/\"},{\"@type\":\"ListItem\",\"position\":2,\"name\":\"Th\u00f4ng b\u00e1o ph\u00e1p l\u00fd\"}]},{\"@type\":\"WebSite\",\"@id\":\"https:\/\/emeraldhoianriverside.com\/vi\/#website\",\"url\":\"https:\/\/emeraldhoianriverside.com\/vi\/\",\"name\":\"Emerald Hoi An Riverside Resort\",\"description\":\"\",\"potentialAction\":[{\"@type\":\"SearchAction\",\"target\":{\"@type\":\"EntryPoint\",\"urlTemplate\":\"https:\/\/emeraldhoianriverside.com\/vi\/?s={search_term_string}\"},\"query-input\":\"required name=search_term_string\"}],\"inLanguage\":\"vi-VN\"}]}<\/script>\n<!-- \/ Yoast SEO plugin. -->","yoast_head_json":{"title":"Th\u00f4ng b\u00e1o ph\u00e1p l\u00fd - Emerald Hoi An Riverside Resort","robots":{"index":"index","follow":"follow","max-snippet":"max-snippet:-1","max-image-preview":"max-image-preview:large","max-video-preview":"max-video-preview:-1"},"canonical":"https:\/\/emeraldhoianriverside.com\/vi\/thong-bao-phap-ly\/","og_locale":"vi_VN","og_type":"article","og_title":"Th\u00f4ng b\u00e1o ph\u00e1p l\u00fd - Emerald Hoi An Riverside Resort","og_description":"C\u00f4ng Ty C\u1ed5 Ph\u1ea7n Du L\u1ecbch D\u1ecbch V\u1ee5 V\u00e0 Th\u01b0\u01a1ng M\u1ea1i Ho\u00e0ng Ng\u00e2n \u2022 M\u00e3 s\u1ed1 doanh nghi\u1ec7p: 4000453712 \u2022 \u0110\u0103ng k\u00ed l\u1ea7n \u0111\u1ea7u ng\u00e0y 05 th\u00e1ng 08 n\u0103m 2008 \u2022 \u0110\u01a1n v\u1ecb c\u1ea5p: Ph\u00f2ng \u0110\u0103ng k\u00fd kinh doanh S\u1edf K\u1ebf ho\u1ea1ch v\u00e0 \u0110\u1ea7u t\u01b0 t\u1ec9nh Qu\u1ea3ng Nam \u2022 Tr\u1ee5 s\u1edf doanh nghi\u1ec7p: 127 Ng\u00f4 [&hellip;]","og_url":"https:\/\/emeraldhoianriverside.com\/vi\/thong-bao-phap-ly\/","og_site_name":"Emerald Hoi An Riverside Resort","article_modified_time":"2026-02-23T07:39:42+00:00","twitter_card":"summary_large_image","twitter_misc":{"Est. reading time":"1 minute"},"schema":{"@context":"https:\/\/schema.org","@graph":[{"@type":"WebPage","@id":"https:\/\/emeraldhoianriverside.com\/vi\/thong-bao-phap-ly\/","url":"https:\/\/emeraldhoianriverside.com\/vi\/thong-bao-phap-ly\/","name":"Th\u00f4ng b\u00e1o ph\u00e1p l\u00fd - Emerald Hoi An Riverside Resort","isPartOf":{"@id":"https:\/\/emeraldhoianriverside.com\/vi\/#website"},"datePublished":"2026-02-23T07:39:28+00:00","dateModified":"2026-02-23T07:39:42+00:00","breadcrumb":{"@id":"https:\/\/emeraldhoianriverside.com\/vi\/thong-bao-phap-ly\/#breadcrumb"},"inLanguage":"vi-VN","potentialAction":[{"@type":"ReadAction","target":["https:\/\/emeraldhoianriverside.com\/vi\/thong-bao-phap-ly\/"]}]},{"@type":"BreadcrumbList","@id":"https:\/\/emeraldhoianriverside.com\/vi\/thong-bao-phap-ly\/#breadcrumb","itemListElement":[{"@type":"ListItem","position":1,"name":"Home","item":"https:\/\/emeraldhoianriverside.com\/vi\/"},{"@type":"ListItem","position":2,"name":"Th\u00f4ng b\u00e1o ph\u00e1p l\u00fd"}]},{"@type":"WebSite","@id":"https:\/\/emeraldhoianriverside.com\/vi\/#website","url":"https:\/\/emeraldhoianriverside.com\/vi\/","name":"Emerald Hoi An Riverside Resort","description":"","potentialAction":[{"@type":"SearchAction","target":{"@type":"EntryPoint","urlTemplate":"https:\/\/emeraldhoianriverside.com\/vi\/?s={search_term_string}"},"query-input":"required name=search_term_string"}],"inLanguage":"vi-VN"}]}},"acf":[],"_links":{"self":[{"href":"https:\/\/emeraldhoianriverside.com\/vi\/wp-json\/wp\/v2\/pages\/137"}],"collection":[{"href":"https:\/\/emeraldhoianriverside.com\/vi\/wp-json\/wp\/v2\/pages"}],"about":[{"href":"https:\/\/emeraldhoianriverside.com\/vi\/wp-json\/wp\/v2\/types\/page"}],"author":[{"embeddable":true,"href":"https:\/\/emeraldhoianriverside.com\/vi\/wp-json\/wp\/v2\/users\/90"}],"replies":[{"embeddable":true,"href":"https:\/\/emeraldhoianriverside.com\/vi\/wp-json\/wp\/v2\/comments?post=137"}],"version-history":[{"count":0,"href":"https:\/\/emeraldhoianriverside.com\/vi\/wp-json\/wp\/v2\/pages\/137\/revisions"}],"wp:attachment":[{"href":"https:\/\/emeraldhoianriverside.com\/vi\/wp-json\/wp\/v2\/media?parent=137"}],"curies":[{"name":"wp","href":"https:\/\/api.w.org\/{rel}","templated":true}]}}