{"id":135,"date":"2026-02-20T17:39:03","date_gmt":"2026-02-20T09:39:03","guid":{"rendered":"https:\/\/emeraldhoianriverside.ms2.decms.asia\/weddings\/"},"modified":"2026-03-10T10:19:01","modified_gmt":"2026-03-10T02:19:01","slug":"weddings","status":"publish","type":"page","link":"https:\/\/emeraldhoianriverside.com\/vi\/weddings\/","title":{"rendered":"\u0110\u00e1m C\u01b0\u1edbi"},"content":{"rendered":"<p>H\u1ea1nh ph\u00fac \u0111\u1eddi ng\u01b0\u1eddi b\u1eaft \u0111\u1ea7u t\u1eeb \u0111\u00e2y, h\u00e3y \u0111\u1ec3 b\u1eefa ti\u1ec7c r\u01b0\u1ee3u l\u00e0 n\u01a1i b\u1eaft \u0111\u1ea7u h\u00e0nh tr\u00ecnh c\u1ee7a b\u1ea1n v\u00e0 ng\u01b0\u1eddi \u0111\u1ed3ng h\u00e0nh.<\/p>\n","protected":false},"excerpt":{"rendered":"<p>H\u1ea1nh ph\u00fac \u0111\u1eddi ng\u01b0\u1eddi b\u1eaft \u0111\u1ea7u t\u1eeb \u0111\u00e2y, h\u00e3y \u0111\u1ec3 b\u1eefa ti\u1ec7c r\u01b0\u1ee3u l\u00e0 n\u01a1i b\u1eaft \u0111\u1ea7u h\u00e0nh tr\u00ecnh c\u1ee7a b\u1ea1n v\u00e0 ng\u01b0\u1eddi \u0111\u1ed3ng h\u00e0nh.<\/p>\n","protected":false},"author":90,"featured_media":0,"parent":0,"menu_order":0,"comment_status":"closed","ping_status":"closed","template":"template-meeting.php","meta":{"footnotes":""},"yoast_head":"<!-- This site is optimized with the Yoast SEO plugin v22.3 - https:\/\/yoast.com\/wordpress\/plugins\/seo\/ -->\n<title>\u0110\u00e1m C\u01b0\u1edbi - Emerald Hoi An Riverside Resort<\/title>\n<meta name=\"robots\" content=\"index, follow, max-snippet:-1, max-image-preview:large, max-video-preview:-1\" \/>\n<link rel=\"canonical\" href=\"https:\/\/emeraldhoianriverside.com\/vi\/weddings\/\" \/>\n<meta property=\"og:locale\" content=\"vi_VN\" \/>\n<meta property=\"og:type\" content=\"article\" \/>\n<meta property=\"og:title\" content=\"\u0110\u00e1m C\u01b0\u1edbi - Emerald Hoi An Riverside Resort\" \/>\n<meta property=\"og:description\" content=\"H\u1ea1nh ph\u00fac \u0111\u1eddi ng\u01b0\u1eddi b\u1eaft \u0111\u1ea7u t\u1eeb \u0111\u00e2y, h\u00e3y \u0111\u1ec3 b\u1eefa ti\u1ec7c r\u01b0\u1ee3u l\u00e0 n\u01a1i b\u1eaft \u0111\u1ea7u h\u00e0nh tr\u00ecnh c\u1ee7a b\u1ea1n v\u00e0 ng\u01b0\u1eddi \u0111\u1ed3ng h\u00e0nh.\" \/>\n<meta property=\"og:url\" content=\"https:\/\/emeraldhoianriverside.com\/vi\/weddings\/\" \/>\n<meta property=\"og:site_name\" content=\"Emerald Hoi An Riverside Resort\" \/>\n<meta property=\"article:modified_time\" content=\"2026-03-10T02:19:01+00:00\" \/>\n<meta name=\"twitter:card\" content=\"summary_large_image\" \/>\n<meta name=\"twitter:label1\" content=\"Est. reading time\" \/>\n\t<meta name=\"twitter:data1\" content=\"1 minute\" \/>\n<script type=\"application\/ld+json\" class=\"yoast-schema-graph\">{\"@context\":\"https:\/\/schema.org\",\"@graph\":[{\"@type\":\"WebPage\",\"@id\":\"https:\/\/emeraldhoianriverside.com\/vi\/weddings\/\",\"url\":\"https:\/\/emeraldhoianriverside.com\/vi\/weddings\/\",\"name\":\"\u0110\u00e1m C\u01b0\u1edbi - Emerald Hoi An Riverside Resort\",\"isPartOf\":{\"@id\":\"https:\/\/emeraldhoianriverside.com\/vi\/#website\"},\"datePublished\":\"2026-02-20T09:39:03+00:00\",\"dateModified\":\"2026-03-10T02:19:01+00:00\",\"breadcrumb\":{\"@id\":\"https:\/\/emeraldhoianriverside.com\/vi\/weddings\/#breadcrumb\"},\"inLanguage\":\"vi-VN\",\"potentialAction\":[{\"@type\":\"ReadAction\",\"target\":[\"https:\/\/emeraldhoianriverside.com\/vi\/weddings\/\"]}]},{\"@type\":\"BreadcrumbList\",\"@id\":\"https:\/\/emeraldhoianriverside.com\/vi\/weddings\/#breadcrumb\",\"itemListElement\":[{\"@type\":\"ListItem\",\"position\":1,\"name\":\"Home\",\"item\":\"https:\/\/emeraldhoianriverside.com\/vi\/\"},{\"@type\":\"ListItem\",\"position\":2,\"name\":\"\u0110\u00e1m C\u01b0\u1edbi\"}]},{\"@type\":\"WebSite\",\"@id\":\"https:\/\/emeraldhoianriverside.com\/vi\/#website\",\"url\":\"https:\/\/emeraldhoianriverside.com\/vi\/\",\"name\":\"Emerald Hoi An Riverside Resort\",\"description\":\"\",\"potentialAction\":[{\"@type\":\"SearchAction\",\"target\":{\"@type\":\"EntryPoint\",\"urlTemplate\":\"https:\/\/emeraldhoianriverside.com\/vi\/?s={search_term_string}\"},\"query-input\":\"required name=search_term_string\"}],\"inLanguage\":\"vi-VN\"}]}<\/script>\n<!-- \/ Yoast SEO plugin. -->","yoast_head_json":{"title":"\u0110\u00e1m C\u01b0\u1edbi - Emerald Hoi An Riverside Resort","robots":{"index":"index","follow":"follow","max-snippet":"max-snippet:-1","max-image-preview":"max-image-preview:large","max-video-preview":"max-video-preview:-1"},"canonical":"https:\/\/emeraldhoianriverside.com\/vi\/weddings\/","og_locale":"vi_VN","og_type":"article","og_title":"\u0110\u00e1m C\u01b0\u1edbi - Emerald Hoi An Riverside Resort","og_description":"H\u1ea1nh ph\u00fac \u0111\u1eddi ng\u01b0\u1eddi b\u1eaft \u0111\u1ea7u t\u1eeb \u0111\u00e2y, h\u00e3y \u0111\u1ec3 b\u1eefa ti\u1ec7c r\u01b0\u1ee3u l\u00e0 n\u01a1i b\u1eaft \u0111\u1ea7u h\u00e0nh tr\u00ecnh c\u1ee7a b\u1ea1n v\u00e0 ng\u01b0\u1eddi \u0111\u1ed3ng h\u00e0nh.","og_url":"https:\/\/emeraldhoianriverside.com\/vi\/weddings\/","og_site_name":"Emerald Hoi An Riverside Resort","article_modified_time":"2026-03-10T02:19:01+00:00","twitter_card":"summary_large_image","twitter_misc":{"Est. reading time":"1 minute"},"schema":{"@context":"https:\/\/schema.org","@graph":[{"@type":"WebPage","@id":"https:\/\/emeraldhoianriverside.com\/vi\/weddings\/","url":"https:\/\/emeraldhoianriverside.com\/vi\/weddings\/","name":"\u0110\u00e1m C\u01b0\u1edbi - Emerald Hoi An Riverside Resort","isPartOf":{"@id":"https:\/\/emeraldhoianriverside.com\/vi\/#website"},"datePublished":"2026-02-20T09:39:03+00:00","dateModified":"2026-03-10T02:19:01+00:00","breadcrumb":{"@id":"https:\/\/emeraldhoianriverside.com\/vi\/weddings\/#breadcrumb"},"inLanguage":"vi-VN","potentialAction":[{"@type":"ReadAction","target":["https:\/\/emeraldhoianriverside.com\/vi\/weddings\/"]}]},{"@type":"BreadcrumbList","@id":"https:\/\/emeraldhoianriverside.com\/vi\/weddings\/#breadcrumb","itemListElement":[{"@type":"ListItem","position":1,"name":"Home","item":"https:\/\/emeraldhoianriverside.com\/vi\/"},{"@type":"ListItem","position":2,"name":"\u0110\u00e1m C\u01b0\u1edbi"}]},{"@type":"WebSite","@id":"https:\/\/emeraldhoianriverside.com\/vi\/#website","url":"https:\/\/emeraldhoianriverside.com\/vi\/","name":"Emerald Hoi An Riverside Resort","description":"","potentialAction":[{"@type":"SearchAction","target":{"@type":"EntryPoint","urlTemplate":"https:\/\/emeraldhoianriverside.com\/vi\/?s={search_term_string}"},"query-input":"required name=search_term_string"}],"inLanguage":"vi-VN"}]}},"acf":[],"_links":{"self":[{"href":"https:\/\/emeraldhoianriverside.com\/vi\/wp-json\/wp\/v2\/pages\/135"}],"collection":[{"href":"https:\/\/emeraldhoianriverside.com\/vi\/wp-json\/wp\/v2\/pages"}],"about":[{"href":"https:\/\/emeraldhoianriverside.com\/vi\/wp-json\/wp\/v2\/types\/page"}],"author":[{"embeddable":true,"href":"https:\/\/emeraldhoianriverside.com\/vi\/wp-json\/wp\/v2\/users\/90"}],"replies":[{"embeddable":true,"href":"https:\/\/emeraldhoianriverside.com\/vi\/wp-json\/wp\/v2\/comments?post=135"}],"version-history":[{"count":0,"href":"https:\/\/emeraldhoianriverside.com\/vi\/wp-json\/wp\/v2\/pages\/135\/revisions"}],"wp:attachment":[{"href":"https:\/\/emeraldhoianriverside.com\/vi\/wp-json\/wp\/v2\/media?parent=135"}],"curies":[{"name":"wp","href":"https:\/\/api.w.org\/{rel}","templated":true}]}}