{"id":128,"date":"2026-02-20T17:36:54","date_gmt":"2026-02-20T09:36:54","guid":{"rendered":"https:\/\/emeraldhoianriverside.ms2.decms.asia\/meetings-events\/"},"modified":"2026-04-20T14:06:13","modified_gmt":"2026-04-20T06:06:13","slug":"meetings-events","status":"publish","type":"page","link":"https:\/\/emeraldhoianriverside.com\/vi\/meetings-events\/","title":{"rendered":"H\u1ed9i ngh\u1ecb &amp; S\u1ef1 ki\u1ec7n"},"content":{"rendered":"<p>Nh\u1eefng kho\u1ea3nh kh\u1eafc tr\u1ecdng \u0111\u1ea1i tr\u1edf th\u00e0nh k\u00fd \u1ee9c \u0111\u00e1ng nh\u1edb, n\u01a1i t\u1eebng chi ti\u1ebft \u0111\u1eb9p nh\u1ea5t \u0111\u01b0\u1ee3c l\u01b0u gi\u1eef tr\u1ecdn v\u1eb9n t\u1ea1i Emerald Hoi An Riverside Resort. H\u00e3y \u0111\u1ec3 \u0111\u1ed9i ng\u0169 gi\u00e0u kinh nghi\u1ec7m \u0111\u1ed3ng h\u00e0nh c\u00f9ng b\u1ea1n t\u1ea1o n\u00ean m\u1ed9t s\u1ef1 ki\u1ec7n ch\u1ec9n chu v\u00e0 \u0111\u00e1ng nh\u1edb.<\/p>\n","protected":false},"excerpt":{"rendered":"<p>Nh\u1eefng kho\u1ea3nh kh\u1eafc tr\u1ecdng \u0111\u1ea1i tr\u1edf th\u00e0nh k\u00fd \u1ee9c \u0111\u00e1ng nh\u1edb, n\u01a1i t\u1eebng chi ti\u1ebft \u0111\u1eb9p nh\u1ea5t \u0111\u01b0\u1ee3c l\u01b0u gi\u1eef tr\u1ecdn v\u1eb9n t\u1ea1i Emerald Hoi An Riverside Resort. H\u00e3y \u0111\u1ec3 \u0111\u1ed9i ng\u0169 gi\u00e0u kinh nghi\u1ec7m \u0111\u1ed3ng h\u00e0nh c\u00f9ng b\u1ea1n t\u1ea1o n\u00ean m\u1ed9t s\u1ef1 ki\u1ec7n ch\u1ec9n chu v\u00e0 \u0111\u00e1ng nh\u1edb.<\/p>\n","protected":false},"author":90,"featured_media":0,"parent":0,"menu_order":0,"comment_status":"closed","ping_status":"closed","template":"template-meeting.php","meta":{"footnotes":""},"yoast_head":"<!-- This site is optimized with the Yoast SEO plugin v22.3 - https:\/\/yoast.com\/wordpress\/plugins\/seo\/ -->\n<title>H\u1ed9i ngh\u1ecb &amp; S\u1ef1 ki\u1ec7n - Emerald Hoi An Riverside Resort<\/title>\n<meta name=\"robots\" content=\"index, follow, max-snippet:-1, max-image-preview:large, max-video-preview:-1\" \/>\n<link rel=\"canonical\" href=\"https:\/\/emeraldhoianriverside.com\/vi\/meetings-events\/\" \/>\n<meta property=\"og:locale\" content=\"vi_VN\" \/>\n<meta property=\"og:type\" content=\"article\" \/>\n<meta property=\"og:title\" content=\"H\u1ed9i ngh\u1ecb &amp; S\u1ef1 ki\u1ec7n - Emerald Hoi An Riverside Resort\" \/>\n<meta property=\"og:description\" content=\"Nh\u1eefng kho\u1ea3nh kh\u1eafc tr\u1ecdng \u0111\u1ea1i tr\u1edf th\u00e0nh k\u00fd \u1ee9c \u0111\u00e1ng nh\u1edb, n\u01a1i t\u1eebng chi ti\u1ebft \u0111\u1eb9p nh\u1ea5t \u0111\u01b0\u1ee3c l\u01b0u gi\u1eef tr\u1ecdn v\u1eb9n t\u1ea1i Emerald Hoi An Riverside Resort. H\u00e3y \u0111\u1ec3 \u0111\u1ed9i ng\u0169 gi\u00e0u kinh nghi\u1ec7m \u0111\u1ed3ng h\u00e0nh c\u00f9ng b\u1ea1n t\u1ea1o n\u00ean m\u1ed9t s\u1ef1 ki\u1ec7n ch\u1ec9n chu v\u00e0 \u0111\u00e1ng nh\u1edb.\" \/>\n<meta property=\"og:url\" content=\"https:\/\/emeraldhoianriverside.com\/vi\/meetings-events\/\" \/>\n<meta property=\"og:site_name\" content=\"Emerald Hoi An Riverside Resort\" \/>\n<meta property=\"article:modified_time\" content=\"2026-04-20T06:06:13+00:00\" \/>\n<meta name=\"twitter:card\" content=\"summary_large_image\" \/>\n<meta name=\"twitter:label1\" content=\"Est. reading time\" \/>\n\t<meta name=\"twitter:data1\" content=\"1 minute\" \/>\n<script type=\"application\/ld+json\" class=\"yoast-schema-graph\">{\"@context\":\"https:\/\/schema.org\",\"@graph\":[{\"@type\":\"WebPage\",\"@id\":\"https:\/\/emeraldhoianriverside.com\/vi\/meetings-events\/\",\"url\":\"https:\/\/emeraldhoianriverside.com\/vi\/meetings-events\/\",\"name\":\"H\u1ed9i ngh\u1ecb &amp; S\u1ef1 ki\u1ec7n - Emerald Hoi An Riverside Resort\",\"isPartOf\":{\"@id\":\"https:\/\/emeraldhoianriverside.com\/vi\/#website\"},\"datePublished\":\"2026-02-20T09:36:54+00:00\",\"dateModified\":\"2026-04-20T06:06:13+00:00\",\"breadcrumb\":{\"@id\":\"https:\/\/emeraldhoianriverside.com\/vi\/meetings-events\/#breadcrumb\"},\"inLanguage\":\"vi-VN\",\"potentialAction\":[{\"@type\":\"ReadAction\",\"target\":[\"https:\/\/emeraldhoianriverside.com\/vi\/meetings-events\/\"]}]},{\"@type\":\"BreadcrumbList\",\"@id\":\"https:\/\/emeraldhoianriverside.com\/vi\/meetings-events\/#breadcrumb\",\"itemListElement\":[{\"@type\":\"ListItem\",\"position\":1,\"name\":\"Home\",\"item\":\"https:\/\/emeraldhoianriverside.com\/vi\/\"},{\"@type\":\"ListItem\",\"position\":2,\"name\":\"H\u1ed9i ngh\u1ecb &amp; S\u1ef1 ki\u1ec7n\"}]},{\"@type\":\"WebSite\",\"@id\":\"https:\/\/emeraldhoianriverside.com\/vi\/#website\",\"url\":\"https:\/\/emeraldhoianriverside.com\/vi\/\",\"name\":\"Emerald Hoi An Riverside Resort\",\"description\":\"\",\"potentialAction\":[{\"@type\":\"SearchAction\",\"target\":{\"@type\":\"EntryPoint\",\"urlTemplate\":\"https:\/\/emeraldhoianriverside.com\/vi\/?s={search_term_string}\"},\"query-input\":\"required name=search_term_string\"}],\"inLanguage\":\"vi-VN\"}]}<\/script>\n<!-- \/ Yoast SEO plugin. -->","yoast_head_json":{"title":"H\u1ed9i ngh\u1ecb &amp; S\u1ef1 ki\u1ec7n - Emerald Hoi An Riverside Resort","robots":{"index":"index","follow":"follow","max-snippet":"max-snippet:-1","max-image-preview":"max-image-preview:large","max-video-preview":"max-video-preview:-1"},"canonical":"https:\/\/emeraldhoianriverside.com\/vi\/meetings-events\/","og_locale":"vi_VN","og_type":"article","og_title":"H\u1ed9i ngh\u1ecb &amp; S\u1ef1 ki\u1ec7n - Emerald Hoi An Riverside Resort","og_description":"Nh\u1eefng kho\u1ea3nh kh\u1eafc tr\u1ecdng \u0111\u1ea1i tr\u1edf th\u00e0nh k\u00fd \u1ee9c \u0111\u00e1ng nh\u1edb, n\u01a1i t\u1eebng chi ti\u1ebft \u0111\u1eb9p nh\u1ea5t \u0111\u01b0\u1ee3c l\u01b0u gi\u1eef tr\u1ecdn v\u1eb9n t\u1ea1i Emerald Hoi An Riverside Resort. H\u00e3y \u0111\u1ec3 \u0111\u1ed9i ng\u0169 gi\u00e0u kinh nghi\u1ec7m \u0111\u1ed3ng h\u00e0nh c\u00f9ng b\u1ea1n t\u1ea1o n\u00ean m\u1ed9t s\u1ef1 ki\u1ec7n ch\u1ec9n chu v\u00e0 \u0111\u00e1ng nh\u1edb.","og_url":"https:\/\/emeraldhoianriverside.com\/vi\/meetings-events\/","og_site_name":"Emerald Hoi An Riverside Resort","article_modified_time":"2026-04-20T06:06:13+00:00","twitter_card":"summary_large_image","twitter_misc":{"Est. reading time":"1 minute"},"schema":{"@context":"https:\/\/schema.org","@graph":[{"@type":"WebPage","@id":"https:\/\/emeraldhoianriverside.com\/vi\/meetings-events\/","url":"https:\/\/emeraldhoianriverside.com\/vi\/meetings-events\/","name":"H\u1ed9i ngh\u1ecb &amp; S\u1ef1 ki\u1ec7n - Emerald Hoi An Riverside Resort","isPartOf":{"@id":"https:\/\/emeraldhoianriverside.com\/vi\/#website"},"datePublished":"2026-02-20T09:36:54+00:00","dateModified":"2026-04-20T06:06:13+00:00","breadcrumb":{"@id":"https:\/\/emeraldhoianriverside.com\/vi\/meetings-events\/#breadcrumb"},"inLanguage":"vi-VN","potentialAction":[{"@type":"ReadAction","target":["https:\/\/emeraldhoianriverside.com\/vi\/meetings-events\/"]}]},{"@type":"BreadcrumbList","@id":"https:\/\/emeraldhoianriverside.com\/vi\/meetings-events\/#breadcrumb","itemListElement":[{"@type":"ListItem","position":1,"name":"Home","item":"https:\/\/emeraldhoianriverside.com\/vi\/"},{"@type":"ListItem","position":2,"name":"H\u1ed9i ngh\u1ecb &amp; S\u1ef1 ki\u1ec7n"}]},{"@type":"WebSite","@id":"https:\/\/emeraldhoianriverside.com\/vi\/#website","url":"https:\/\/emeraldhoianriverside.com\/vi\/","name":"Emerald Hoi An Riverside Resort","description":"","potentialAction":[{"@type":"SearchAction","target":{"@type":"EntryPoint","urlTemplate":"https:\/\/emeraldhoianriverside.com\/vi\/?s={search_term_string}"},"query-input":"required name=search_term_string"}],"inLanguage":"vi-VN"}]}},"acf":[],"_links":{"self":[{"href":"https:\/\/emeraldhoianriverside.com\/vi\/wp-json\/wp\/v2\/pages\/128"}],"collection":[{"href":"https:\/\/emeraldhoianriverside.com\/vi\/wp-json\/wp\/v2\/pages"}],"about":[{"href":"https:\/\/emeraldhoianriverside.com\/vi\/wp-json\/wp\/v2\/types\/page"}],"author":[{"embeddable":true,"href":"https:\/\/emeraldhoianriverside.com\/vi\/wp-json\/wp\/v2\/users\/90"}],"replies":[{"embeddable":true,"href":"https:\/\/emeraldhoianriverside.com\/vi\/wp-json\/wp\/v2\/comments?post=128"}],"version-history":[{"count":0,"href":"https:\/\/emeraldhoianriverside.com\/vi\/wp-json\/wp\/v2\/pages\/128\/revisions"}],"wp:attachment":[{"href":"https:\/\/emeraldhoianriverside.com\/vi\/wp-json\/wp\/v2\/media?parent=128"}],"curies":[{"name":"wp","href":"https:\/\/api.w.org\/{rel}","templated":true}]}}