{"id":118,"date":"2026-02-20T17:31:25","date_gmt":"2026-02-20T09:31:25","guid":{"rendered":"https:\/\/emeraldhoianriverside.ms2.decms.asia\/?page_id=118"},"modified":"2026-04-19T21:56:46","modified_gmt":"2026-04-19T13:56:46","slug":"transportation","status":"publish","type":"page","link":"https:\/\/emeraldhoianriverside.com\/vi\/facilities-services\/transportation\/","title":{"rendered":"Di chuy\u1ec3n"},"content":{"rendered":"<p>D\u1ecbch v\u1ee5 di chuy\u1ec3n \u0111\u01b0\u1ee3c thi\u1ebft k\u1ebf linh ho\u1ea1t, gi\u00fap b\u1ea1n d\u1ec5 d\u00e0ng di chuy\u1ec3n gi\u1eefa khu ngh\u1ec9 d\u01b0\u1ee1ng v\u00e0 c\u00e1c \u0111i\u1ec3m tham quan xung quanh. V\u1edbi nhi\u1ec1u l\u1ef1a ch\u1ecdn ph\u00f9 h\u1ee3p cho t\u1eebng nhu c\u1ea7u, vi\u1ec7c \u0111i l\u1ea1i tr\u1edf n\u00ean thu\u1eadn ti\u1ec7n v\u00e0 tho\u1ea3i m\u00e1i h\u01a1n trong su\u1ed1t k\u1ef3 ngh\u1ec9.<\/p>\n<p><strong>Li\u00ean h\u1ec7 L\u1ec5 T\u00e2n \u0111\u1ec3 \u0111\u01b0\u1ee3c h\u1ed7 tr\u1ee3<\/strong><\/p>\n","protected":false},"excerpt":{"rendered":"<p>D\u1ecbch v\u1ee5 di chuy\u1ec3n \u0111\u01b0\u1ee3c thi\u1ebft k\u1ebf linh ho\u1ea1t, gi\u00fap b\u1ea1n d\u1ec5 d\u00e0ng di chuy\u1ec3n gi\u1eefa khu ngh\u1ec9 d\u01b0\u1ee1ng v\u00e0 c\u00e1c \u0111i\u1ec3m tham quan xung quanh. V\u1edbi nhi\u1ec1u l\u1ef1a ch\u1ecdn ph\u00f9 h\u1ee3p cho t\u1eebng nhu c\u1ea7u, vi\u1ec7c \u0111i l\u1ea1i tr\u1edf n\u00ean thu\u1eadn ti\u1ec7n v\u00e0 tho\u1ea3i m\u00e1i h\u01a1n trong su\u1ed1t k\u1ef3 ngh\u1ec9. Li\u00ean h\u1ec7 L\u1ec5 T\u00e2n [&hellip;]<\/p>\n","protected":false},"author":90,"featured_media":0,"parent":91,"menu_order":4,"comment_status":"closed","ping_status":"closed","template":"template-single-service.php","meta":{"footnotes":""},"yoast_head":"<!-- This site is optimized with the Yoast SEO plugin v22.3 - https:\/\/yoast.com\/wordpress\/plugins\/seo\/ -->\n<title>Di chuy\u1ec3n - Emerald Hoi An Riverside Resort<\/title>\n<meta name=\"robots\" content=\"index, follow, max-snippet:-1, max-image-preview:large, max-video-preview:-1\" \/>\n<link rel=\"canonical\" href=\"https:\/\/emeraldhoianriverside.com\/vi\/facilities-services\/transportation\/\" \/>\n<meta property=\"og:locale\" content=\"vi_VN\" \/>\n<meta property=\"og:type\" content=\"article\" \/>\n<meta property=\"og:title\" content=\"Di chuy\u1ec3n - Emerald Hoi An Riverside Resort\" \/>\n<meta property=\"og:description\" content=\"D\u1ecbch v\u1ee5 di chuy\u1ec3n \u0111\u01b0\u1ee3c thi\u1ebft k\u1ebf linh ho\u1ea1t, gi\u00fap b\u1ea1n d\u1ec5 d\u00e0ng di chuy\u1ec3n gi\u1eefa khu ngh\u1ec9 d\u01b0\u1ee1ng v\u00e0 c\u00e1c \u0111i\u1ec3m tham quan xung quanh. V\u1edbi nhi\u1ec1u l\u1ef1a ch\u1ecdn ph\u00f9 h\u1ee3p cho t\u1eebng nhu c\u1ea7u, vi\u1ec7c \u0111i l\u1ea1i tr\u1edf n\u00ean thu\u1eadn ti\u1ec7n v\u00e0 tho\u1ea3i m\u00e1i h\u01a1n trong su\u1ed1t k\u1ef3 ngh\u1ec9. Li\u00ean h\u1ec7 L\u1ec5 T\u00e2n [&hellip;]\" \/>\n<meta property=\"og:url\" content=\"https:\/\/emeraldhoianriverside.com\/vi\/facilities-services\/transportation\/\" \/>\n<meta property=\"og:site_name\" content=\"Emerald Hoi An Riverside Resort\" \/>\n<meta property=\"article:modified_time\" content=\"2026-04-19T13:56:46+00:00\" \/>\n<meta name=\"twitter:card\" content=\"summary_large_image\" \/>\n<meta name=\"twitter:label1\" content=\"Est. reading time\" \/>\n\t<meta name=\"twitter:data1\" content=\"1 minute\" \/>\n<script type=\"application\/ld+json\" class=\"yoast-schema-graph\">{\"@context\":\"https:\/\/schema.org\",\"@graph\":[{\"@type\":\"WebPage\",\"@id\":\"https:\/\/emeraldhoianriverside.com\/vi\/facilities-services\/transportation\/\",\"url\":\"https:\/\/emeraldhoianriverside.com\/vi\/facilities-services\/transportation\/\",\"name\":\"Di chuy\u1ec3n - Emerald Hoi An Riverside Resort\",\"isPartOf\":{\"@id\":\"https:\/\/emeraldhoianriverside.com\/vi\/#website\"},\"datePublished\":\"2026-02-20T09:31:25+00:00\",\"dateModified\":\"2026-04-19T13:56:46+00:00\",\"breadcrumb\":{\"@id\":\"https:\/\/emeraldhoianriverside.com\/vi\/facilities-services\/transportation\/#breadcrumb\"},\"inLanguage\":\"vi-VN\",\"potentialAction\":[{\"@type\":\"ReadAction\",\"target\":[\"https:\/\/emeraldhoianriverside.com\/vi\/facilities-services\/transportation\/\"]}]},{\"@type\":\"BreadcrumbList\",\"@id\":\"https:\/\/emeraldhoianriverside.com\/vi\/facilities-services\/transportation\/#breadcrumb\",\"itemListElement\":[{\"@type\":\"ListItem\",\"position\":1,\"name\":\"Home\",\"item\":\"https:\/\/emeraldhoianriverside.com\/vi\/\"},{\"@type\":\"ListItem\",\"position\":2,\"name\":\"Ti\u1ec7n \u00edch v\u00e0 D\u1ecbch v\u1ee5\",\"item\":\"https:\/\/emeraldhoianriverside.com\/vi\/facilities-services\/\"},{\"@type\":\"ListItem\",\"position\":3,\"name\":\"Di chuy\u1ec3n\"}]},{\"@type\":\"WebSite\",\"@id\":\"https:\/\/emeraldhoianriverside.com\/vi\/#website\",\"url\":\"https:\/\/emeraldhoianriverside.com\/vi\/\",\"name\":\"Emerald Hoi An Riverside Resort\",\"description\":\"\",\"potentialAction\":[{\"@type\":\"SearchAction\",\"target\":{\"@type\":\"EntryPoint\",\"urlTemplate\":\"https:\/\/emeraldhoianriverside.com\/vi\/?s={search_term_string}\"},\"query-input\":\"required name=search_term_string\"}],\"inLanguage\":\"vi-VN\"}]}<\/script>\n<!-- \/ Yoast SEO plugin. -->","yoast_head_json":{"title":"Di chuy\u1ec3n - Emerald Hoi An Riverside Resort","robots":{"index":"index","follow":"follow","max-snippet":"max-snippet:-1","max-image-preview":"max-image-preview:large","max-video-preview":"max-video-preview:-1"},"canonical":"https:\/\/emeraldhoianriverside.com\/vi\/facilities-services\/transportation\/","og_locale":"vi_VN","og_type":"article","og_title":"Di chuy\u1ec3n - Emerald Hoi An Riverside Resort","og_description":"D\u1ecbch v\u1ee5 di chuy\u1ec3n \u0111\u01b0\u1ee3c thi\u1ebft k\u1ebf linh ho\u1ea1t, gi\u00fap b\u1ea1n d\u1ec5 d\u00e0ng di chuy\u1ec3n gi\u1eefa khu ngh\u1ec9 d\u01b0\u1ee1ng v\u00e0 c\u00e1c \u0111i\u1ec3m tham quan xung quanh. V\u1edbi nhi\u1ec1u l\u1ef1a ch\u1ecdn ph\u00f9 h\u1ee3p cho t\u1eebng nhu c\u1ea7u, vi\u1ec7c \u0111i l\u1ea1i tr\u1edf n\u00ean thu\u1eadn ti\u1ec7n v\u00e0 tho\u1ea3i m\u00e1i h\u01a1n trong su\u1ed1t k\u1ef3 ngh\u1ec9. Li\u00ean h\u1ec7 L\u1ec5 T\u00e2n [&hellip;]","og_url":"https:\/\/emeraldhoianriverside.com\/vi\/facilities-services\/transportation\/","og_site_name":"Emerald Hoi An Riverside Resort","article_modified_time":"2026-04-19T13:56:46+00:00","twitter_card":"summary_large_image","twitter_misc":{"Est. reading time":"1 minute"},"schema":{"@context":"https:\/\/schema.org","@graph":[{"@type":"WebPage","@id":"https:\/\/emeraldhoianriverside.com\/vi\/facilities-services\/transportation\/","url":"https:\/\/emeraldhoianriverside.com\/vi\/facilities-services\/transportation\/","name":"Di chuy\u1ec3n - Emerald Hoi An Riverside Resort","isPartOf":{"@id":"https:\/\/emeraldhoianriverside.com\/vi\/#website"},"datePublished":"2026-02-20T09:31:25+00:00","dateModified":"2026-04-19T13:56:46+00:00","breadcrumb":{"@id":"https:\/\/emeraldhoianriverside.com\/vi\/facilities-services\/transportation\/#breadcrumb"},"inLanguage":"vi-VN","potentialAction":[{"@type":"ReadAction","target":["https:\/\/emeraldhoianriverside.com\/vi\/facilities-services\/transportation\/"]}]},{"@type":"BreadcrumbList","@id":"https:\/\/emeraldhoianriverside.com\/vi\/facilities-services\/transportation\/#breadcrumb","itemListElement":[{"@type":"ListItem","position":1,"name":"Home","item":"https:\/\/emeraldhoianriverside.com\/vi\/"},{"@type":"ListItem","position":2,"name":"Ti\u1ec7n \u00edch v\u00e0 D\u1ecbch v\u1ee5","item":"https:\/\/emeraldhoianriverside.com\/vi\/facilities-services\/"},{"@type":"ListItem","position":3,"name":"Di chuy\u1ec3n"}]},{"@type":"WebSite","@id":"https:\/\/emeraldhoianriverside.com\/vi\/#website","url":"https:\/\/emeraldhoianriverside.com\/vi\/","name":"Emerald Hoi An Riverside Resort","description":"","potentialAction":[{"@type":"SearchAction","target":{"@type":"EntryPoint","urlTemplate":"https:\/\/emeraldhoianriverside.com\/vi\/?s={search_term_string}"},"query-input":"required name=search_term_string"}],"inLanguage":"vi-VN"}]}},"acf":[],"_links":{"self":[{"href":"https:\/\/emeraldhoianriverside.com\/vi\/wp-json\/wp\/v2\/pages\/118"}],"collection":[{"href":"https:\/\/emeraldhoianriverside.com\/vi\/wp-json\/wp\/v2\/pages"}],"about":[{"href":"https:\/\/emeraldhoianriverside.com\/vi\/wp-json\/wp\/v2\/types\/page"}],"author":[{"embeddable":true,"href":"https:\/\/emeraldhoianriverside.com\/vi\/wp-json\/wp\/v2\/users\/90"}],"replies":[{"embeddable":true,"href":"https:\/\/emeraldhoianriverside.com\/vi\/wp-json\/wp\/v2\/comments?post=118"}],"version-history":[{"count":0,"href":"https:\/\/emeraldhoianriverside.com\/vi\/wp-json\/wp\/v2\/pages\/118\/revisions"}],"up":[{"embeddable":true,"href":"https:\/\/emeraldhoianriverside.com\/vi\/wp-json\/wp\/v2\/pages\/91"}],"wp:attachment":[{"href":"https:\/\/emeraldhoianriverside.com\/vi\/wp-json\/wp\/v2\/media?parent=118"}],"curies":[{"name":"wp","href":"https:\/\/api.w.org\/{rel}","templated":true}]}}