{"id":115,"date":"2026-02-20T17:29:09","date_gmt":"2026-02-20T09:29:09","guid":{"rendered":"https:\/\/emeraldhoianriverside.ms2.decms.asia\/?page_id=115"},"modified":"2026-02-20T17:29:46","modified_gmt":"2026-02-20T09:29:46","slug":"cooking-class","status":"publish","type":"page","link":"https:\/\/emeraldhoianriverside.com\/vi\/facilities-services\/cooking-class\/","title":{"rendered":"L\u1edbp d\u1ea1y n\u1ea5u \u0103n"},"content":{"rendered":"<p>\u0110\u01b0\u1ee3c thi\u1ebft k\u1ebf nh\u1eb1m t\u00e1i hi\u1ec7n cu\u1ed9c s\u1ed1ng d\u00e2n d\u00e3 \u0111\u1ecba ph\u01b0\u01a1ng, c\u00e1c l\u1edbp n\u1ea5u \u0103n theo t\u1eebng b\u01b0\u1edbc t\u1eeb \u0111i ch\u1ee3 cho \u0111\u1ebfn ch\u1ebf bi\u1ebfn c\u00e1c m\u00f3n \u0103n l\u00e0m n\u00ean t\u00ean tu\u1ed5i c\u1ee7a \u1ea9m th\u1ef1c Vi\u1ec7t Nam s\u1ebd l\u00e0 m\u1ed9t tr\u1ea3i nghi\u1ec7m \u0111\u00e1ng nh\u1edb.<\/p>\n<p><strong>Y\u00eau c\u1ea7u \u0111\u1eb7t tr\u01b0\u1edbc \u0111\u1ec3 s\u1eed d\u1ee5ng d\u1ecbch v\u1ee5<\/strong><\/p>\n","protected":false},"excerpt":{"rendered":"<p>\u0110\u01b0\u1ee3c thi\u1ebft k\u1ebf nh\u1eb1m t\u00e1i hi\u1ec7n cu\u1ed9c s\u1ed1ng d\u00e2n d\u00e3 \u0111\u1ecba ph\u01b0\u01a1ng, c\u00e1c l\u1edbp n\u1ea5u \u0103n theo t\u1eebng b\u01b0\u1edbc t\u1eeb \u0111i ch\u1ee3 cho \u0111\u1ebfn ch\u1ebf bi\u1ebfn c\u00e1c m\u00f3n \u0103n l\u00e0m n\u00ean t\u00ean tu\u1ed5i c\u1ee7a \u1ea9m th\u1ef1c Vi\u1ec7t Nam s\u1ebd l\u00e0 m\u1ed9t tr\u1ea3i nghi\u1ec7m \u0111\u00e1ng nh\u1edb. Y\u00eau c\u1ea7u \u0111\u1eb7t tr\u01b0\u1edbc \u0111\u1ec3 s\u1eed d\u1ee5ng d\u1ecbch v\u1ee5<\/p>\n","protected":false},"author":90,"featured_media":0,"parent":91,"menu_order":3,"comment_status":"closed","ping_status":"closed","template":"template-single-service.php","meta":{"footnotes":""},"yoast_head":"<!-- This site is optimized with the Yoast SEO plugin v22.3 - https:\/\/yoast.com\/wordpress\/plugins\/seo\/ -->\n<title>L\u1edbp d\u1ea1y n\u1ea5u \u0103n - Emerald Hoi An Riverside Resort<\/title>\n<meta name=\"robots\" content=\"index, follow, max-snippet:-1, max-image-preview:large, max-video-preview:-1\" \/>\n<link rel=\"canonical\" href=\"https:\/\/emeraldhoianriverside.com\/vi\/facilities-services\/cooking-class\/\" \/>\n<meta property=\"og:locale\" content=\"vi_VN\" \/>\n<meta property=\"og:type\" content=\"article\" \/>\n<meta property=\"og:title\" content=\"L\u1edbp d\u1ea1y n\u1ea5u \u0103n - Emerald Hoi An Riverside Resort\" \/>\n<meta property=\"og:description\" content=\"\u0110\u01b0\u1ee3c thi\u1ebft k\u1ebf nh\u1eb1m t\u00e1i hi\u1ec7n cu\u1ed9c s\u1ed1ng d\u00e2n d\u00e3 \u0111\u1ecba ph\u01b0\u01a1ng, c\u00e1c l\u1edbp n\u1ea5u \u0103n theo t\u1eebng b\u01b0\u1edbc t\u1eeb \u0111i ch\u1ee3 cho \u0111\u1ebfn ch\u1ebf bi\u1ebfn c\u00e1c m\u00f3n \u0103n l\u00e0m n\u00ean t\u00ean tu\u1ed5i c\u1ee7a \u1ea9m th\u1ef1c Vi\u1ec7t Nam s\u1ebd l\u00e0 m\u1ed9t tr\u1ea3i nghi\u1ec7m \u0111\u00e1ng nh\u1edb. Y\u00eau c\u1ea7u \u0111\u1eb7t tr\u01b0\u1edbc \u0111\u1ec3 s\u1eed d\u1ee5ng d\u1ecbch v\u1ee5\" \/>\n<meta property=\"og:url\" content=\"https:\/\/emeraldhoianriverside.com\/vi\/facilities-services\/cooking-class\/\" \/>\n<meta property=\"og:site_name\" content=\"Emerald Hoi An Riverside Resort\" \/>\n<meta property=\"article:modified_time\" content=\"2026-02-20T09:29:46+00:00\" \/>\n<meta name=\"twitter:card\" content=\"summary_large_image\" \/>\n<meta name=\"twitter:label1\" content=\"Est. reading time\" \/>\n\t<meta name=\"twitter:data1\" content=\"1 minute\" \/>\n<script type=\"application\/ld+json\" class=\"yoast-schema-graph\">{\"@context\":\"https:\/\/schema.org\",\"@graph\":[{\"@type\":\"WebPage\",\"@id\":\"https:\/\/emeraldhoianriverside.com\/vi\/facilities-services\/cooking-class\/\",\"url\":\"https:\/\/emeraldhoianriverside.com\/vi\/facilities-services\/cooking-class\/\",\"name\":\"L\u1edbp d\u1ea1y n\u1ea5u \u0103n - Emerald Hoi An Riverside Resort\",\"isPartOf\":{\"@id\":\"https:\/\/emeraldhoianriverside.com\/vi\/#website\"},\"datePublished\":\"2026-02-20T09:29:09+00:00\",\"dateModified\":\"2026-02-20T09:29:46+00:00\",\"breadcrumb\":{\"@id\":\"https:\/\/emeraldhoianriverside.com\/vi\/facilities-services\/cooking-class\/#breadcrumb\"},\"inLanguage\":\"vi-VN\",\"potentialAction\":[{\"@type\":\"ReadAction\",\"target\":[\"https:\/\/emeraldhoianriverside.com\/vi\/facilities-services\/cooking-class\/\"]}]},{\"@type\":\"BreadcrumbList\",\"@id\":\"https:\/\/emeraldhoianriverside.com\/vi\/facilities-services\/cooking-class\/#breadcrumb\",\"itemListElement\":[{\"@type\":\"ListItem\",\"position\":1,\"name\":\"Home\",\"item\":\"https:\/\/emeraldhoianriverside.com\/vi\/\"},{\"@type\":\"ListItem\",\"position\":2,\"name\":\"Ti\u1ec7n \u00edch v\u00e0 D\u1ecbch v\u1ee5\",\"item\":\"https:\/\/emeraldhoianriverside.com\/vi\/facilities-services\/\"},{\"@type\":\"ListItem\",\"position\":3,\"name\":\"L\u1edbp d\u1ea1y n\u1ea5u \u0103n\"}]},{\"@type\":\"WebSite\",\"@id\":\"https:\/\/emeraldhoianriverside.com\/vi\/#website\",\"url\":\"https:\/\/emeraldhoianriverside.com\/vi\/\",\"name\":\"Emerald Hoi An Riverside Resort\",\"description\":\"\",\"potentialAction\":[{\"@type\":\"SearchAction\",\"target\":{\"@type\":\"EntryPoint\",\"urlTemplate\":\"https:\/\/emeraldhoianriverside.com\/vi\/?s={search_term_string}\"},\"query-input\":\"required name=search_term_string\"}],\"inLanguage\":\"vi-VN\"}]}<\/script>\n<!-- \/ Yoast SEO plugin. -->","yoast_head_json":{"title":"L\u1edbp d\u1ea1y n\u1ea5u \u0103n - Emerald Hoi An Riverside Resort","robots":{"index":"index","follow":"follow","max-snippet":"max-snippet:-1","max-image-preview":"max-image-preview:large","max-video-preview":"max-video-preview:-1"},"canonical":"https:\/\/emeraldhoianriverside.com\/vi\/facilities-services\/cooking-class\/","og_locale":"vi_VN","og_type":"article","og_title":"L\u1edbp d\u1ea1y n\u1ea5u \u0103n - Emerald Hoi An Riverside Resort","og_description":"\u0110\u01b0\u1ee3c thi\u1ebft k\u1ebf nh\u1eb1m t\u00e1i hi\u1ec7n cu\u1ed9c s\u1ed1ng d\u00e2n d\u00e3 \u0111\u1ecba ph\u01b0\u01a1ng, c\u00e1c l\u1edbp n\u1ea5u \u0103n theo t\u1eebng b\u01b0\u1edbc t\u1eeb \u0111i ch\u1ee3 cho \u0111\u1ebfn ch\u1ebf bi\u1ebfn c\u00e1c m\u00f3n \u0103n l\u00e0m n\u00ean t\u00ean tu\u1ed5i c\u1ee7a \u1ea9m th\u1ef1c Vi\u1ec7t Nam s\u1ebd l\u00e0 m\u1ed9t tr\u1ea3i nghi\u1ec7m \u0111\u00e1ng nh\u1edb. Y\u00eau c\u1ea7u \u0111\u1eb7t tr\u01b0\u1edbc \u0111\u1ec3 s\u1eed d\u1ee5ng d\u1ecbch v\u1ee5","og_url":"https:\/\/emeraldhoianriverside.com\/vi\/facilities-services\/cooking-class\/","og_site_name":"Emerald Hoi An Riverside Resort","article_modified_time":"2026-02-20T09:29:46+00:00","twitter_card":"summary_large_image","twitter_misc":{"Est. reading time":"1 minute"},"schema":{"@context":"https:\/\/schema.org","@graph":[{"@type":"WebPage","@id":"https:\/\/emeraldhoianriverside.com\/vi\/facilities-services\/cooking-class\/","url":"https:\/\/emeraldhoianriverside.com\/vi\/facilities-services\/cooking-class\/","name":"L\u1edbp d\u1ea1y n\u1ea5u \u0103n - Emerald Hoi An Riverside Resort","isPartOf":{"@id":"https:\/\/emeraldhoianriverside.com\/vi\/#website"},"datePublished":"2026-02-20T09:29:09+00:00","dateModified":"2026-02-20T09:29:46+00:00","breadcrumb":{"@id":"https:\/\/emeraldhoianriverside.com\/vi\/facilities-services\/cooking-class\/#breadcrumb"},"inLanguage":"vi-VN","potentialAction":[{"@type":"ReadAction","target":["https:\/\/emeraldhoianriverside.com\/vi\/facilities-services\/cooking-class\/"]}]},{"@type":"BreadcrumbList","@id":"https:\/\/emeraldhoianriverside.com\/vi\/facilities-services\/cooking-class\/#breadcrumb","itemListElement":[{"@type":"ListItem","position":1,"name":"Home","item":"https:\/\/emeraldhoianriverside.com\/vi\/"},{"@type":"ListItem","position":2,"name":"Ti\u1ec7n \u00edch v\u00e0 D\u1ecbch v\u1ee5","item":"https:\/\/emeraldhoianriverside.com\/vi\/facilities-services\/"},{"@type":"ListItem","position":3,"name":"L\u1edbp d\u1ea1y n\u1ea5u \u0103n"}]},{"@type":"WebSite","@id":"https:\/\/emeraldhoianriverside.com\/vi\/#website","url":"https:\/\/emeraldhoianriverside.com\/vi\/","name":"Emerald Hoi An Riverside Resort","description":"","potentialAction":[{"@type":"SearchAction","target":{"@type":"EntryPoint","urlTemplate":"https:\/\/emeraldhoianriverside.com\/vi\/?s={search_term_string}"},"query-input":"required name=search_term_string"}],"inLanguage":"vi-VN"}]}},"acf":[],"_links":{"self":[{"href":"https:\/\/emeraldhoianriverside.com\/vi\/wp-json\/wp\/v2\/pages\/115"}],"collection":[{"href":"https:\/\/emeraldhoianriverside.com\/vi\/wp-json\/wp\/v2\/pages"}],"about":[{"href":"https:\/\/emeraldhoianriverside.com\/vi\/wp-json\/wp\/v2\/types\/page"}],"author":[{"embeddable":true,"href":"https:\/\/emeraldhoianriverside.com\/vi\/wp-json\/wp\/v2\/users\/90"}],"replies":[{"embeddable":true,"href":"https:\/\/emeraldhoianriverside.com\/vi\/wp-json\/wp\/v2\/comments?post=115"}],"version-history":[{"count":0,"href":"https:\/\/emeraldhoianriverside.com\/vi\/wp-json\/wp\/v2\/pages\/115\/revisions"}],"up":[{"embeddable":true,"href":"https:\/\/emeraldhoianriverside.com\/vi\/wp-json\/wp\/v2\/pages\/91"}],"wp:attachment":[{"href":"https:\/\/emeraldhoianriverside.com\/vi\/wp-json\/wp\/v2\/media?parent=115"}],"curies":[{"name":"wp","href":"https:\/\/api.w.org\/{rel}","templated":true}]}}