{"id":104,"date":"2026-02-20T17:22:57","date_gmt":"2026-02-20T09:22:57","guid":{"rendered":"https:\/\/emeraldhoianriverside.ms2.decms.asia\/facilities-services\/swimming-pool\/"},"modified":"2026-02-20T17:23:49","modified_gmt":"2026-02-20T09:23:49","slug":"swimming-pool","status":"publish","type":"page","link":"https:\/\/emeraldhoianriverside.com\/vi\/facilities-services\/swimming-pool\/","title":{"rendered":"H\u1ed3 B\u01a1i"},"content":{"rendered":"<p>D\u00e0nh th\u1eddi gian b\u00ean h\u1ed3 b\u01a1i, t\u1eadn h\u01b0\u1edfng \u00e1nh n\u1eafng t\u01b0\u01a1i s\u00e1ng hay \u0111\u01a1n gi\u1ea3n l\u00e0 c\u1eafp theo m\u00ecnh m\u1ed9t quy\u1ec3n s\u00e1ch \u0111\u1ed3ng h\u00e0nh. N\u1eb1m t\u1ea1i trung t\u00e2m c\u1ee7a \u1ed1c \u0111\u1ea3o xanh m\u00e1t bao quanh b\u1edfi h\u00e0ng c\u00e2y \u0111\u01b0\u1ee3c ch\u0103m s\u00f3c t\u1ec9 m\u1ea9n, t\u1ea5t c\u1ea3 cho c\u1ea3m gi\u00e1c t\u01b0\u01a1i m\u00e1t v\u00e0 s\u1ed1ng \u0111\u1ed9ng nh\u00ecn v\u1ec1 s\u00f4ng Thu B\u1ed3n.<\/p>\n<p><strong>V\u1ecb tr\u00ed:<\/strong> T\u1ea7ng Tr\u1ec7t<br \/>\n<strong>Gi\u1edd ho\u1ea1t \u0111\u1ed9ng:<\/strong> 7:00 \u2013 21:00<\/p>\n","protected":false},"excerpt":{"rendered":"<p>D\u00e0nh th\u1eddi gian b\u00ean h\u1ed3 b\u01a1i, t\u1eadn h\u01b0\u1edfng \u00e1nh n\u1eafng t\u01b0\u01a1i s\u00e1ng hay \u0111\u01a1n gi\u1ea3n l\u00e0 c\u1eafp theo m\u00ecnh m\u1ed9t quy\u1ec3n s\u00e1ch \u0111\u1ed3ng h\u00e0nh. N\u1eb1m t\u1ea1i trung t\u00e2m c\u1ee7a \u1ed1c \u0111\u1ea3o xanh m\u00e1t bao quanh b\u1edfi h\u00e0ng c\u00e2y \u0111\u01b0\u1ee3c ch\u0103m s\u00f3c t\u1ec9 m\u1ea9n, t\u1ea5t c\u1ea3 cho c\u1ea3m gi\u00e1c t\u01b0\u01a1i m\u00e1t v\u00e0 s\u1ed1ng \u0111\u1ed9ng nh\u00ecn v\u1ec1 [&hellip;]<\/p>\n","protected":false},"author":90,"featured_media":0,"parent":91,"menu_order":0,"comment_status":"closed","ping_status":"closed","template":"template-single-service.php","meta":{"footnotes":""},"yoast_head":"<!-- This site is optimized with the Yoast SEO plugin v22.3 - https:\/\/yoast.com\/wordpress\/plugins\/seo\/ -->\n<title>H\u1ed3 B\u01a1i - Emerald Hoi An Riverside Resort<\/title>\n<meta name=\"robots\" content=\"index, follow, max-snippet:-1, max-image-preview:large, max-video-preview:-1\" \/>\n<link rel=\"canonical\" href=\"https:\/\/emeraldhoianriverside.com\/vi\/facilities-services\/swimming-pool\/\" \/>\n<meta property=\"og:locale\" content=\"vi_VN\" \/>\n<meta property=\"og:type\" content=\"article\" \/>\n<meta property=\"og:title\" content=\"H\u1ed3 B\u01a1i - Emerald Hoi An Riverside Resort\" \/>\n<meta property=\"og:description\" content=\"D\u00e0nh th\u1eddi gian b\u00ean h\u1ed3 b\u01a1i, t\u1eadn h\u01b0\u1edfng \u00e1nh n\u1eafng t\u01b0\u01a1i s\u00e1ng hay \u0111\u01a1n gi\u1ea3n l\u00e0 c\u1eafp theo m\u00ecnh m\u1ed9t quy\u1ec3n s\u00e1ch \u0111\u1ed3ng h\u00e0nh. N\u1eb1m t\u1ea1i trung t\u00e2m c\u1ee7a \u1ed1c \u0111\u1ea3o xanh m\u00e1t bao quanh b\u1edfi h\u00e0ng c\u00e2y \u0111\u01b0\u1ee3c ch\u0103m s\u00f3c t\u1ec9 m\u1ea9n, t\u1ea5t c\u1ea3 cho c\u1ea3m gi\u00e1c t\u01b0\u01a1i m\u00e1t v\u00e0 s\u1ed1ng \u0111\u1ed9ng nh\u00ecn v\u1ec1 [&hellip;]\" \/>\n<meta property=\"og:url\" content=\"https:\/\/emeraldhoianriverside.com\/vi\/facilities-services\/swimming-pool\/\" \/>\n<meta property=\"og:site_name\" content=\"Emerald Hoi An Riverside Resort\" \/>\n<meta property=\"article:modified_time\" content=\"2026-02-20T09:23:49+00:00\" \/>\n<meta name=\"twitter:card\" content=\"summary_large_image\" \/>\n<meta name=\"twitter:label1\" content=\"Est. reading time\" \/>\n\t<meta name=\"twitter:data1\" content=\"1 minute\" \/>\n<script type=\"application\/ld+json\" class=\"yoast-schema-graph\">{\"@context\":\"https:\/\/schema.org\",\"@graph\":[{\"@type\":\"WebPage\",\"@id\":\"https:\/\/emeraldhoianriverside.com\/vi\/facilities-services\/swimming-pool\/\",\"url\":\"https:\/\/emeraldhoianriverside.com\/vi\/facilities-services\/swimming-pool\/\",\"name\":\"H\u1ed3 B\u01a1i - Emerald Hoi An Riverside Resort\",\"isPartOf\":{\"@id\":\"https:\/\/emeraldhoianriverside.com\/vi\/#website\"},\"datePublished\":\"2026-02-20T09:22:57+00:00\",\"dateModified\":\"2026-02-20T09:23:49+00:00\",\"breadcrumb\":{\"@id\":\"https:\/\/emeraldhoianriverside.com\/vi\/facilities-services\/swimming-pool\/#breadcrumb\"},\"inLanguage\":\"vi-VN\",\"potentialAction\":[{\"@type\":\"ReadAction\",\"target\":[\"https:\/\/emeraldhoianriverside.com\/vi\/facilities-services\/swimming-pool\/\"]}]},{\"@type\":\"BreadcrumbList\",\"@id\":\"https:\/\/emeraldhoianriverside.com\/vi\/facilities-services\/swimming-pool\/#breadcrumb\",\"itemListElement\":[{\"@type\":\"ListItem\",\"position\":1,\"name\":\"Home\",\"item\":\"https:\/\/emeraldhoianriverside.com\/vi\/\"},{\"@type\":\"ListItem\",\"position\":2,\"name\":\"Ti\u1ec7n \u00edch v\u00e0 D\u1ecbch v\u1ee5\",\"item\":\"https:\/\/emeraldhoianriverside.com\/vi\/facilities-services\/\"},{\"@type\":\"ListItem\",\"position\":3,\"name\":\"H\u1ed3 B\u01a1i\"}]},{\"@type\":\"WebSite\",\"@id\":\"https:\/\/emeraldhoianriverside.com\/vi\/#website\",\"url\":\"https:\/\/emeraldhoianriverside.com\/vi\/\",\"name\":\"Emerald Hoi An Riverside Resort\",\"description\":\"\",\"potentialAction\":[{\"@type\":\"SearchAction\",\"target\":{\"@type\":\"EntryPoint\",\"urlTemplate\":\"https:\/\/emeraldhoianriverside.com\/vi\/?s={search_term_string}\"},\"query-input\":\"required name=search_term_string\"}],\"inLanguage\":\"vi-VN\"}]}<\/script>\n<!-- \/ Yoast SEO plugin. -->","yoast_head_json":{"title":"H\u1ed3 B\u01a1i - Emerald Hoi An Riverside Resort","robots":{"index":"index","follow":"follow","max-snippet":"max-snippet:-1","max-image-preview":"max-image-preview:large","max-video-preview":"max-video-preview:-1"},"canonical":"https:\/\/emeraldhoianriverside.com\/vi\/facilities-services\/swimming-pool\/","og_locale":"vi_VN","og_type":"article","og_title":"H\u1ed3 B\u01a1i - Emerald Hoi An Riverside Resort","og_description":"D\u00e0nh th\u1eddi gian b\u00ean h\u1ed3 b\u01a1i, t\u1eadn h\u01b0\u1edfng \u00e1nh n\u1eafng t\u01b0\u01a1i s\u00e1ng hay \u0111\u01a1n gi\u1ea3n l\u00e0 c\u1eafp theo m\u00ecnh m\u1ed9t quy\u1ec3n s\u00e1ch \u0111\u1ed3ng h\u00e0nh. N\u1eb1m t\u1ea1i trung t\u00e2m c\u1ee7a \u1ed1c \u0111\u1ea3o xanh m\u00e1t bao quanh b\u1edfi h\u00e0ng c\u00e2y \u0111\u01b0\u1ee3c ch\u0103m s\u00f3c t\u1ec9 m\u1ea9n, t\u1ea5t c\u1ea3 cho c\u1ea3m gi\u00e1c t\u01b0\u01a1i m\u00e1t v\u00e0 s\u1ed1ng \u0111\u1ed9ng nh\u00ecn v\u1ec1 [&hellip;]","og_url":"https:\/\/emeraldhoianriverside.com\/vi\/facilities-services\/swimming-pool\/","og_site_name":"Emerald Hoi An Riverside Resort","article_modified_time":"2026-02-20T09:23:49+00:00","twitter_card":"summary_large_image","twitter_misc":{"Est. reading time":"1 minute"},"schema":{"@context":"https:\/\/schema.org","@graph":[{"@type":"WebPage","@id":"https:\/\/emeraldhoianriverside.com\/vi\/facilities-services\/swimming-pool\/","url":"https:\/\/emeraldhoianriverside.com\/vi\/facilities-services\/swimming-pool\/","name":"H\u1ed3 B\u01a1i - Emerald Hoi An Riverside Resort","isPartOf":{"@id":"https:\/\/emeraldhoianriverside.com\/vi\/#website"},"datePublished":"2026-02-20T09:22:57+00:00","dateModified":"2026-02-20T09:23:49+00:00","breadcrumb":{"@id":"https:\/\/emeraldhoianriverside.com\/vi\/facilities-services\/swimming-pool\/#breadcrumb"},"inLanguage":"vi-VN","potentialAction":[{"@type":"ReadAction","target":["https:\/\/emeraldhoianriverside.com\/vi\/facilities-services\/swimming-pool\/"]}]},{"@type":"BreadcrumbList","@id":"https:\/\/emeraldhoianriverside.com\/vi\/facilities-services\/swimming-pool\/#breadcrumb","itemListElement":[{"@type":"ListItem","position":1,"name":"Home","item":"https:\/\/emeraldhoianriverside.com\/vi\/"},{"@type":"ListItem","position":2,"name":"Ti\u1ec7n \u00edch v\u00e0 D\u1ecbch v\u1ee5","item":"https:\/\/emeraldhoianriverside.com\/vi\/facilities-services\/"},{"@type":"ListItem","position":3,"name":"H\u1ed3 B\u01a1i"}]},{"@type":"WebSite","@id":"https:\/\/emeraldhoianriverside.com\/vi\/#website","url":"https:\/\/emeraldhoianriverside.com\/vi\/","name":"Emerald Hoi An Riverside Resort","description":"","potentialAction":[{"@type":"SearchAction","target":{"@type":"EntryPoint","urlTemplate":"https:\/\/emeraldhoianriverside.com\/vi\/?s={search_term_string}"},"query-input":"required name=search_term_string"}],"inLanguage":"vi-VN"}]}},"acf":[],"_links":{"self":[{"href":"https:\/\/emeraldhoianriverside.com\/vi\/wp-json\/wp\/v2\/pages\/104"}],"collection":[{"href":"https:\/\/emeraldhoianriverside.com\/vi\/wp-json\/wp\/v2\/pages"}],"about":[{"href":"https:\/\/emeraldhoianriverside.com\/vi\/wp-json\/wp\/v2\/types\/page"}],"author":[{"embeddable":true,"href":"https:\/\/emeraldhoianriverside.com\/vi\/wp-json\/wp\/v2\/users\/90"}],"replies":[{"embeddable":true,"href":"https:\/\/emeraldhoianriverside.com\/vi\/wp-json\/wp\/v2\/comments?post=104"}],"version-history":[{"count":0,"href":"https:\/\/emeraldhoianriverside.com\/vi\/wp-json\/wp\/v2\/pages\/104\/revisions"}],"up":[{"embeddable":true,"href":"https:\/\/emeraldhoianriverside.com\/vi\/wp-json\/wp\/v2\/pages\/91"}],"wp:attachment":[{"href":"https:\/\/emeraldhoianriverside.com\/vi\/wp-json\/wp\/v2\/media?parent=104"}],"curies":[{"name":"wp","href":"https:\/\/api.w.org\/{rel}","templated":true}]}}